{"id":257317,"date":"2023-10-05T10:39:17","date_gmt":"2023-10-05T09:39:17","guid":{"rendered":"https:\/\/www.moskito.cz\/?post_type=product&#038;p=257317"},"modified":"2025-06-28T20:33:40","modified_gmt":"2025-06-28T19:33:40","slug":"cold-steel-chinese-two-collar-sea-wave-gim-cs-sw-seagim","status":"publish","type":"product","link":"https:\/\/www.moskito.cz\/fr\/produkt\/cold-steel-chinese-two-collar-sea-wave-gim-cs-sw-seagim\/","title":{"rendered":"Cold Steel CHINESE TWO COLLAR SEA WAVE GIM CS-SW-SEAGIM"},"content":{"rendered":"<p><strong>Cold Steel<\/strong> CHINESE TWO COLLAR SEA WAVE GIM CS-SW-SEAGIM<\/p>\n<p>Toto je tradi\u010dn\u00ed \u010d\u00ednsk\u00fd Gim, kter\u00fd je stylizovan\u00fd pro c\u00edsa\u0159sk\u00fd dv\u016fr! Jeho p\u016fsobiv\u00fd a \u00fa\u017easn\u011b kr\u00e1sn\u00fd design jist\u011b zap\u016fsob\u00ed i na toho nejunaven\u00e9ho milovn\u00edka. \u010cepel je vyrobena z u\u0161lechtil\u00e9 dama\u0161kov\u00e9 oceli s v\u00fdrazn\u00fdm a okouzluj\u00edc\u00edm vzorem. Je tepeln\u011b zpracov\u00e1na na tvrdou pru\u017einu, aby odolala \u00fanav\u011b kovu a m\u011bla by se vr\u00e1tit do p\u016fvodn\u00edho stavu, ani\u017e by se oh\u00fdbala nebo l\u00e1mala, dokonce i b\u011bhem n\u00e1tlaku skute\u010dn\u00e9ho boje. Rukoje\u0165 m\u00e1 j\u00e1dro z palisandru a je omotan\u00e1 hedv\u00e1bnou \u0161\u0148\u016frkou. Z\u00e1\u0161tita a hlavice jsou elegantn\u011b zpracov\u00e1ny s tradi\u010dn\u00edm \u010d\u00ednsk\u00fdm dekorativn\u00edm motivem. Slo\u017eit\u00e9, zlat\u00e9 vzory jsou do vysok\u00e9ho kontrastu p\u0159ivedeny aplikac\u00ed \u010dern\u00e9ho smaltu. Pochva je vyrobena z vybran\u00e9ho palisandru a je ozdobn\u011b upravena tak, aby dopl\u0148ovala rukoje\u0165 me\u010de.<\/p>\n<p>Materi\u00e1l \u010depele: Dama\u0161ek<br \/>\nMateri\u00e1l rukojeti: Palisander, Kov<br \/>\nMateri\u00e1l pouzdra: D\u0159evo, Kov<br \/>\nCelkov\u00e1 d\u00e9lka: 94 cm<br \/>\nHmotnost: 953 g<br \/>\nBarva: \u010cern\u00e1, Hn\u011bd\u00e1, zlat\u00e1<\/p>\n","protected":false},"excerpt":{"rendered":"<p><strong>Toto je tradi\u010dn\u00ed \u010d\u00ednsk\u00fd Gim, kter\u00fd je byl navr\u017een pro c\u00edsa\u0159sk\u00fd dv\u016fr.<\/strong><\/p>\n","protected":false},"featured_media":257318,"comment_status":"open","ping_status":"closed","template":"","meta":[],"pwb-brand":[211],"product_brand":[],"product_cat":[24,1942],"product_tag":[3667],"class_list":{"0":"post-257317","1":"product","2":"type-product","3":"status-publish","4":"has-post-thumbnail","6":"pwb-brand-cold-steel","7":"product_cat-katany-a-mece","8":"product_cat-mece-dyky-repliky","9":"product_tag-b2b","11":"first","12":"instock","13":"sale","14":"taxable","15":"shipping-taxable","16":"purchasable","17":"product-type-simple"},"brands":[{"id":211,"name":"Cold Steel","slug":"cold-steel"}],"_links":{"self":[{"href":"https:\/\/www.moskito.cz\/fr\/wp-json\/wp\/v2\/product\/257317","targetHints":{"allow":["GET"]}}],"collection":[{"href":"https:\/\/www.moskito.cz\/fr\/wp-json\/wp\/v2\/product"}],"about":[{"href":"https:\/\/www.moskito.cz\/fr\/wp-json\/wp\/v2\/types\/product"}],"replies":[{"embeddable":true,"href":"https:\/\/www.moskito.cz\/fr\/wp-json\/wp\/v2\/comments?post=257317"}],"wp:featuredmedia":[{"embeddable":true,"href":"https:\/\/www.moskito.cz\/fr\/wp-json\/wp\/v2\/media\/257318"}],"wp:attachment":[{"href":"https:\/\/www.moskito.cz\/fr\/wp-json\/wp\/v2\/media?parent=257317"}],"wp:term":[{"taxonomy":"pwb-brand","embeddable":true,"href":"https:\/\/www.moskito.cz\/fr\/wp-json\/wp\/v2\/pwb-brand?post=257317"},{"taxonomy":"product_brand","embeddable":true,"href":"https:\/\/www.moskito.cz\/fr\/wp-json\/wp\/v2\/product_brand?post=257317"},{"taxonomy":"product_cat","embeddable":true,"href":"https:\/\/www.moskito.cz\/fr\/wp-json\/wp\/v2\/product_cat?post=257317"},{"taxonomy":"product_tag","embeddable":true,"href":"https:\/\/www.moskito.cz\/fr\/wp-json\/wp\/v2\/product_tag?post=257317"}],"curies":[{"name":"wp","href":"https:\/\/api.w.org\/{rel}","templated":true}]}}