{"id":257385,"date":"2023-10-05T14:35:23","date_gmt":"2023-10-05T13:35:23","guid":{"rendered":"https:\/\/www.moskito.cz\/?post_type=product&#038;p=257385"},"modified":"2025-05-07T10:53:21","modified_gmt":"2025-05-07T09:53:21","slug":"cold-steel-competition-cutting-sword-88hs","status":"publish","type":"product","link":"https:\/\/www.moskito.cz\/fr\/produkt\/cold-steel-competition-cutting-sword-88hs\/","title":{"rendered":"Cold Steel Competition Cutting Sword 88HS"},"content":{"rendered":"<p><strong>Cold Steel<\/strong> Competition Cutting Sword 88HS<\/p>\n<p>Zat\u00edmco japonsk\u00e9 sout\u011b\u017ee v st\u0159\u00edh\u00e1n\u00ed me\u010d\u016f byly popul\u00e1rn\u00ed po mnoho desetilet\u00ed, a\u017e doned\u00e1vna byl mal\u00fd nebo \u017e\u00e1dn\u00fd z\u00e1jem o zkoum\u00e1n\u00ed potenci\u00e1lu z\u00e1padn\u00edch me\u010d\u016f. Nyn\u00ed v reakci na toto probuzen\u00ed by ji spole\u010dnost Cold Steel r\u00e1da podpo\u0159ila nab\u00eddkou na\u0161eho vlastn\u00edho sout\u011b\u017en\u00edho \u0159ezn\u00e9ho me\u010de. \u0160iroce vych\u00e1z\u00ed z Arbeda a je ur\u010den pro sout\u011b\u017ee s pou\u017eit\u00edm lana, po\u0161tovn\u00edch trubek, tatami a podobn\u00fdch m\u011bkk\u00fdch c\u00edl\u016f. Tenk\u00e1, \u0161irok\u00e1 \u010depel s dvojit\u00fdm ost\u0159\u00edm je ru\u010dn\u011b kovan\u00e1 z vysoce uhl\u00edkov\u00e9 oceli 1050 s tvrdou pru\u017einou a je dod\u00e1v\u00e1na pln\u011b nabrou\u0161en\u00e1 a le\u0161t\u011bn\u00e1. Pro maxim\u00e1ln\u00ed kontrolu a p\u00e1kov\u00fd efekt p\u0159i pokusech o velk\u00e9 \u0159ezn\u00e9 v\u00fdkony je n\u00e1\u0161 sout\u011b\u017en\u00ed \u0159ezac\u00ed me\u010d dod\u00e1v\u00e1n s masivn\u00ed d\u0159ev\u011bnou rukojet\u00ed pota\u017eenou k\u016f\u017e\u00ed, kter\u00e1 pojme jednu nebo ob\u011b ruce. K ochran\u011b va\u0161ich prst\u016f a odra\u017een\u00ed protilehl\u00fdch \u010depel\u00ed je k dispozici jednoduch\u00fd, ale \u00fa\u010dinn\u00fd dvojit\u00fd chr\u00e1ni\u010d z quillonov\u00e9 oceli. Aby pomohl vyv\u00e1\u017eit jeho \u0161irokou \u010depel, je dod\u00e1v\u00e1n s atraktivn\u00ed roz\u0161\u00ed\u0159enou ocelovou hlavic\u00ed ve tvaru koso\u010dtverce a je zapouzd\u0159en v siln\u00e9 a robustn\u00ed \u010dern\u00e9 ko\u017een\u00e9 pochv\u011b s odpov\u00eddaj\u00edc\u00edm ocelov\u00fdm hrdlem a lemem.<\/p>\n<p>Barva: \u010cern\u00e1\/St\u0159\u00edbrn\u00e1<br \/>\nHmotnost: 1440 g<br \/>\nTlou\u0161\u0165ka \u010depele: 0.36 cm<br \/>\nCelkov\u00e1 velikost: 108.6 cm<br \/>\nD\u00e9lka rukojeti: 31.1 cm<br \/>\nD\u00e9lka \u010depele: 77.5 cm<br \/>\nOcel: 1055 Carbon Steel<\/p>\n<p>&nbsp;<\/p>\n","protected":false},"excerpt":{"rendered":"<p><strong>Tento me\u010d je ur\u010den\u00fd pro siln\u00e9 seky na speci\u00e1ln\u00edch \u0161erm\u00ed\u0159sk\u00fdch kl\u00e1n\u00edch, exhibic\u00edch a sout\u011b\u017e\u00edch.<\/strong><\/p>\n","protected":false},"featured_media":257386,"comment_status":"open","ping_status":"closed","template":"","meta":[],"pwb-brand":[211],"product_brand":[],"product_cat":[24,1942],"product_tag":[3667],"class_list":{"0":"post-257385","1":"product","2":"type-product","3":"status-publish","4":"has-post-thumbnail","6":"pwb-brand-cold-steel","7":"product_cat-katany-a-mece","8":"product_cat-mece-dyky-repliky","9":"product_tag-b2b","11":"first","12":"outofstock","13":"taxable","14":"shipping-taxable","15":"purchasable","16":"product-type-simple"},"brands":[{"id":211,"name":"Cold Steel","slug":"cold-steel"}],"_links":{"self":[{"href":"https:\/\/www.moskito.cz\/fr\/wp-json\/wp\/v2\/product\/257385","targetHints":{"allow":["GET"]}}],"collection":[{"href":"https:\/\/www.moskito.cz\/fr\/wp-json\/wp\/v2\/product"}],"about":[{"href":"https:\/\/www.moskito.cz\/fr\/wp-json\/wp\/v2\/types\/product"}],"replies":[{"embeddable":true,"href":"https:\/\/www.moskito.cz\/fr\/wp-json\/wp\/v2\/comments?post=257385"}],"wp:featuredmedia":[{"embeddable":true,"href":"https:\/\/www.moskito.cz\/fr\/wp-json\/wp\/v2\/media\/257386"}],"wp:attachment":[{"href":"https:\/\/www.moskito.cz\/fr\/wp-json\/wp\/v2\/media?parent=257385"}],"wp:term":[{"taxonomy":"pwb-brand","embeddable":true,"href":"https:\/\/www.moskito.cz\/fr\/wp-json\/wp\/v2\/pwb-brand?post=257385"},{"taxonomy":"product_brand","embeddable":true,"href":"https:\/\/www.moskito.cz\/fr\/wp-json\/wp\/v2\/product_brand?post=257385"},{"taxonomy":"product_cat","embeddable":true,"href":"https:\/\/www.moskito.cz\/fr\/wp-json\/wp\/v2\/product_cat?post=257385"},{"taxonomy":"product_tag","embeddable":true,"href":"https:\/\/www.moskito.cz\/fr\/wp-json\/wp\/v2\/product_tag?post=257385"}],"curies":[{"name":"wp","href":"https:\/\/api.w.org\/{rel}","templated":true}]}}