{"id":257941,"date":"2023-10-12T18:25:46","date_gmt":"2023-10-12T17:25:46","guid":{"rendered":"https:\/\/www.moskito.cz\/?post_type=product&#038;p=257941"},"modified":"2025-05-07T10:53:34","modified_gmt":"2025-05-07T09:53:34","slug":"vystrelovaci-nuz-microtech-ludt-smooth-barbie-pink-135s-1bpk","status":"publish","type":"product","link":"https:\/\/www.moskito.cz\/fr\/produkt\/vystrelovaci-nuz-microtech-ludt-smooth-barbie-pink-135s-1bpk\/","title":{"rendered":"Vyst\u0159elovac\u00ed N\u016f\u017e Microtech LUDT Smooth Barbie Pink 135S-1BPK"},"content":{"rendered":"<p>Vyst\u0159elovac\u00ed N\u016f\u017e <strong>Microtech<\/strong> LUDT Smooth Barbie Pink 135S-1BPK<\/p>\n<p><strong>LUDT<\/strong> je \u200b\u200bvelk\u00e1 verze no\u017ee Underwater Demolition Team. V polovin\u011b 90. let se dostal na trh no\u017e\u016f a rychle se stal jedn\u00edm z nejrychleji prod\u00e1van\u00fdch no\u017e\u016f v historii Microtechu. V pr\u016fb\u011bhu let byl <strong>LUDT<\/strong> tvarov\u00e1n a m\u011bn\u011bn tak, aby vyhovoval neust\u00e1le se m\u011bn\u00edc\u00edmu trhu. <strong>LUDT<\/strong> byl na ur\u010ditou dobu p\u0159eru\u0161en z \u0159ady <strong>Microtech<\/strong>, tak\u017ee jsme pot\u011b\u0161eni, \u017ee se k n\u00e1m dostal.<\/p>\n<p>\u010cepel <strong>LUDT<\/strong> m\u00e1 korunovan\u00fd h\u0159bet, n\u00e1b\u011bh na palec a zes\u00edlenou \u0161pi\u010dku pro maxim\u00e1ln\u00ed \u00fa\u010dinnost pr\u016fniku, ani\u017e by byla ohro\u017eena \u0161pi\u010dka. Rukoje\u0165 je vyrobena z opracovan\u00e9ho leteck\u00e9ho hlin\u00edku pro pevnost a udr\u017een\u00ed n\u00edzk\u00e9 hmotnosti. Tato hladk\u00e1 verze m\u00e1 ploch\u00e9 desky, na rozd\u00edl od v\u0161ech LUDT p\u0159ed n\u00ed. Je ergonomick\u00e1, bleskurychl\u00e1 a prost\u011b \u00fa\u017easn\u00e1 v\u0161estrann\u00e1 \u010depel. Tento n\u016f\u017e je opakovan\u011b osv\u011bd\u010den\u00fd a jsme velmi r\u00e1di, \u017ee se k n\u011bmu op\u011bt vrac\u00edme. Obsahuje \u0161\u0148\u016frku na \u0161\u0148\u016frku a \u0161rouby odoln\u00e9 proti neopr\u00e1vn\u011bn\u00e9 manipulaci.<\/p>\n<p>Specifikace<br \/>\nAutomatick\u00e9 otev\u00edr\u00e1n\u00ed &#8211; bo\u010dn\u00ed otv\u00edr\u00e1k<br \/>\nAkce: Automatick\u00fd jedno\u010dinn\u00fd &#8211; uvoln\u011bn\u00ed z\u00e1mku tla\u010d\u00edtka<br \/>\nOcel: M3990<br \/>\nCelkov\u00e1 d\u00e9lka: 20cm<br \/>\nD\u00e9lka \u010depele: 8.5 cm<br \/>\nTlou\u0161\u0165ka \u010depele: 0,33 cm<br \/>\nStyl \u010depele: Drop Point<br \/>\nMateri\u00e1l rukojeti: Hladk\u00fd hlin\u00edk 6061-T6 s Barbie Blasted Pink Cerakote<br \/>\nHmotnost: 3,5 oz.<br \/>\nMateri\u00e1l kapesn\u00ed spony: 301 Stainless<br \/>\nMicro Cord Lanyard<br \/>\nVyrobeno v USA<\/p>\n","protected":false},"excerpt":{"rendered":"<p><strong>V pr\u016fb\u011bhu let\u00a0Microtech\u00ae\u00a0Knives naplnil v\u00e1\u0161n\u00ed a dovednost\u00ed v\u00fdrobu no\u017e\u016f, a\u017e z nich vytvo\u0159il t\u00e9m\u011b\u0159 um\u011bleck\u00e1 d\u00edla,kter\u00e9 jsou vrcholem funk\u010dnosti.V\u0161echny d\u00edly jsou vyrobeny v USA.<\/strong><br \/>\n<strong>Na v\u0161echny no\u017ee Microtech je do\u017eivotn\u00ed z\u00e1ruka ( min. 80 000 cykl\u016f, otev\u0159en\u00ed a zav\u0159en\u00ed)<\/strong><\/p>\n<p><strong>Doprava zdarma.<\/strong><\/p>\n","protected":false},"featured_media":257943,"comment_status":"open","ping_status":"closed","template":"","meta":[],"pwb-brand":[431],"product_brand":[],"product_cat":[2019,17],"product_tag":[3667],"class_list":{"0":"post-257941","1":"product","2":"type-product","3":"status-publish","4":"has-post-thumbnail","6":"pwb-brand-microtech","7":"product_cat-vystrelovaci-noze","8":"product_cat-noze","9":"product_tag-b2b","11":"first","12":"outofstock","13":"taxable","14":"shipping-taxable","15":"purchasable","16":"product-type-simple"},"brands":[{"id":431,"name":"Microtech","slug":"microtech"}],"_links":{"self":[{"href":"https:\/\/www.moskito.cz\/fr\/wp-json\/wp\/v2\/product\/257941","targetHints":{"allow":["GET"]}}],"collection":[{"href":"https:\/\/www.moskito.cz\/fr\/wp-json\/wp\/v2\/product"}],"about":[{"href":"https:\/\/www.moskito.cz\/fr\/wp-json\/wp\/v2\/types\/product"}],"replies":[{"embeddable":true,"href":"https:\/\/www.moskito.cz\/fr\/wp-json\/wp\/v2\/comments?post=257941"}],"wp:featuredmedia":[{"embeddable":true,"href":"https:\/\/www.moskito.cz\/fr\/wp-json\/wp\/v2\/media\/257943"}],"wp:attachment":[{"href":"https:\/\/www.moskito.cz\/fr\/wp-json\/wp\/v2\/media?parent=257941"}],"wp:term":[{"taxonomy":"pwb-brand","embeddable":true,"href":"https:\/\/www.moskito.cz\/fr\/wp-json\/wp\/v2\/pwb-brand?post=257941"},{"taxonomy":"product_brand","embeddable":true,"href":"https:\/\/www.moskito.cz\/fr\/wp-json\/wp\/v2\/product_brand?post=257941"},{"taxonomy":"product_cat","embeddable":true,"href":"https:\/\/www.moskito.cz\/fr\/wp-json\/wp\/v2\/product_cat?post=257941"},{"taxonomy":"product_tag","embeddable":true,"href":"https:\/\/www.moskito.cz\/fr\/wp-json\/wp\/v2\/product_tag?post=257941"}],"curies":[{"name":"wp","href":"https:\/\/api.w.org\/{rel}","templated":true}]}}