{"id":258615,"date":"2023-10-24T15:44:57","date_gmt":"2023-10-24T14:44:57","guid":{"rendered":"https:\/\/www.moskito.cz\/?post_type=product&#038;p=258615"},"modified":"2025-07-07T01:31:41","modified_gmt":"2025-07-07T00:31:41","slug":"vystrelovaci-nuz-akc-world-curved-stiletto-28cm","status":"publish","type":"product","link":"https:\/\/www.moskito.cz\/fr\/produkt\/vystrelovaci-nuz-akc-world-curved-stiletto-28cm\/","title":{"rendered":"Vyst\u0159elovac\u00ed N\u016f\u017e AKC WORLD Curved Stiletto 28cm"},"content":{"rendered":"<p>Vyst\u0159elovac\u00ed N\u016f\u017e <strong>AKC WORLD<\/strong> Curved Stiletto 28cm<\/p>\n<p><strong>AKC WORLD<\/strong> m\u00e1 zcela novou \u0159adu no\u017e\u016f!!<\/p>\n<p>Jedn\u00e1 se o no\u017ee vynikaj\u00edc\u00ed kvality v italsk\u00e9m stylu. V\u0161echny maj\u00ed dobrou akci a jsou dob\u0159e postaven\u00e9.<br \/>\nJsou to skv\u011bl\u00e9 no\u017ee do ka\u017ed\u00e9 sb\u00edrky.<\/p>\n<p>Celkov\u00e1 d\u00e9lka: 28cm<br \/>\nD\u00e9lka \u010depele: 12cm<br \/>\nTlou\u0161\u0165ka \u010depele: 0,25 cm<br \/>\nHmotnost: 160g<br \/>\nMateri\u00e1l \u010depele: Nerezov\u00e1 ocel<br \/>\nMateri\u00e1l rukojeti: Imitace \u00cdvory<\/p>\n<p>&nbsp;<\/p>\n","protected":false},"excerpt":{"rendered":"<p><strong>AKC WORLD m\u00e1 zcela novou \u0159adu no\u017e\u016f!!<\/strong><\/p>\n","protected":false},"featured_media":258619,"comment_status":"open","ping_status":"closed","template":"","meta":[],"pwb-brand":[3245],"product_brand":[],"product_cat":[2019,17],"product_tag":[],"class_list":{"0":"post-258615","1":"product","2":"type-product","3":"status-publish","4":"has-post-thumbnail","6":"pwb-brand-a-g-a-campolin","7":"product_cat-vystrelovaci-noze","8":"product_cat-noze","10":"first","11":"outofstock","12":"taxable","13":"shipping-taxable","14":"purchasable","15":"product-type-simple"},"brands":[{"id":3245,"name":"A.G.A. CAMPOLIN","slug":"a-g-a-campolin"}],"_links":{"self":[{"href":"https:\/\/www.moskito.cz\/fr\/wp-json\/wp\/v2\/product\/258615","targetHints":{"allow":["GET"]}}],"collection":[{"href":"https:\/\/www.moskito.cz\/fr\/wp-json\/wp\/v2\/product"}],"about":[{"href":"https:\/\/www.moskito.cz\/fr\/wp-json\/wp\/v2\/types\/product"}],"replies":[{"embeddable":true,"href":"https:\/\/www.moskito.cz\/fr\/wp-json\/wp\/v2\/comments?post=258615"}],"wp:featuredmedia":[{"embeddable":true,"href":"https:\/\/www.moskito.cz\/fr\/wp-json\/wp\/v2\/media\/258619"}],"wp:attachment":[{"href":"https:\/\/www.moskito.cz\/fr\/wp-json\/wp\/v2\/media?parent=258615"}],"wp:term":[{"taxonomy":"pwb-brand","embeddable":true,"href":"https:\/\/www.moskito.cz\/fr\/wp-json\/wp\/v2\/pwb-brand?post=258615"},{"taxonomy":"product_brand","embeddable":true,"href":"https:\/\/www.moskito.cz\/fr\/wp-json\/wp\/v2\/product_brand?post=258615"},{"taxonomy":"product_cat","embeddable":true,"href":"https:\/\/www.moskito.cz\/fr\/wp-json\/wp\/v2\/product_cat?post=258615"},{"taxonomy":"product_tag","embeddable":true,"href":"https:\/\/www.moskito.cz\/fr\/wp-json\/wp\/v2\/product_tag?post=258615"}],"curies":[{"name":"wp","href":"https:\/\/api.w.org\/{rel}","templated":true}]}}