{"id":258691,"date":"2023-10-26T09:29:06","date_gmt":"2023-10-26T08:29:06","guid":{"rendered":"https:\/\/www.moskito.cz\/?post_type=product&#038;p=258691"},"modified":"2025-06-28T12:01:17","modified_gmt":"2025-06-28T11:01:17","slug":"cold-steel-flower-katana","status":"publish","type":"product","link":"https:\/\/www.moskito.cz\/fr\/produkt\/cold-steel-flower-katana\/","title":{"rendered":"Cold Steel FLOWER KATANA CS-SW-FLWRKTNA"},"content":{"rendered":"<p><strong>Cold Steel<\/strong> FLOWER KATANA CS-SW-FLWRKTNA<\/p>\n<p>P\u0159\u00edroda a p\u0159\u00edrodn\u00ed sv\u011bt byly po mnoho stalet\u00ed zdrojem um\u011bleck\u00e9 inspirace v japonsk\u00e9 kultu\u0159e. Motiv kv\u011btin se \u010dasto pou\u017e\u00edv\u00e1 v japonsk\u00e9m dekorativn\u00edm um\u011bn\u00ed, od chryzant\u00e9m po t\u0159e\u0161\u0148ov\u00e9 kv\u011bty, je to elegantn\u00ed druh zdoben\u00ed a je to vzhled, kter\u00fd v\u017edy pot\u011b\u0161\u00ed oko. Na\u0161e kv\u011btinov\u00e1 katana se vyzna\u010duje stylizovan\u00fdm kv\u011btinov\u00fdm vzorem na st\u0159\u00edbrno\/niklov\u00e9 Tsuba a Kashira. M\u00e1 kov\u00e1\u0159sky skl\u00e1danou \u010depel z uhl\u00edkov\u00e9 oceli 1060 s konvexn\u00edm brou\u0161en\u00edm. Ost\u0159\u00ed \u010depele bylo podrobeno rozd\u00edln\u011b tvrzen\u00e9mu tepeln\u00e9mu zpracov\u00e1n\u00ed, aby vznikl j\u00edlem temperovan\u00fd Hamon charakteristick\u00fdm japonsk\u00fdm zp\u016fsobem. Atraktivn\u00ed rukoje\u0165 z tvrd\u00e9ho d\u0159eva je pevn\u011b obalena \u010dernou hedv\u00e1bnou \u0161\u0148\u016frou a obsahuje tradi\u010dn\u00ed podlo\u017eku Menuki a Sam\u00e9 (Ray Skin). P\u0159ilo\u017een\u00e1 \u010dern\u011b lakovan\u00e1 Saya (pochva) je vyrobena z tvrd\u00e9ho d\u0159eva a je zakon\u010dena tradi\u010dn\u00edm japonsk\u00fdm st\u0159\u00edbrn\u00fdm\/niklov\u00fdm kov\u00e1n\u00edm.<\/p>\n<p>Materi\u00e1l \u010depele: 1060<br \/>\nMateri\u00e1l pouzdra: D\u0159evo<br \/>\nCelkov\u00e1 d\u00e9lka: 102.9 cm<br \/>\nHmotnost: 1134 g<br \/>\nBarva: \u010cern\u00e1<\/p>\n<p>&nbsp;<\/p>\n<p>&nbsp;<\/p>\n<p>&nbsp;<\/p>\n","protected":false},"excerpt":{"rendered":"<p><strong>P\u0159\u00edroda a p\u0159\u00edrodn\u00ed sv\u011bt byly po mnoho stalet\u00ed zdrojem um\u011bleck\u00e9 inspirace v japonsk\u00e9 kultu\u0159e.<\/strong><\/p>\n","protected":false},"featured_media":258692,"comment_status":"open","ping_status":"closed","template":"","meta":[],"pwb-brand":[211],"product_brand":[],"product_cat":[24,1942],"product_tag":[3667],"class_list":{"0":"post-258691","1":"product","2":"type-product","3":"status-publish","4":"has-post-thumbnail","6":"pwb-brand-cold-steel","7":"product_cat-katany-a-mece","8":"product_cat-mece-dyky-repliky","9":"product_tag-b2b","11":"first","12":"instock","13":"sale","14":"taxable","15":"shipping-taxable","16":"purchasable","17":"product-type-simple"},"brands":[{"id":211,"name":"Cold Steel","slug":"cold-steel"}],"_links":{"self":[{"href":"https:\/\/www.moskito.cz\/fr\/wp-json\/wp\/v2\/product\/258691","targetHints":{"allow":["GET"]}}],"collection":[{"href":"https:\/\/www.moskito.cz\/fr\/wp-json\/wp\/v2\/product"}],"about":[{"href":"https:\/\/www.moskito.cz\/fr\/wp-json\/wp\/v2\/types\/product"}],"replies":[{"embeddable":true,"href":"https:\/\/www.moskito.cz\/fr\/wp-json\/wp\/v2\/comments?post=258691"}],"wp:featuredmedia":[{"embeddable":true,"href":"https:\/\/www.moskito.cz\/fr\/wp-json\/wp\/v2\/media\/258692"}],"wp:attachment":[{"href":"https:\/\/www.moskito.cz\/fr\/wp-json\/wp\/v2\/media?parent=258691"}],"wp:term":[{"taxonomy":"pwb-brand","embeddable":true,"href":"https:\/\/www.moskito.cz\/fr\/wp-json\/wp\/v2\/pwb-brand?post=258691"},{"taxonomy":"product_brand","embeddable":true,"href":"https:\/\/www.moskito.cz\/fr\/wp-json\/wp\/v2\/product_brand?post=258691"},{"taxonomy":"product_cat","embeddable":true,"href":"https:\/\/www.moskito.cz\/fr\/wp-json\/wp\/v2\/product_cat?post=258691"},{"taxonomy":"product_tag","embeddable":true,"href":"https:\/\/www.moskito.cz\/fr\/wp-json\/wp\/v2\/product_tag?post=258691"}],"curies":[{"name":"wp","href":"https:\/\/api.w.org\/{rel}","templated":true}]}}