{"id":259148,"date":"2024-07-31T00:06:25","date_gmt":"2024-07-30T23:06:25","guid":{"rendered":"https:\/\/www.moskito.cz\/produkt\/vymenne-cepele-mt-blade-1-polymorph\/"},"modified":"2025-05-07T10:53:56","modified_gmt":"2025-05-07T09:53:56","slug":"vymenne-cepele-mt-blade-1-polymorph","status":"publish","type":"product","link":"https:\/\/www.moskito.cz\/fr\/produkt\/vymenne-cepele-mt-blade-1-polymorph\/","title":{"rendered":"v\u00fdm\u011bnn\u00e9 \u010depele MT Blade 1 Polymorph"},"content":{"rendered":"<p>C2007C    zav\u00edrac\u00ed n\u016f\u017e  &#038;  CIVIVI Polymorph  &#038;  EDC knife &#038;  9Cr18MoV<\/p>\n","protected":false},"excerpt":{"rendered":"<p>C2007C    zav\u00edrac\u00ed n\u016f\u017e  &#038;  CIVIVI Polymorph  &#038;  EDC knife &#038;  9Cr18MoV<\/p>\n","protected":false},"featured_media":259149,"comment_status":"closed","ping_status":"open","template":"","meta":[],"pwb-brand":[3079],"product_brand":[],"product_cat":[17,22],"product_tag":[],"class_list":{"0":"post-259148","1":"product","2":"type-product","3":"status-publish","4":"has-post-thumbnail","6":"pwb-brand-civivi-knife","7":"product_cat-noze","8":"product_cat-zaviraci-noze","10":"first","11":"instock","12":"purchasable","13":"product-type-simple"},"brands":[{"id":3079,"name":"CIVIVI Knife","slug":"civivi-knife"}],"_links":{"self":[{"href":"https:\/\/www.moskito.cz\/fr\/wp-json\/wp\/v2\/product\/259148","targetHints":{"allow":["GET"]}}],"collection":[{"href":"https:\/\/www.moskito.cz\/fr\/wp-json\/wp\/v2\/product"}],"about":[{"href":"https:\/\/www.moskito.cz\/fr\/wp-json\/wp\/v2\/types\/product"}],"replies":[{"embeddable":true,"href":"https:\/\/www.moskito.cz\/fr\/wp-json\/wp\/v2\/comments?post=259148"}],"wp:featuredmedia":[{"embeddable":true,"href":"https:\/\/www.moskito.cz\/fr\/wp-json\/wp\/v2\/media\/259149"}],"wp:attachment":[{"href":"https:\/\/www.moskito.cz\/fr\/wp-json\/wp\/v2\/media?parent=259148"}],"wp:term":[{"taxonomy":"pwb-brand","embeddable":true,"href":"https:\/\/www.moskito.cz\/fr\/wp-json\/wp\/v2\/pwb-brand?post=259148"},{"taxonomy":"product_brand","embeddable":true,"href":"https:\/\/www.moskito.cz\/fr\/wp-json\/wp\/v2\/product_brand?post=259148"},{"taxonomy":"product_cat","embeddable":true,"href":"https:\/\/www.moskito.cz\/fr\/wp-json\/wp\/v2\/product_cat?post=259148"},{"taxonomy":"product_tag","embeddable":true,"href":"https:\/\/www.moskito.cz\/fr\/wp-json\/wp\/v2\/product_tag?post=259148"}],"curies":[{"name":"wp","href":"https:\/\/api.w.org\/{rel}","templated":true}]}}