{"id":259337,"date":"2024-07-31T01:06:13","date_gmt":"2024-07-31T00:06:13","guid":{"rendered":"https:\/\/www.moskito.cz\/produkt\/zaviraci-nuz-weknife-reiver-black-limited-edition-310-pcs\/"},"modified":"2025-05-07T10:54:01","modified_gmt":"2025-05-07T09:54:01","slug":"zaviraci-nuz-weknife-reiver-black-limited-edition-310-pcs","status":"publish","type":"product","link":"https:\/\/www.moskito.cz\/fr\/produkt\/zaviraci-nuz-weknife-reiver-black-limited-edition-310-pcs\/","title":{"rendered":"zav\u00edrac\u00ed n\u016f\u017e WEKNIFE Reiver Black Limited Edition 310 pcs"},"content":{"rendered":"<p>zav\u00edrac\u00ed n\u016f\u017e  &#038;  Reiver Black Limited Edition 310 pcs  &#038;  EDC knife &#038;  CPM &#8211; S35VN Steel<\/p>\n","protected":false},"excerpt":{"rendered":"<p>zav\u00edrac\u00ed n\u016f\u017e  &#038;  Reiver Black Limited Edition 310 pcs  &#038;  EDC knife &#038;  CPM &#8211; S35VN Steel<\/p>\n","protected":false},"featured_media":236586,"comment_status":"closed","ping_status":"open","template":"","meta":[],"pwb-brand":[3076],"product_brand":[],"product_cat":[17,22],"product_tag":[],"class_list":{"0":"post-259337","1":"product","2":"type-product","3":"status-publish","4":"has-post-thumbnail","6":"pwb-brand-weknife","7":"product_cat-noze","8":"product_cat-zaviraci-noze","10":"first","11":"instock","12":"purchasable","13":"product-type-simple"},"brands":[{"id":3076,"name":"WEKNIFE","slug":"weknife"}],"_links":{"self":[{"href":"https:\/\/www.moskito.cz\/fr\/wp-json\/wp\/v2\/product\/259337","targetHints":{"allow":["GET"]}}],"collection":[{"href":"https:\/\/www.moskito.cz\/fr\/wp-json\/wp\/v2\/product"}],"about":[{"href":"https:\/\/www.moskito.cz\/fr\/wp-json\/wp\/v2\/types\/product"}],"replies":[{"embeddable":true,"href":"https:\/\/www.moskito.cz\/fr\/wp-json\/wp\/v2\/comments?post=259337"}],"wp:featuredmedia":[{"embeddable":true,"href":"https:\/\/www.moskito.cz\/fr\/wp-json\/wp\/v2\/media\/236586"}],"wp:attachment":[{"href":"https:\/\/www.moskito.cz\/fr\/wp-json\/wp\/v2\/media?parent=259337"}],"wp:term":[{"taxonomy":"pwb-brand","embeddable":true,"href":"https:\/\/www.moskito.cz\/fr\/wp-json\/wp\/v2\/pwb-brand?post=259337"},{"taxonomy":"product_brand","embeddable":true,"href":"https:\/\/www.moskito.cz\/fr\/wp-json\/wp\/v2\/product_brand?post=259337"},{"taxonomy":"product_cat","embeddable":true,"href":"https:\/\/www.moskito.cz\/fr\/wp-json\/wp\/v2\/product_cat?post=259337"},{"taxonomy":"product_tag","embeddable":true,"href":"https:\/\/www.moskito.cz\/fr\/wp-json\/wp\/v2\/product_tag?post=259337"}],"curies":[{"name":"wp","href":"https:\/\/api.w.org\/{rel}","templated":true}]}}