{"id":259390,"date":"2024-07-31T01:06:41","date_gmt":"2024-07-31T00:06:41","guid":{"rendered":"https:\/\/www.moskito.cz\/produkt\/zaviraci-nuz-weknife-mini-malice-heimskringla\/"},"modified":"2025-05-07T10:54:02","modified_gmt":"2025-05-07T09:54:02","slug":"zaviraci-nuz-weknife-mini-malice-heimskringla","status":"publish","type":"product","link":"https:\/\/www.moskito.cz\/fr\/produkt\/zaviraci-nuz-weknife-mini-malice-heimskringla\/","title":{"rendered":"zav\u00edrac\u00ed n\u016f\u017e WEKNIFE Mini Malice Heimskringla"},"content":{"rendered":"<p>Mini Malice   zav\u00edrac\u00ed n\u016f\u017e  &#038;  WEKNIFE Mini Malice  &#038;  EDC knife &#038;  dama\u0161kov\u00e1 ocel Heimskringla<\/p>\n","protected":false},"excerpt":{"rendered":"<p>Mini Malice   zav\u00edrac\u00ed n\u016f\u017e  &#038;  WEKNIFE Mini Malice  &#038;  EDC knife &#038;  dama\u0161kov\u00e1 ocel Heimskringla<\/p>\n","protected":false},"featured_media":259391,"comment_status":"closed","ping_status":"open","template":"","meta":[],"pwb-brand":[3076],"product_brand":[],"product_cat":[17,22],"product_tag":[],"class_list":{"0":"post-259390","1":"product","2":"type-product","3":"status-publish","4":"has-post-thumbnail","6":"pwb-brand-weknife","7":"product_cat-noze","8":"product_cat-zaviraci-noze","10":"first","11":"instock","12":"purchasable","13":"product-type-simple"},"brands":[{"id":3076,"name":"WEKNIFE","slug":"weknife"}],"_links":{"self":[{"href":"https:\/\/www.moskito.cz\/fr\/wp-json\/wp\/v2\/product\/259390","targetHints":{"allow":["GET"]}}],"collection":[{"href":"https:\/\/www.moskito.cz\/fr\/wp-json\/wp\/v2\/product"}],"about":[{"href":"https:\/\/www.moskito.cz\/fr\/wp-json\/wp\/v2\/types\/product"}],"replies":[{"embeddable":true,"href":"https:\/\/www.moskito.cz\/fr\/wp-json\/wp\/v2\/comments?post=259390"}],"wp:featuredmedia":[{"embeddable":true,"href":"https:\/\/www.moskito.cz\/fr\/wp-json\/wp\/v2\/media\/259391"}],"wp:attachment":[{"href":"https:\/\/www.moskito.cz\/fr\/wp-json\/wp\/v2\/media?parent=259390"}],"wp:term":[{"taxonomy":"pwb-brand","embeddable":true,"href":"https:\/\/www.moskito.cz\/fr\/wp-json\/wp\/v2\/pwb-brand?post=259390"},{"taxonomy":"product_brand","embeddable":true,"href":"https:\/\/www.moskito.cz\/fr\/wp-json\/wp\/v2\/product_brand?post=259390"},{"taxonomy":"product_cat","embeddable":true,"href":"https:\/\/www.moskito.cz\/fr\/wp-json\/wp\/v2\/product_cat?post=259390"},{"taxonomy":"product_tag","embeddable":true,"href":"https:\/\/www.moskito.cz\/fr\/wp-json\/wp\/v2\/product_tag?post=259390"}],"curies":[{"name":"wp","href":"https:\/\/api.w.org\/{rel}","templated":true}]}}