{"id":259723,"date":"2023-11-13T17:28:31","date_gmt":"2023-11-13T16:28:31","guid":{"rendered":"https:\/\/www.moskito.cz\/?post_type=product&#038;p=259723"},"modified":"2025-05-07T10:54:07","modified_gmt":"2025-05-07T09:54:07","slug":"vystrelovaci-nuz-microtech-glykon-shadow-184-1ttdlctsh","status":"publish","type":"product","link":"https:\/\/www.moskito.cz\/fr\/produkt\/vystrelovaci-nuz-microtech-glykon-shadow-184-1ttdlctsh\/","title":{"rendered":"Vyst\u0159elovac\u00ed N\u016f\u017e Microtech Glykon Shadow 184-1TTDLCTSH"},"content":{"rendered":"<p>Vyst\u0159elovac\u00ed N\u016f\u017e <strong>Microtech<\/strong> Glykon Shadow 184-1TTDLCTSH<\/p>\n<p>Glykon, pojmenovan\u00fd po starov\u011bk\u00e9m \u0159eck\u00e9m had\u00edm bohu, je prvn\u00ed Microtech s t\u0159\u00edstrann\u00fdm tla\u010d\u00edtkem. To z n\u011bj d\u011bl\u00e1 OTF s horn\u00edm posuvem a tak\u00e9 model s bo\u010dn\u00edm vyst\u0159elov\u00e1n\u00edm, kter\u00fd je zcela oboustrann\u00fd. V\u0161e, co mus\u00edte ud\u011blat, je p\u0159epnout kapesn\u00ed klip na druhou stranu pomoc\u00ed obrovsk\u00e9ho Torx bitu a m\u016f\u017eete j\u00edt. Je to jeden z m\u00e1la Microtechs, kter\u00fd pou\u017e\u00edv\u00e1 konstrukci Torx \u0161roub\u016f umo\u017e\u0148uj\u00edc\u00ed \u00fapravy doma. Obsahuje tak\u00e9 titanov\u00e9 akcenty a p\u0159ekryvy na r\u00e1mu, kter\u00e9 lze snadno odstranit a upravit, pokud je to va\u0161e v\u011bc. Spole\u010dnost Microtech, kter\u00e1 neust\u00e1le inovuje, zde m\u00e1 s Glykonem jasn\u00e9ho v\u00edt\u011bze.<\/p>\n<p>Specifikace<br \/>\nD\u00e9lka \u010depele: 9.37 cm<br \/>\nD\u00e9lka v zav\u0159en\u00e9m stavu: 13.12 cm<br \/>\nCelkov\u00e1 d\u00e9lka: 22.5 cm<br \/>\nOcel: M390<\/p>\n<p>Povrchov\u00e1 \u00faprava \u010depele: Black DLC<\/p>\n<p>Bajonet Double Edge (Two Tone DLC Shadow)<br \/>\nRukoje\u0165:\u00a0 \u010dern\u00fd hlin\u00edk\/titan DLC<br \/>\nVnit\u0159n\u00ed \u010d\u00e1sti pota\u017een\u00e9 nikl-boronem<br \/>\nHmotnost: 5 oz<br \/>\nVyrobeno v USA<br \/>\nModel: 184-1TTDLCSH<br \/>\nNovinka pro rok 2023<\/p>\n<p><iframe title=\"Microtech Combat Troodon Torture Test\" width=\"800\" height=\"450\" src=\"https:\/\/www.youtube.com\/embed\/xE9TeOFYEjg?feature=oembed\" frameborder=\"0\" allow=\"accelerometer; autoplay; clipboard-write; encrypted-media; gyroscope; picture-in-picture; web-share\" referrerpolicy=\"strict-origin-when-cross-origin\" allowfullscreen><\/iframe><\/p>\n<p>&nbsp;<\/p>\n<p>&nbsp;<\/p>\n","protected":false},"excerpt":{"rendered":"<div class=\"elementor-element elementor-element-bbb542b elementor-widget elementor-widget-woocommerce-product-short-description\" data-id=\"bbb542b\" data-element_type=\"widget\" data-widget_type=\"woocommerce-product-short-description.default\">\n<div class=\"elementor-widget-container\">\n<div class=\"woocommerce-product-details__short-description\">\n<div class=\"elementor-element elementor-element-bbb542b elementor-widget elementor-widget-woocommerce-product-short-description\" data-id=\"bbb542b\" data-element_type=\"widget\" data-widget_type=\"woocommerce-product-short-description.default\">\n<div class=\"elementor-widget-container\">\n<div class=\"woocommerce-product-details__short-description\">\n<p><strong>V pr\u016fb\u011bhu let Microtech\u00ae Knives naplnil v\u00e1\u0161n\u00ed a dovednost\u00ed v\u00fdrobu no\u017e\u016f, a\u017e z nich vytvo\u0159il t\u00e9m\u011b\u0159 um\u011bleck\u00e1 d\u00edla,kter\u00e9 jsou vrcholem funk\u010dnosti.V\u0161echny d\u00edly jsou vyrobeny v USA.<\/strong><br \/>\n<strong>Na v\u0161echny no\u017ee Microtech je do\u017eivotn\u00ed z\u00e1ruka.<\/strong><\/p>\n<p><strong>Doprava zdarma.<\/strong><\/p>\n<\/div>\n<\/div>\n<\/div>\n<\/div>\n<\/div>\n<\/div>\n","protected":false},"featured_media":259724,"comment_status":"open","ping_status":"closed","template":"","meta":[],"pwb-brand":[431],"product_brand":[],"product_cat":[2019,17],"product_tag":[3667],"class_list":{"0":"post-259723","1":"product","2":"type-product","3":"status-publish","4":"has-post-thumbnail","6":"pwb-brand-microtech","7":"product_cat-vystrelovaci-noze","8":"product_cat-noze","9":"product_tag-b2b","11":"first","12":"outofstock","13":"taxable","14":"shipping-taxable","15":"purchasable","16":"product-type-simple"},"brands":[{"id":431,"name":"Microtech","slug":"microtech"}],"_links":{"self":[{"href":"https:\/\/www.moskito.cz\/fr\/wp-json\/wp\/v2\/product\/259723","targetHints":{"allow":["GET"]}}],"collection":[{"href":"https:\/\/www.moskito.cz\/fr\/wp-json\/wp\/v2\/product"}],"about":[{"href":"https:\/\/www.moskito.cz\/fr\/wp-json\/wp\/v2\/types\/product"}],"replies":[{"embeddable":true,"href":"https:\/\/www.moskito.cz\/fr\/wp-json\/wp\/v2\/comments?post=259723"}],"wp:featuredmedia":[{"embeddable":true,"href":"https:\/\/www.moskito.cz\/fr\/wp-json\/wp\/v2\/media\/259724"}],"wp:attachment":[{"href":"https:\/\/www.moskito.cz\/fr\/wp-json\/wp\/v2\/media?parent=259723"}],"wp:term":[{"taxonomy":"pwb-brand","embeddable":true,"href":"https:\/\/www.moskito.cz\/fr\/wp-json\/wp\/v2\/pwb-brand?post=259723"},{"taxonomy":"product_brand","embeddable":true,"href":"https:\/\/www.moskito.cz\/fr\/wp-json\/wp\/v2\/product_brand?post=259723"},{"taxonomy":"product_cat","embeddable":true,"href":"https:\/\/www.moskito.cz\/fr\/wp-json\/wp\/v2\/product_cat?post=259723"},{"taxonomy":"product_tag","embeddable":true,"href":"https:\/\/www.moskito.cz\/fr\/wp-json\/wp\/v2\/product_tag?post=259723"}],"curies":[{"name":"wp","href":"https:\/\/api.w.org\/{rel}","templated":true}]}}