{"id":259800,"date":"2023-11-14T13:51:44","date_gmt":"2023-11-14T12:51:44","guid":{"rendered":"https:\/\/www.moskito.cz\/?post_type=product&#038;p=259800"},"modified":"2025-08-28T11:24:17","modified_gmt":"2025-08-28T10:24:17","slug":"vystrelovaci-nuz-microtech-combat-troodon-apocalyptic-142-11apod","status":"publish","type":"product","link":"https:\/\/www.moskito.cz\/fr\/produkt\/vystrelovaci-nuz-microtech-combat-troodon-apocalyptic-142-11apod\/","title":{"rendered":"Vyst\u0159elovac\u00ed N\u016f\u017e Microtech Combat Troodon Apocalyptic 142-11APOD"},"content":{"rendered":"<p>Vyst\u0159elovac\u00ed N\u016f\u017e <strong>Microtech<\/strong> Combat Troodon Apocalyptic 142-11APOD<\/p>\n<p><strong>Microtech<\/strong> knives nejv\u011bt\u0161\u00ed produk\u010dn\u00ed n\u016f\u017e OTF je pojmenov\u00e1n po dinosaurovi Troodonovi. Combat Troodon je opravdu velk\u00e1 verze popul\u00e1rn\u00edho Troodona. Navzdory velikosti p\u016fsob\u00ed rukoje\u0165 \u0161t\u00edhle a pohodln\u011b. Akce je samoz\u0159ejm\u011b Microtech vynikaj\u00edc\u00ed, jak byste o\u010dek\u00e1vali. Velk\u00fd a \u0161patn\u00fd!<\/p>\n<p>Tento model je vybaven OD Green eloxovanou hlin\u00edkovou rukojet\u00ed 6061-T6 s dr\u00e1\u017ekami a dr\u00e1\u017ekou pro lep\u0161\u00ed uchopen\u00ed. Dvoub\u0159it\u00e1 \u010depel d\u00fdky z nerezov\u00e9 oceli M390 s apokalyptickou \u00fapravou s \u010d\u00e1ste\u010dn\u011b zoubkovan\u00fdmi ost\u0159\u00edmi na obou stran\u00e1ch. Hardware dokon\u010den\u00fd Bead Blast, rozb\u00edje\u010d skla a oboustrann\u00e1 spona na kapsy. Kapesn\u00ed klip m\u00e1 logo Microtech. \u010cepel m\u00e1 informace o modelu. Na rukojeti je logo Microtech Claw, s\u00e9riov\u00e9 \u010d\u00edslo a datum v\u00fdroby.<\/p>\n<p>Zem\u011b p\u016fvodu: USA<br \/>\nDatum p\u016fvodu: 2023<br \/>\nMateri\u00e1l rukojeti: Hlin\u00edk<br \/>\nMateri\u00e1l \u010depele: M390<br \/>\nStyl \u010depele: D\u00fdka s dvojit\u00fdm ost\u0159\u00edm<br \/>\nPovrchov\u00e1 \u00faprava \u010depele: Apokalyptick\u00fd<br \/>\nTyp okraje: \u010c\u00e1ste\u010dn\u011b zoubkovan\u00e9<br \/>\nModel\/Vzor: Bojov\u00fd Troodon<br \/>\nTyp no\u017ee: Dvoj\u010dinn\u00e9 automatick\u00e9 OTF<br \/>\nTyp z\u00e1mku: Vp\u0159edu<br \/>\nCelkov\u00e1 d\u00e9lka: 23.75 cm<br \/>\nD\u00e9lka \u010depele: 9.5 cm<\/p>\n<p><iframe title=\"Microtech Combat Troodon Torture Test\" width=\"800\" height=\"450\" src=\"https:\/\/www.youtube.com\/embed\/xE9TeOFYEjg?feature=oembed\" frameborder=\"0\" allow=\"accelerometer; autoplay; clipboard-write; encrypted-media; gyroscope; picture-in-picture; web-share\" referrerpolicy=\"strict-origin-when-cross-origin\" allowfullscreen><\/iframe><\/p>\n<p>&nbsp;<\/p>\n<p>&nbsp;<\/p>\n<p>&nbsp;<\/p>\n","protected":false},"excerpt":{"rendered":"<p><strong>V pr\u016fb\u011bhu let Microtech\u00ae Knives naplnil v\u00e1\u0161n\u00ed a dovednost\u00ed v\u00fdrobu no\u017e\u016f, a\u017e z nich vytvo\u0159il t\u00e9m\u011b\u0159 um\u011bleck\u00e1 d\u00edla,kter\u00e9 jsou vrcholem funk\u010dnosti.V\u0161echny d\u00edly jsou vyrobeny v USA.<\/strong><br \/>\n<strong>Na v\u0161echny no\u017ee Microtech je do\u017eivotn\u00ed z\u00e1ruka.<\/strong><\/p>\n<p><strong>Doprava zdarma.<\/strong><\/p>\n","protected":false},"featured_media":259801,"comment_status":"open","ping_status":"closed","template":"","meta":[],"pwb-brand":[431],"product_brand":[],"product_cat":[2019,17],"product_tag":[3667],"class_list":{"0":"post-259800","1":"product","2":"type-product","3":"status-publish","4":"has-post-thumbnail","6":"pwb-brand-microtech","7":"product_cat-vystrelovaci-noze","8":"product_cat-noze","9":"product_tag-b2b","11":"first","12":"outofstock","13":"taxable","14":"shipping-taxable","15":"purchasable","16":"product-type-simple"},"brands":[{"id":431,"name":"Microtech","slug":"microtech"}],"_links":{"self":[{"href":"https:\/\/www.moskito.cz\/fr\/wp-json\/wp\/v2\/product\/259800","targetHints":{"allow":["GET"]}}],"collection":[{"href":"https:\/\/www.moskito.cz\/fr\/wp-json\/wp\/v2\/product"}],"about":[{"href":"https:\/\/www.moskito.cz\/fr\/wp-json\/wp\/v2\/types\/product"}],"replies":[{"embeddable":true,"href":"https:\/\/www.moskito.cz\/fr\/wp-json\/wp\/v2\/comments?post=259800"}],"wp:featuredmedia":[{"embeddable":true,"href":"https:\/\/www.moskito.cz\/fr\/wp-json\/wp\/v2\/media\/259801"}],"wp:attachment":[{"href":"https:\/\/www.moskito.cz\/fr\/wp-json\/wp\/v2\/media?parent=259800"}],"wp:term":[{"taxonomy":"pwb-brand","embeddable":true,"href":"https:\/\/www.moskito.cz\/fr\/wp-json\/wp\/v2\/pwb-brand?post=259800"},{"taxonomy":"product_brand","embeddable":true,"href":"https:\/\/www.moskito.cz\/fr\/wp-json\/wp\/v2\/product_brand?post=259800"},{"taxonomy":"product_cat","embeddable":true,"href":"https:\/\/www.moskito.cz\/fr\/wp-json\/wp\/v2\/product_cat?post=259800"},{"taxonomy":"product_tag","embeddable":true,"href":"https:\/\/www.moskito.cz\/fr\/wp-json\/wp\/v2\/product_tag?post=259800"}],"curies":[{"name":"wp","href":"https:\/\/api.w.org\/{rel}","templated":true}]}}