{"id":260153,"date":"2023-11-19T12:04:36","date_gmt":"2023-11-19T11:04:36","guid":{"rendered":"https:\/\/www.moskito.cz\/?post_type=product&#038;p=260153"},"modified":"2026-02-09T19:48:34","modified_gmt":"2026-02-09T18:48:34","slug":"zaviraci-nuz-spyderco-salt-2-wharncliffe-c88fswcgr2","status":"publish","type":"product","link":"https:\/\/www.moskito.cz\/fr\/produkt\/zaviraci-nuz-spyderco-salt-2-wharncliffe-c88fswcgr2\/","title":{"rendered":"Zav\u00edrac\u00ed N\u016f\u017e Spyderco Salt 2 Wharncliffe C88FSWCGR2"},"content":{"rendered":"<div class=\"flex flex-col text-sm pb-25\">\n<article class=\"text-token-text-primary w-full focus:outline-none [--shadow-height:45px] has-data-writing-block:pointer-events-none has-data-writing-block:-mt-(--shadow-height) has-data-writing-block:pt-(--shadow-height) [&amp;:has([data-writing-block])&gt;*]:pointer-events-auto scroll-mt-[calc(var(--header-height)+min(200px,max(70px,20svh)))]\" dir=\"auto\" tabindex=\"-1\" data-turn-id=\"request-WEB:a32a4206-734b-4a83-b1e2-42833545ac64-9\" data-testid=\"conversation-turn-20\" data-scroll-anchor=\"true\" data-turn=\"assistant\">\n<div class=\"text-base my-auto mx-auto pb-10 [--thread-content-margin:--spacing(4)] @w-sm\/main:[--thread-content-margin:--spacing(6)] @w-lg\/main:[--thread-content-margin:--spacing(16)] px-(--thread-content-margin)\">\n<div class=\"[--thread-content-max-width:40rem] @w-lg\/main:[--thread-content-max-width:48rem] mx-auto max-w-(--thread-content-max-width) flex-1 group\/turn-messages focus-visible:outline-hidden relative flex w-full min-w-0 flex-col agent-turn\" tabindex=\"-1\">\n<div class=\"flex max-w-full flex-col grow\">\n<div class=\"min-h-8 text-message relative flex w-full flex-col items-end gap-2 text-start break-words whitespace-normal [.text-message+&amp;]:mt-1\" dir=\"auto\" data-message-author-role=\"assistant\" data-message-id=\"0b3e049a-380f-49e5-8bc8-00cead1b8ccb\" data-message-model-slug=\"gpt-5-2\">\n<div class=\"flex w-full flex-col gap-1 empty:hidden first:pt-[1px]\">\n<div class=\"markdown prose dark:prose-invert w-full wrap-break-word light markdown-new-styling\">\n<h2 data-start=\"855\" data-end=\"936\">Spyderco Salt 2 Wharncliffe \u2013 keramick\u00e1 \u010depel, \u0161edozelen\u00e1 rukoje\u0165 (C88FSWCGR2)<\/h2>\n<p data-start=\"938\" data-end=\"1331\">Jakmile uchop\u00ed\u0161 <strong data-start=\"954\" data-end=\"996\">Spyderco Salt 2 Wharncliffe C88FSWCGR2<\/strong> a otev\u0159e\u0161 jeho precizn\u00ed keramickou \u010depel ve tvaru Wharncliffe, uc\u00edt\u00ed\u0161 jedine\u010dnou lehkost a z\u00e1rove\u0148 nekompromisn\u00ed \u0159ezn\u00fd v\u00fdkon. Tento model je navr\u017een pro z\u00e1kazn\u00edky, kte\u0159\u00ed hledaj\u00ed <strong data-start=\"1175\" data-end=\"1232\">vysoce odoln\u00fd, korozivzdorn\u00fd a praktick\u00fd zav\u00edrac\u00ed n\u016f\u017e<\/strong>, kter\u00fd exceluje v mokr\u00e9m prost\u0159ed\u00ed, pob\u0159e\u017en\u00edch lokalit\u00e1ch nebo p\u0159i \u010dast\u00e9m kontaktu s vodou a sol\u00ed.<\/p>\n<p data-start=\"1333\" data-end=\"1479\">Salt 2 Wharncliffe p\u0159edstavuje ide\u00e1ln\u00ed kombinaci <strong data-start=\"1382\" data-end=\"1432\">technick\u00fdch inovac\u00ed, pohodl\u00ed a efektivity \u0159ezu<\/strong> \u2013 a to v\u0161e v robustn\u00edm a p\u0159itom lehk\u00e9m balen\u00ed.<\/p>\n<hr data-start=\"1481\" data-end=\"1484\" \/>\n<h2 data-start=\"1486\" data-end=\"1510\">Charakter a filozofie<\/h2>\n<p data-start=\"1512\" data-end=\"1853\">Spyderco Salt 2 Wharncliffe m\u00e1 jasn\u00fd c\u00edl \u2013 <strong data-start=\"1555\" data-end=\"1612\">by\u0165 maxim\u00e1ln\u011b odoln\u00fd v\u016f\u010di korozi a snadno ovladateln\u00fd<\/strong>, zejm\u00e9na tam, kde klasick\u00e9 no\u017ee selh\u00e1vaj\u00ed kv\u016fli soli, vlhkosti nebo ryb\u00e1\u0159sk\u00e9mu prost\u0159ed\u00ed. Tento n\u016f\u017e je navr\u017een pro lidi, kte\u0159\u00ed tr\u00e1v\u00ed \u010das u vody \u2013 a\u0165 u\u017e jde o ryba\u0159en\u00ed, lodn\u00ed prost\u0159ed\u00ed nebo ka\u017edodenn\u00ed \u00fakoly kolem domu v n\u00e1ro\u010dn\u00fdch podm\u00ednk\u00e1ch.<\/p>\n<p data-start=\"1855\" data-end=\"2145\">\u010cepel s \u0161ed\u00fdm povrchem je vyrobena z <strong data-start=\"1892\" data-end=\"1937\">keramick\u00e9ho materi\u00e1lu SpyderEdge\u2122 Ceramic<\/strong>, kter\u00fd je vysoce odoln\u00fd v\u016f\u010di korozi a udr\u017euje ost\u0159\u00ed extr\u00e9mn\u011b dlouho ostr\u00e9. Keramika p\u0159irozen\u011b odol\u00e1v\u00e1 slan\u00e9 vod\u011b, kyselin\u00e1m i abrazi \u2013 d\u00edky tomu je ide\u00e1ln\u00ed pro \u00fakoly kolem mo\u0159e, ryb nebo ve vlhk\u00e9m prost\u0159ed\u00ed.<\/p>\n<p data-start=\"2147\" data-end=\"2406\">Tvar \u010depele <strong data-start=\"2159\" data-end=\"2174\">Wharncliffe<\/strong> nab\u00edz\u00ed vynikaj\u00edc\u00ed kontrolu \u0159ezu \u2013 rovn\u00e1 hrana je perfektn\u00ed pro p\u0159esn\u00e9 tahov\u00e9 \u0159ezy, st\u0159\u00edh\u00e1n\u00ed lo\u010fsk\u00fdch lan, d\u016fkladn\u00e9 \u0161t\u011brbinov\u00e9 \u00fakony nebo p\u0159\u00edpravu n\u00e1vnady. V\u00fdbrus je optimalizov\u00e1n pro hladk\u00fd pr\u016fchod materi\u00e1lem bez zbyte\u010dn\u00e9ho odporu.<\/p>\n<p data-start=\"2408\" data-end=\"2625\">Ergonomick\u00e1 rukoje\u0165 v odoln\u00e9m \u0161edozelen\u00e9m proveden\u00ed poskytuje jist\u00fd povrch i v kluzk\u00fdch podm\u00ednk\u00e1ch. Promy\u0161len\u00e9 profilov\u00e1n\u00ed rukojeti dod\u00e1v\u00e1 pevn\u00fd \u00fachop bez ohledu na to, zda pracuje\u0161 s mokr\u00fdma rukama nebo v rukavic\u00edch.<\/p>\n<p data-start=\"2627\" data-end=\"2841\">Mechanika no\u017ee vyu\u017e\u00edv\u00e1 <strong data-start=\"2650\" data-end=\"2664\">Frame Lock<\/strong>, kter\u00fd je pevn\u00fd a spolehliv\u00fd i v n\u00e1ro\u010dn\u011bj\u0161\u00edch situac\u00edch. Otev\u00edr\u00e1n\u00ed pomoc\u00ed klasick\u00e9ho <strong data-start=\"2750\" data-end=\"2773\">Spyderco Round Hole<\/strong> je snadn\u00e9, intuitivn\u00ed a umo\u017e\u0148uje rychl\u00e9 nasazen\u00ed no\u017ee jednou rukou.<\/p>\n<hr data-start=\"2843\" data-end=\"2846\" \/>\n<h2 data-start=\"2848\" data-end=\"2863\">\ud83c\udfed O v\u00fdrobci<\/h2>\n<p data-start=\"2865\" data-end=\"3187\">Spyderco je synonymem inovac\u00ed ve sv\u011bt\u011b no\u017e\u016f \u2013 od prvn\u00edho zav\u00edrac\u00edho no\u017ee s otvorem pro jednoduch\u00e9 otev\u00edr\u00e1n\u00ed a\u017e po specializovan\u00e9 modely jako Salt 2 Wharncliffe. Jejich produkty jsou navr\u017eeny tak, aby <strong data-start=\"3065\" data-end=\"3086\">fungovaly v praxi<\/strong>, a jsou \u010dasto preferov\u00e1ny profesion\u00e1ly i nad\u0161enci, kte\u0159\u00ed v\u011bd\u00ed, \u017ee spolehlivost a v\u00fdkon jsou kl\u00ed\u010dov\u00e9.<\/p>\n<hr data-start=\"3189\" data-end=\"3192\" \/>\n<h2 data-start=\"3194\" data-end=\"3221\">\u2699\ufe0f Technick\u00e9 specifikace<\/h2>\n<div class=\"TyagGW_tableContainer\">\n<div class=\"group TyagGW_tableWrapper flex flex-col-reverse w-fit\" tabindex=\"-1\">\n<table class=\"w-fit min-w-(--thread-content-width)\" data-start=\"3223\" data-end=\"3933\">\n<thead data-start=\"3223\" data-end=\"3245\">\n<tr data-start=\"3223\" data-end=\"3245\">\n<th class=\"\" data-start=\"3223\" data-end=\"3234\" data-col-size=\"sm\">Parametr<\/th>\n<th class=\"\" data-start=\"3234\" data-end=\"3245\" data-col-size=\"md\">Hodnota<\/th>\n<\/tr>\n<\/thead>\n<tbody data-start=\"3269\" data-end=\"3933\">\n<tr data-start=\"3269\" data-end=\"3363\">\n<td data-start=\"3269\" data-end=\"3281\" data-col-size=\"sm\"><strong data-start=\"3271\" data-end=\"3280\">Model<\/strong><\/td>\n<td data-start=\"3281\" data-end=\"3363\" data-col-size=\"md\">Spyderco Salt 2 Wharncliffe \u2013 keramick\u00e1 \u010depel, \u0161edozelen\u00e1 rukoje\u0165 (C88FSWCGR2)<\/td>\n<\/tr>\n<tr data-start=\"3364\" data-end=\"3390\">\n<td data-start=\"3364\" data-end=\"3374\" data-col-size=\"sm\"><strong data-start=\"3366\" data-end=\"3373\">Typ<\/strong><\/td>\n<td data-col-size=\"md\" data-start=\"3374\" data-end=\"3390\">Zav\u00edrac\u00ed n\u016f\u017e<\/td>\n<\/tr>\n<tr data-start=\"3391\" data-end=\"3426\">\n<td data-start=\"3391\" data-end=\"3411\" data-col-size=\"sm\"><strong data-start=\"3393\" data-end=\"3410\">Celkov\u00e1 d\u00e9lka<\/strong><\/td>\n<td data-start=\"3411\" data-end=\"3426\" data-col-size=\"md\">cca 18,3 cm<\/td>\n<\/tr>\n<tr data-start=\"3427\" data-end=\"3460\">\n<td data-start=\"3427\" data-end=\"3446\" data-col-size=\"sm\"><strong data-start=\"3429\" data-end=\"3445\">D\u00e9lka \u010depele<\/strong><\/td>\n<td data-start=\"3446\" data-end=\"3460\" data-col-size=\"md\">cca 7,6 cm<\/td>\n<\/tr>\n<tr data-start=\"3461\" data-end=\"3497\">\n<td data-start=\"3461\" data-end=\"3483\" data-col-size=\"sm\"><strong data-start=\"3463\" data-end=\"3482\">Tlou\u0161\u0165ka \u010depele<\/strong><\/td>\n<td data-start=\"3483\" data-end=\"3497\" data-col-size=\"md\">cca 3,0 mm<\/td>\n<\/tr>\n<tr data-start=\"3498\" data-end=\"3543\">\n<td data-start=\"3498\" data-end=\"3520\" data-col-size=\"sm\"><strong data-start=\"3500\" data-end=\"3519\">Materi\u00e1l \u010depele<\/strong><\/td>\n<td data-start=\"3520\" data-end=\"3543\" data-col-size=\"md\">SpyderEdge\u2122 Ceramic<\/td>\n<\/tr>\n<tr data-start=\"3544\" data-end=\"3577\">\n<td data-start=\"3544\" data-end=\"3562\" data-col-size=\"sm\"><strong data-start=\"3546\" data-end=\"3561\">Tvar \u010depele<\/strong><\/td>\n<td data-start=\"3562\" data-end=\"3577\" data-col-size=\"md\">Wharncliffe<\/td>\n<\/tr>\n<tr data-start=\"3578\" data-end=\"3610\">\n<td data-start=\"3578\" data-end=\"3591\" data-col-size=\"sm\"><strong data-start=\"3580\" data-end=\"3590\">V\u00fdbrus<\/strong><\/td>\n<td data-start=\"3591\" data-end=\"3610\" data-col-size=\"md\">Full Flat Grind<\/td>\n<\/tr>\n<tr data-start=\"3611\" data-end=\"3657\">\n<td data-start=\"3611\" data-end=\"3631\" data-col-size=\"sm\"><strong data-start=\"3613\" data-end=\"3630\">Povrch \u010depele<\/strong><\/td>\n<td data-start=\"3631\" data-end=\"3657\" data-col-size=\"md\">matn\u011b \u0161ed\u00fd \/ keramick\u00fd<\/td>\n<\/tr>\n<tr data-start=\"3658\" data-end=\"3680\">\n<td data-start=\"3658\" data-end=\"3670\" data-col-size=\"sm\"><strong data-start=\"3660\" data-end=\"3669\">Hrana<\/strong><\/td>\n<td data-start=\"3670\" data-end=\"3680\" data-col-size=\"md\">Hladk\u00e1<\/td>\n<\/tr>\n<tr data-start=\"3681\" data-end=\"3728\">\n<td data-start=\"3681\" data-end=\"3695\" data-col-size=\"sm\"><strong data-start=\"3683\" data-end=\"3694\">Rukoje\u0165<\/strong><\/td>\n<td data-start=\"3695\" data-end=\"3728\" data-col-size=\"md\">hlin\u00edk \/ \u0161edozelen\u00e9 proveden\u00ed<\/td>\n<\/tr>\n<tr data-start=\"3729\" data-end=\"3755\">\n<td data-start=\"3729\" data-end=\"3741\" data-col-size=\"sm\"><strong data-start=\"3731\" data-end=\"3740\">Z\u00e1mek<\/strong><\/td>\n<td data-start=\"3741\" data-end=\"3755\" data-col-size=\"md\">Frame Lock<\/td>\n<\/tr>\n<tr data-start=\"3756\" data-end=\"3795\">\n<td data-start=\"3756\" data-end=\"3772\" data-col-size=\"sm\"><strong data-start=\"3758\" data-end=\"3771\">Otev\u00edr\u00e1n\u00ed<\/strong><\/td>\n<td data-start=\"3772\" data-end=\"3795\" data-col-size=\"md\">Spyderco Round Hole<\/td>\n<\/tr>\n<tr data-start=\"3796\" data-end=\"3844\">\n<td data-start=\"3796\" data-end=\"3807\" data-col-size=\"sm\"><strong data-start=\"3798\" data-end=\"3806\">Klip<\/strong><\/td>\n<td data-start=\"3807\" data-end=\"3844\" data-col-size=\"md\">4-polohov\u00fd (L\/R, tip-up\/tip-down)<\/td>\n<\/tr>\n<tr data-start=\"3845\" data-end=\"3872\">\n<td data-start=\"3845\" data-end=\"3860\" data-col-size=\"sm\"><strong data-start=\"3847\" data-end=\"3859\">Hmotnost<\/strong><\/td>\n<td data-start=\"3860\" data-end=\"3872\" data-col-size=\"md\">cca 95 g<\/td>\n<\/tr>\n<tr data-start=\"3873\" data-end=\"3933\">\n<td data-start=\"3873\" data-end=\"3889\" data-col-size=\"sm\"><strong data-start=\"3875\" data-end=\"3888\">Kategorie<\/strong><\/td>\n<td data-start=\"3889\" data-end=\"3933\" data-col-size=\"md\">Specializovan\u00fd EDC \/ marine zav\u00edrac\u00ed n\u016f\u017e<\/td>\n<\/tr>\n<\/tbody>\n<\/table>\n<\/div>\n<\/div>\n<hr data-start=\"3935\" data-end=\"3938\" \/>\n<h2 data-start=\"3940\" data-end=\"3958\">\u2705 Hlavn\u00ed v\u00fdhody<\/h2>\n<ul data-start=\"3959\" data-end=\"4271\">\n<li data-start=\"3959\" data-end=\"4046\">\n<p data-start=\"3961\" data-end=\"4046\"><strong data-start=\"3961\" data-end=\"3992\">Keramick\u00e1 \u010depel SpyderEdge\u2122<\/strong> \u2013 extr\u00e9mn\u00ed odolnost v\u016f\u010di korozi a dlouh\u00e9 dr\u017een\u00ed ost\u0159\u00ed<\/p>\n<\/li>\n<li data-start=\"4047\" data-end=\"4104\">\n<p data-start=\"4049\" data-end=\"4104\"><strong data-start=\"4049\" data-end=\"4069\">Wharncliffe tvar<\/strong> \u2013 v\u00fdborn\u00e1 kontrola \u0159ezu a p\u0159esnost<\/p>\n<\/li>\n<li data-start=\"4105\" data-end=\"4165\">\n<p data-start=\"4107\" data-end=\"4165\"><strong data-start=\"4107\" data-end=\"4130\">Ergonomick\u00e1 rukoje\u0165<\/strong> \u2013 jist\u00fd \u00fachop i v mokr\u00e9m prost\u0159ed\u00ed<\/p>\n<\/li>\n<li data-start=\"4166\" data-end=\"4220\">\n<p data-start=\"4168\" data-end=\"4220\"><strong data-start=\"4168\" data-end=\"4182\">Frame Lock<\/strong> \u2013 pevn\u00e9 a spolehliv\u00e9 zaji\u0161t\u011bn\u00ed \u010depele<\/p>\n<\/li>\n<li data-start=\"4221\" data-end=\"4271\">\n<p data-start=\"4223\" data-end=\"4271\"><strong data-start=\"4223\" data-end=\"4242\">4-polohov\u00fd klip<\/strong> \u2013 flexibiln\u00ed mo\u017enosti no\u0161en\u00ed<\/p>\n<\/li>\n<\/ul>\n<hr data-start=\"4273\" data-end=\"4276\" \/>\n<h2 data-start=\"4278\" data-end=\"4297\">\u26a0\ufe0f Mo\u017en\u00e1 omezen\u00ed<\/h2>\n<ul data-start=\"4298\" data-end=\"4561\">\n<li data-start=\"4298\" data-end=\"4391\">\n<p data-start=\"4300\" data-end=\"4391\"><strong data-start=\"4300\" data-end=\"4322\">Keramika nen\u00ed ocel<\/strong> \u2013 je extr\u00e9mn\u011b ostr\u00e1, ale p\u0159i \u0161patn\u00e9m pou\u017eit\u00ed m\u016f\u017ee b\u00fdt k\u0159eh\u010d\u00ed ne\u017e kov<\/p>\n<\/li>\n<li data-start=\"4392\" data-end=\"4499\">\n<p data-start=\"4394\" data-end=\"4499\"><strong data-start=\"4394\" data-end=\"4417\">Specifick\u00e9 zam\u011b\u0159en\u00ed<\/strong> \u2013 nejlep\u0161\u00ed v mokr\u00e9m\/mo\u0159sk\u00e9m prost\u0159ed\u00ed, m\u00e9n\u011b univerz\u00e1ln\u00ed ne\u017e klasick\u00e9 ocelov\u00e9 no\u017ee<\/p>\n<\/li>\n<li data-start=\"4500\" data-end=\"4561\">\n<p data-start=\"4502\" data-end=\"4561\"><strong data-start=\"4502\" data-end=\"4538\">Vy\u0161\u0161\u00ed cena keramick\u00e9ho proveden\u00ed<\/strong> \u2013 pr\u00e9miov\u00e1 technologie<\/p>\n<\/li>\n<\/ul>\n<hr data-start=\"4563\" data-end=\"4566\" \/>\n<h2 data-start=\"4568\" data-end=\"4588\">\ud83d\udee0\ufe0f \u00dadr\u017eba a p\u00e9\u010de<\/h2>\n<ul data-start=\"4589\" data-end=\"4844\">\n<li data-start=\"4589\" data-end=\"4702\">\n<p data-start=\"4591\" data-end=\"4702\">Keramick\u00e1 \u010depel nevy\u017eaduje ost\u0159en\u00ed tak \u010dasto jako ocel, ale <strong data-start=\"4651\" data-end=\"4700\">dbejte na progresivn\u00ed brou\u0161en\u00ed p\u0159i opot\u0159eben\u00ed<\/strong><\/p>\n<\/li>\n<li data-start=\"4703\" data-end=\"4776\">\n<p data-start=\"4705\" data-end=\"4776\">Po pou\u017eit\u00ed opl\u00e1chn\u011bte a osu\u0161te zejm\u00e9na p\u0159i kontaktu se sol\u00ed \u010di rybami<\/p>\n<\/li>\n<li data-start=\"4777\" data-end=\"4844\">\n<p data-start=\"4779\" data-end=\"4844\">Frame Lock pravideln\u011b kontroluj a maz\u00e1n\u00ed udr\u017euj ve spr\u00e1vn\u00e9m stavu<\/p>\n<\/li>\n<\/ul>\n<hr data-start=\"4846\" data-end=\"4849\" \/>\n<h2 data-start=\"4851\" data-end=\"4900\">\ud83d\udd2a Doporu\u010den\u00e9 p\u0159\u00edslu\u0161enstv\u00ed pro ost\u0159en\u00ed \/ p\u00e9\u010di<\/h2>\n<p data-start=\"4901\" data-end=\"5088\">Pro keramick\u00e9 \u010depele doporu\u010dujeme speci\u00e1ln\u00ed sadu:<br \/>\n<strong data-start=\"4951\" data-end=\"5008\">Spyderco Ceramic Hone Set \/ Diamond Ceramic Sharpener<\/strong> \u2013 ide\u00e1ln\u00ed pro zachov\u00e1n\u00ed ost\u0159\u00ed keramick\u00fdch \u010depel\u00ed.<br data-start=\"5058\" data-end=\"5061\" \/>\ud83d\uded2 Koup\u00ed\u0161 na <strong data-start=\"5074\" data-end=\"5088\">Moskito.cz<\/strong><\/p>\n<hr data-start=\"5090\" data-end=\"5093\" \/>\n<h2 data-start=\"5095\" data-end=\"5115\">\ud83c\udfaf Doporu\u010deno pro<\/h2>\n<ul data-start=\"5116\" data-end=\"5323\">\n<li data-start=\"5116\" data-end=\"5157\">\n<p data-start=\"5118\" data-end=\"5157\">ryb\u00e1\u0159e a milovn\u00edky pob\u0159e\u017en\u00edch aktivit<\/p>\n<\/li>\n<li data-start=\"5158\" data-end=\"5184\">\n<p data-start=\"5160\" data-end=\"5184\">lodn\u00ed a marine pou\u017eit\u00ed<\/p>\n<\/li>\n<li data-start=\"5185\" data-end=\"5224\">\n<p data-start=\"5187\" data-end=\"5224\">outdoorov\u00e9 \u00fakoly v mokr\u00e9m prost\u0159ed\u00ed<\/p>\n<\/li>\n<li data-start=\"5225\" data-end=\"5266\">\n<p data-start=\"5227\" data-end=\"5266\">ka\u017edodenn\u00ed no\u0161en\u00ed i t\u011b\u017e\u0161\u00ed \u0159ezn\u00e9 v\u00fdzvy<\/p>\n<\/li>\n<li data-start=\"5267\" data-end=\"5323\">\n<p data-start=\"5269\" data-end=\"5323\">u\u017eivatele, kte\u0159\u00ed cht\u011bj\u00ed extr\u00e9mn\u00ed odolnost proti korozi<\/p>\n<\/li>\n<\/ul>\n<hr data-start=\"5325\" data-end=\"5328\" \/>\n<h2 data-start=\"5330\" data-end=\"5354\">\u2b50 Z\u00e1v\u011bre\u010dn\u00e9 hodnocen\u00ed<\/h2>\n<p data-start=\"5356\" data-end=\"5641\">Spyderco Salt 2 Wharncliffe C88FSWCGR2 je specializovan\u00fd zav\u00edrac\u00ed n\u016f\u017e, kter\u00fd exceluje tam, kde ostatn\u00ed no\u017ee selh\u00e1vaj\u00ed \u2013 zejm\u00e9na ve vodn\u00edm a korozivn\u00edm prost\u0159ed\u00ed. D\u00edky keramick\u00e9 \u010depeli, ergonomick\u00e9mu designu a spolehliv\u00e9mu z\u00e1mku poskytuje vysok\u00fd v\u00fdkon, precizn\u00ed \u0159ez a dlouhou \u017eivotnost.<\/p>\n<p data-start=\"5643\" data-end=\"5741\">Salt 2 Wharncliffe \u2013 <strong data-start=\"5664\" data-end=\"5733\">perfektn\u00ed spojen\u00ed odolnosti, p\u0159esnosti a ka\u017edodenn\u00ed prakti\u010dnosti.<\/strong> \ud83d\udd2a\ud83c\udf0a\ud83d\udee5\ufe0f<\/p>\n<\/div>\n<\/div>\n<\/div>\n<\/div>\n<div class=\"z-0 flex min-h-[46px] justify-start\"><\/div>\n<\/div>\n<\/div>\n<\/article>\n<\/div>\n<div class=\"pointer-events-none h-px w-px absolute bottom-0\" aria-hidden=\"true\" data-edge=\"true\"><\/div>\n","protected":false},"excerpt":{"rendered":"<p><strong>P\u016fvodn\u00ed model Salt 2 spole\u010dnosti Spyderco kombinoval vysoce propracovanou ergonomii rukojeti a r\u016fzn\u00e9 mo\u017enosti no\u0161en\u00ed nejprod\u00e1van\u011bj\u0161\u00ed platformy Delica 4 s materi\u00e1ly ultra odoln\u00fdmi proti korozi.<\/strong><\/p>\n<p><strong>Doprava zdarma.<\/strong><\/p>\n","protected":false},"featured_media":260154,"comment_status":"open","ping_status":"closed","template":"","meta":[],"pwb-brand":[567],"product_brand":[],"product_cat":[22,17],"product_tag":[3667],"class_list":{"0":"post-260153","1":"product","2":"type-product","3":"status-publish","4":"has-post-thumbnail","6":"pwb-brand-spyderco","7":"product_cat-zaviraci-noze","8":"product_cat-noze","9":"product_tag-b2b","11":"first","12":"instock","13":"taxable","14":"shipping-taxable","15":"purchasable","16":"product-type-simple"},"brands":[{"id":567,"name":"Spyderco","slug":"spyderco"}],"_links":{"self":[{"href":"https:\/\/www.moskito.cz\/fr\/wp-json\/wp\/v2\/product\/260153","targetHints":{"allow":["GET"]}}],"collection":[{"href":"https:\/\/www.moskito.cz\/fr\/wp-json\/wp\/v2\/product"}],"about":[{"href":"https:\/\/www.moskito.cz\/fr\/wp-json\/wp\/v2\/types\/product"}],"replies":[{"embeddable":true,"href":"https:\/\/www.moskito.cz\/fr\/wp-json\/wp\/v2\/comments?post=260153"}],"wp:featuredmedia":[{"embeddable":true,"href":"https:\/\/www.moskito.cz\/fr\/wp-json\/wp\/v2\/media\/260154"}],"wp:attachment":[{"href":"https:\/\/www.moskito.cz\/fr\/wp-json\/wp\/v2\/media?parent=260153"}],"wp:term":[{"taxonomy":"pwb-brand","embeddable":true,"href":"https:\/\/www.moskito.cz\/fr\/wp-json\/wp\/v2\/pwb-brand?post=260153"},{"taxonomy":"product_brand","embeddable":true,"href":"https:\/\/www.moskito.cz\/fr\/wp-json\/wp\/v2\/product_brand?post=260153"},{"taxonomy":"product_cat","embeddable":true,"href":"https:\/\/www.moskito.cz\/fr\/wp-json\/wp\/v2\/product_cat?post=260153"},{"taxonomy":"product_tag","embeddable":true,"href":"https:\/\/www.moskito.cz\/fr\/wp-json\/wp\/v2\/product_tag?post=260153"}],"curies":[{"name":"wp","href":"https:\/\/api.w.org\/{rel}","templated":true}]}}