{"id":260911,"date":"2023-12-03T21:33:28","date_gmt":"2023-12-03T20:33:28","guid":{"rendered":"https:\/\/www.moskito.cz\/?post_type=product&#038;p=260911"},"modified":"2025-08-25T18:38:54","modified_gmt":"2025-08-25T17:38:54","slug":"zaviraci-nuz-spyderco-clipitool-c176ps","status":"publish","type":"product","link":"https:\/\/www.moskito.cz\/fr\/produkt\/zaviraci-nuz-spyderco-clipitool-c176ps\/","title":{"rendered":"Zav\u00edrac\u00ed N\u016f\u017e Spyderco ClipiTool C176P&#038;S"},"content":{"rendered":"<p>Zav\u00edrac\u00ed N\u016f\u017e <strong>Spyderco<\/strong> ClipiTool C176P&amp;S<\/p>\n<p>No\u017ee <strong>ClipiTool\u2122<\/strong> p\u0159edstavuj\u00ed vzru\u0161uj\u00edc\u00ed druh \u0159ezn\u00fdch n\u00e1stroj\u016f Spyderco, kter\u00e9 nov\u011b definuj\u00ed koncept multifunk\u010dn\u00edho kapesn\u00edho no\u017ee. Jak v\u0161ichni v\u00edme, kapesn\u00ed no\u017ee, kter\u00e9 kombinuj\u00ed \u0159ezn\u00fd v\u00fdkon prim\u00e1rn\u00ed \u010depele s jedn\u00edm nebo v\u00edce dal\u0161\u00edmi n\u00e1stroji, nejsou \u017e\u00e1dnou novinkou. V tom spo\u010d\u00edv\u00e1 probl\u00e9m.<\/p>\n<p>P\u0159esto\u017ee je v\u011bt\u0161ina dne\u0161n\u00edch multifunk\u010dn\u00edch no\u017e\u016f vyrobena z modern\u00edch vysoce v\u00fdkonn\u00fdch materi\u00e1l\u016f, jejich konstrukce se od doby, kdy byly poprv\u00e9 vynalezeny p\u0159ed stalet\u00edmi, v\u00fdrazn\u011b nevyv\u00edjela. Zejm\u00e9na jejich pou\u017e\u00edv\u00e1n\u00ed tradi\u010dn\u00edch z\u00e1\u0159ez\u016f na nehty jako n\u00e1kupu k otev\u0159en\u00ed r\u016fzn\u00fdch n\u00e1stroj\u016f je nepohodln\u00e9, pomal\u00e9 a \u010dasto vede k l\u00e1m\u00e1n\u00ed neht\u016f a frustraci. Tradi\u010dn\u00ed kapesn\u00ed no\u017ee se tak\u00e9 pohybuj\u00ed ve spodn\u00ed \u010d\u00e1sti kapsy, kde mohou b\u00fdt obt\u00ed\u017en\u011b p\u0159\u00edstupn\u00e9, mohou se ztratit mezi ostatn\u00edmi p\u0159edm\u011bty a jsou n\u00e1chyln\u00e9 na \u017emolky a kapesn\u00ed odpadky.<\/p>\n<p>No\u017ee <strong>ClipiTool<\/strong> to v\u0161e m\u011bn\u00ed integrac\u00ed mnoha funkc\u00ed, kter\u00e9 definuj\u00ed revolu\u010dn\u00ed zav\u00edrac\u00ed no\u017ee Spyderco s otev\u00edr\u00e1n\u00edm jednou rukou, s konceptem klasick\u00e9ho v\u00edce\u010depelov\u00e9ho kapesn\u00edho no\u017ee. Srdcem ka\u017ed\u00e9ho n\u00e1stroje ClipiTool je jeho prim\u00e1rn\u00ed \u010depel, kter\u00e1 se vyzna\u010duje \u0161irok\u00fdm profilem a pln\u011b ploch\u00fdm brou\u0161en\u00edm pro spolehliv\u00fd \u0159ezn\u00fd v\u00fdkon daleko za jeho velikost\u00ed. Obsahuje tak\u00e9 charakteristick\u00fd kulat\u00fd otvor pro ochrannou zn\u00e1mku Spyderco a dr\u00e1\u017eku pro ukazov\u00e1\u010dek. I kdy\u017e nen\u00ed ur\u010den pro ovl\u00e1d\u00e1n\u00ed jednou rukou, kulat\u00fd otvor zna\u010dn\u011b usnad\u0148uje otev\u00edr\u00e1n\u00ed \u010depele s kluzn\u00fdm kloubem ob\u011bma rukama. Ukazov\u00e1\u010dek umo\u017e\u0148uje bezpe\u010dn\u00e9 uchopen\u00ed, kter\u00e9 p\u0159ibl\u00ed\u017e\u00ed va\u0161i ruku k \u0159ezn\u00e9 akci a umo\u017en\u00ed ukazov\u00e1\u010dku fungovat jako p\u0159irozen\u00e1 zar\u00e1\u017eka, aby se zabr\u00e1nilo n\u00e1hodn\u00e9mu zav\u0159en\u00ed \u010depele.<\/p>\n<p>Prim\u00e1rn\u00ed \u0159ezac\u00ed \u010depel no\u017ee ClipiTool je doprov\u00e1zena sekund\u00e1rn\u00edm n\u00e1strojem, kter\u00fd se tak\u00e9 pohodln\u011b slo\u017e\u00ed do rukojeti pomoc\u00ed mechanismu bez aretace. V sou\u010dasn\u00e9 dob\u011b tyto n\u00e1stroje zahrnuj\u00ed v\u00fdb\u011br n\u016f\u017eek, zoubkovan\u00e9ho ost\u0159\u00ed nebo kombinace otv\u00edr\u00e1k na l\u00e1hve\/ploch\u00fd \u0161roubov\u00e1k. Stejn\u011b jako hlavn\u00ed \u010depel, v\u0161echny tyto n\u00e1stroje obsahuj\u00ed kulat\u00e9 otvory s ochrannou zn\u00e1mkou, kter\u00e9 podporuj\u00ed snadn\u00e9 sev\u0159en\u00ed palcem a ukazov\u00e1\u010dkem pro rychl\u00e9 a pozitivn\u00ed otev\u00edr\u00e1n\u00ed ob\u011bma rukama.<\/p>\n<p>No\u017ee ClipiTool jsou vyrobeny v\u00fdhradn\u011b z nerezov\u00e9 oceli odoln\u00e9 proti korozi a vyzna\u010duj\u00ed se vynikaj\u00edc\u00edm p\u0159izp\u016fsoben\u00edm, povrchovou \u00fapravou a d\u016frazem na detail. Zahrnuj\u00ed tak\u00e9 praktickou sponu, kter\u00e1 je umo\u017e\u0148uje p\u0159ipnout na horn\u00ed \u010d\u00e1st kapsy nebo na podobn\u00e9 m\u00edsto, aby byly okam\u017eit\u011b p\u0159\u00edstupn\u00e9 a bez \u017emolk\u016f a jin\u00fdch ne\u010distot. Tento klip tak\u00e9 umo\u017e\u0148uje ClipiTools fungovat jako spony na pen\u00edze, pokud je nos\u00edte v kapse.<\/p>\n<p>Kompaktn\u00ed, pohodln\u00e9 a extr\u00e9mn\u011b univerz\u00e1ln\u00ed no\u017ee ClipiTool jsou tak\u00e9 velmi cenov\u011b dostupn\u00e9 a na budouc\u00edch modelech se ji\u017e pracuje.<\/p>\n<p>P\u0159ed v\u00edce ne\u017e 30 lety spole\u010dnost Spyderco p\u0159edefinovala zav\u00edrac\u00ed n\u016f\u017e se zav\u00edrac\u00ed \u010depel\u00ed. N\u00e1\u0161 nejnov\u011bj\u0161\u00ed druh n\u00e1stroj\u016f d\u011bl\u00e1 tot\u00e9\u017e pro multifunk\u010dn\u00ed kapesn\u00ed n\u016f\u017e s posuvn\u00fdm kloubem. No\u017ee ClipiTool \u2013 evoluce revoluce.<\/p>\n<p>Funkce<br \/>\nPrecizn\u00ed celonerezov\u00e1 konstrukce s vynikaj\u00edc\u00edm p\u0159izp\u016fsoben\u00edm, povrchovou \u00fapravou a d\u016frazem na detail<br \/>\nKapesn\u00ed klip pro pohodln\u00e9 p\u0159en\u00e1\u0161en\u00ed a snadn\u00fd p\u0159\u00edstup<br \/>\n\u0160irok\u00fd, pln\u011b ploch\u00fd kotou\u010d nab\u00edz\u00ed na svou velikost bezkonkuren\u010dn\u00ed \u0159ezn\u00fd v\u00fdkon<br \/>\n\u010cepel s neuzamykateln\u00fdm kluzn\u00fdm kloubem m\u00e1 pro bezpe\u010dnost p\u0159i pou\u017e\u00edv\u00e1n\u00ed ukazov\u00e1\u010dek<br \/>\nU\u017eivatelsky p\u0159\u00edv\u011btiv\u00fd kulat\u00fd otvor v \u010depeli a n\u00e1stroji pro snadn\u00e9 otev\u00edr\u00e1n\u00ed ob\u011bma rukama<br \/>\nPraktick\u00e9, neuzamykateln\u00e9 sekund\u00e1rn\u00ed n\u00e1stroje se snadno vypo\u0159\u00e1daj\u00ed s dal\u0161\u00edmi ka\u017edodenn\u00edmi \u00fakoly<br \/>\nSpecifikace<br \/>\nD\u00e9lka \u010depele: 5.1 cm<br \/>\nCelkov\u00e1 d\u00e9lka: 11.6 cm<br \/>\nD\u00e9lka v zav\u0159en\u00e9m stavu: 6.5 cm<br \/>\nTlou\u0161\u0165ka \u010depele: 0,2 cm<br \/>\nMateri\u00e1l \u010depele: 8Cr13MoV<br \/>\nMateri\u00e1l rukojeti: Nerezov\u00e1 ocel<br \/>\nUzamykac\u00ed mechanismus: Kluzn\u00fd kloub<br \/>\nHmotnost: 51 g<\/p>\n","protected":false},"excerpt":{"rendered":"<p><strong>No\u017ee ClipiTool\u2122 p\u0159edstavuj\u00ed vzru\u0161uj\u00edc\u00ed druh \u0159ezn\u00fdch n\u00e1stroj\u016f Spyderco, kter\u00e9 nov\u011b definuj\u00ed koncept multifunk\u010dn\u00edho kapesn\u00edho no\u017ee.<\/strong><\/p>\n","protected":false},"featured_media":260912,"comment_status":"open","ping_status":"closed","template":"","meta":[],"pwb-brand":[567],"product_brand":[],"product_cat":[22,17],"product_tag":[3667],"class_list":{"0":"post-260911","1":"product","2":"type-product","3":"status-publish","4":"has-post-thumbnail","6":"pwb-brand-spyderco","7":"product_cat-zaviraci-noze","8":"product_cat-noze","9":"product_tag-b2b","11":"first","12":"outofstock","13":"taxable","14":"shipping-taxable","15":"purchasable","16":"product-type-simple"},"brands":[{"id":567,"name":"Spyderco","slug":"spyderco"}],"_links":{"self":[{"href":"https:\/\/www.moskito.cz\/fr\/wp-json\/wp\/v2\/product\/260911","targetHints":{"allow":["GET"]}}],"collection":[{"href":"https:\/\/www.moskito.cz\/fr\/wp-json\/wp\/v2\/product"}],"about":[{"href":"https:\/\/www.moskito.cz\/fr\/wp-json\/wp\/v2\/types\/product"}],"replies":[{"embeddable":true,"href":"https:\/\/www.moskito.cz\/fr\/wp-json\/wp\/v2\/comments?post=260911"}],"wp:featuredmedia":[{"embeddable":true,"href":"https:\/\/www.moskito.cz\/fr\/wp-json\/wp\/v2\/media\/260912"}],"wp:attachment":[{"href":"https:\/\/www.moskito.cz\/fr\/wp-json\/wp\/v2\/media?parent=260911"}],"wp:term":[{"taxonomy":"pwb-brand","embeddable":true,"href":"https:\/\/www.moskito.cz\/fr\/wp-json\/wp\/v2\/pwb-brand?post=260911"},{"taxonomy":"product_brand","embeddable":true,"href":"https:\/\/www.moskito.cz\/fr\/wp-json\/wp\/v2\/product_brand?post=260911"},{"taxonomy":"product_cat","embeddable":true,"href":"https:\/\/www.moskito.cz\/fr\/wp-json\/wp\/v2\/product_cat?post=260911"},{"taxonomy":"product_tag","embeddable":true,"href":"https:\/\/www.moskito.cz\/fr\/wp-json\/wp\/v2\/product_tag?post=260911"}],"curies":[{"name":"wp","href":"https:\/\/api.w.org\/{rel}","templated":true}]}}