{"id":261055,"date":"2023-12-04T20:57:21","date_gmt":"2023-12-04T19:57:21","guid":{"rendered":"https:\/\/www.moskito.cz\/?post_type=product&#038;p=261055"},"modified":"2025-05-07T10:54:33","modified_gmt":"2025-05-07T09:54:33","slug":"zaviraci-nuz-spyderco-salt-2-wharncliffe-c88swcyl2","status":"publish","type":"product","link":"https:\/\/www.moskito.cz\/fr\/produkt\/zaviraci-nuz-spyderco-salt-2-wharncliffe-c88swcyl2\/","title":{"rendered":"Zav\u00edrac\u00ed N\u016f\u017e Spyderco Salt 2 Wharncliffe  C88SWCYL2"},"content":{"rendered":"<p>Zav\u00edrac\u00ed N\u016f\u017e <strong>Spyderco<\/strong> Salt 2 Wharncliffe C88SWCYL2<\/p>\n<p>Druh\u00e1 generace no\u017e\u016f Salt 2 od <strong>Spyderco<\/strong> kombinuje mimo\u0159\u00e1dnou odolnost proti korozi a extr\u00e9mn\u00ed hou\u017eevnatost ultra-korozi odoln\u00e9 oceli H-1 na b\u00e1zi dus\u00edku s vyt\u0159\u00edbenou ergonomi\u00ed rukojeti nejprod\u00e1van\u011bj\u0161\u00edho Delica 4. Salt 2 Wharncliffe pokra\u010duje v tomto v\u00fdvoji p\u0159id\u00e1n\u00edm bezkonkuren\u010dn\u00ed \u0159ezn\u00fd v\u00fdkon a p\u0159esnost dut\u00e9ho brou\u0161en\u00e9ho profilu \u010depele Wharncliffe. K dispozici s mo\u017enost\u00ed v\u00fdb\u011bru mezi PlainEdge nebo pln\u011b zoubkovan\u00fdm SpyderEdge, jeho dal\u0161\u00ed \u010dasem prov\u011b\u0159en\u00e9 funkce zahrnuj\u00ed mechanismus lockback, jasn\u011b \u017elutou nylonovou (FRN) rukoje\u0165 vyztu\u017eenou skeln\u00fdmi vl\u00e1kny, vysoce trak\u010dn\u00ed dvousm\u011brn\u00fd texturov\u00fd vzor a \u010dty\u0159polohov\u00fd titanov\u00fd kapesn\u00ed klip. Spolu s pln\u011b p\u0159\u00edstupn\u00fdm kulat\u00fdm otvorem pro ochrannou zn\u00e1mku d\u011blaj\u00ed ka\u017ed\u00fd aspekt designu tohoto no\u017ee zcela oboustrann\u00fd.<\/p>\n<p>Na za\u010d\u00e1tku roku 2023 Spyderco ozn\u00e1milo pr\u016fb\u011b\u017enou zm\u011bnu pro svou s\u00e9rii Salt. S\u00e9rie Salt, p\u016fvodn\u011b vyr\u00e1b\u011bn\u00e1 z nerezov\u00e9 oceli H1, se p\u0159ech\u00e1z\u00ed na nerezovou ocel H2, kter\u00e1 poskytuje zv\u00fd\u0161enou odolnost proti korozi.<\/p>\n<p>Specifikace:<br \/>\nD\u00e9lka \u010depele: 7.22 cm<br \/>\nD\u00e9lka v zav\u0159en\u00e9m stavu: 10.62 cm<br \/>\nCelkov\u00e1 d\u00e9lka: 17.85 cm<br \/>\nMateri\u00e1l \u010depele: H1\/H2 Ultra-korozi odoln\u00e1 ocel*<br \/>\nStyl \u010depele: Wharncliffe<br \/>\nBrou\u0161en\u00ed \u010depele: Dut\u00e9<br \/>\nPovrchov\u00e1 \u00faprava \u010depele: sat\u00e9n<br \/>\nOst\u0159\u00ed \u010depele: Vroubkovan\u00e9<br \/>\nMateri\u00e1l rukojeti: FRN<br \/>\nBarva rukojeti: \u017elut\u00e1<br \/>\nUzamykac\u00ed mechanismus: Lockback<br \/>\nKapesn\u00ed klip: Sklopen\u00ed nahoru\/dol\u016f, no\u0161en\u00ed vlevo\/vpravo<br \/>\n\u010c\u00edslo modelu: C88SWCYL2<br \/>\nN\u00e1zev modelu: Salt 2 Wharncliffe<br \/>\nHmotnost: 2,0 oz.<br \/>\nVyrobeno v Japonsku<\/p>\n","protected":false},"excerpt":{"rendered":"<p><strong>Druh\u00e1 generace no\u017e\u016f Salt 2 od Spyderco kombinuje mimo\u0159\u00e1dnou odolnost proti korozi a extr\u00e9mn\u00ed hou\u017eevnatost ultra-korozi odoln\u00e9 oceli H-1 na b\u00e1zi dus\u00edku s vyt\u0159\u00edbenou ergonomi\u00ed rukojeti nejprod\u00e1van\u011bj\u0161\u00edho Delica 4. Salt 2 Wharncliffe pokra\u010duje v tomto v\u00fdvoji p\u0159id\u00e1n\u00edm bezkonkuren\u010dn\u00ed \u0159ezn\u00fd v\u00fdkon a p\u0159esnost dut\u00e9ho brou\u0161en\u00e9ho profilu \u010depele Wharncliffe.<\/strong><\/p>\n","protected":false},"featured_media":261056,"comment_status":"open","ping_status":"closed","template":"","meta":[],"pwb-brand":[567],"product_brand":[],"product_cat":[22,17],"product_tag":[3667],"class_list":{"0":"post-261055","1":"product","2":"type-product","3":"status-publish","4":"has-post-thumbnail","6":"pwb-brand-spyderco","7":"product_cat-zaviraci-noze","8":"product_cat-noze","9":"product_tag-b2b","11":"first","12":"instock","13":"taxable","14":"shipping-taxable","15":"purchasable","16":"product-type-simple"},"brands":[{"id":567,"name":"Spyderco","slug":"spyderco"}],"_links":{"self":[{"href":"https:\/\/www.moskito.cz\/fr\/wp-json\/wp\/v2\/product\/261055","targetHints":{"allow":["GET"]}}],"collection":[{"href":"https:\/\/www.moskito.cz\/fr\/wp-json\/wp\/v2\/product"}],"about":[{"href":"https:\/\/www.moskito.cz\/fr\/wp-json\/wp\/v2\/types\/product"}],"replies":[{"embeddable":true,"href":"https:\/\/www.moskito.cz\/fr\/wp-json\/wp\/v2\/comments?post=261055"}],"wp:featuredmedia":[{"embeddable":true,"href":"https:\/\/www.moskito.cz\/fr\/wp-json\/wp\/v2\/media\/261056"}],"wp:attachment":[{"href":"https:\/\/www.moskito.cz\/fr\/wp-json\/wp\/v2\/media?parent=261055"}],"wp:term":[{"taxonomy":"pwb-brand","embeddable":true,"href":"https:\/\/www.moskito.cz\/fr\/wp-json\/wp\/v2\/pwb-brand?post=261055"},{"taxonomy":"product_brand","embeddable":true,"href":"https:\/\/www.moskito.cz\/fr\/wp-json\/wp\/v2\/product_brand?post=261055"},{"taxonomy":"product_cat","embeddable":true,"href":"https:\/\/www.moskito.cz\/fr\/wp-json\/wp\/v2\/product_cat?post=261055"},{"taxonomy":"product_tag","embeddable":true,"href":"https:\/\/www.moskito.cz\/fr\/wp-json\/wp\/v2\/product_tag?post=261055"}],"curies":[{"name":"wp","href":"https:\/\/api.w.org\/{rel}","templated":true}]}}