{"id":261739,"date":"2023-12-17T15:52:00","date_gmt":"2023-12-17T14:52:00","guid":{"rendered":"https:\/\/www.moskito.cz\/?post_type=product&#038;p=261739"},"modified":"2025-05-07T10:54:50","modified_gmt":"2025-05-07T09:54:50","slug":"zaviraci-nuz-spyderco-manbug-salt-lightweight-myls","status":"publish","type":"product","link":"https:\/\/www.moskito.cz\/fr\/produkt\/zaviraci-nuz-spyderco-manbug-salt-lightweight-myls\/","title":{"rendered":"Zav\u00edrac\u00ed N\u016f\u017e Spyderco Manbug Salt Lightweight MYLS"},"content":{"rendered":"<p>Zav\u00edrac\u00ed N\u016f\u017e <strong>Spyderco<\/strong> Manbug Salt Lightweight MYLS<\/p>\n<p>P\u016fllitrov\u00fd Manbug, p\u016fvodn\u011b zam\u00fd\u0161len\u00fd jako o n\u011bco v\u011bt\u0161\u00ed, mu\u017en\u011bj\u0161\u00ed verze nejprod\u00e1van\u011bj\u0161\u00ed Ladybug od Spyderca, si mezi d\u016fvtipn\u00fdmi milovn\u00edky kapesn\u00edch no\u017e\u016f vyslou\u017eil sv\u00e9 vlastn\u00ed oddan\u00e9 fanou\u0161ky. Jeho popularita tak\u00e9 zplodila n\u011bkolik variac\u00ed, v\u010detn\u011b Manbug Salt, kter\u00e1 je speci\u00e1ln\u011b navr\u017eena pro pou\u017eit\u00ed ve vod\u011b a kolem n\u00ed.<\/p>\n<p>\u010cepel tohoto no\u017ee s tupou \u0161pi\u010dkou je vyrobena z oceli H-1, pokro\u010dil\u00e9 slitiny na b\u00e1zi dus\u00edku, kter\u00e1 je extr\u00e9mn\u011b odoln\u00e1 proti korozi. Jeho pln\u011b zoubkovan\u00e9 SpyderEdge nab\u00edz\u00ed na svou velikost extr\u00e9mn\u00ed \u0159ezn\u00fd v\u00fdkon \u2013 zejm\u00e9na na vl\u00e1knit\u00e9 materi\u00e1ly, jako jsou lana a s\u00edt\u011b. Kulat\u00fd otvor s ochrannou zn\u00e1mkou \u010depele ji neomyln\u011b identifikuje jako produkt Spyderco a umo\u017e\u0148uje snadn\u00e9 otev\u00edr\u00e1n\u00ed bez neht\u016f.<\/p>\n<p>Aby bylo zaji\u0161t\u011bno bezpe\u010dn\u00e9 uchopen\u00ed i mokr\u00fdma rukama, m\u00e1 Manbug Salt vst\u0159ikovan\u00e1 nylonov\u00e1 rukoje\u0165 vyztu\u017een\u00e1 skeln\u00fdmi vl\u00e1kny vysoce p\u0159ilnav\u00fdm vzorem Bi-Directional Texturing. Je tak\u00e9 vylisov\u00e1n v z\u00e1\u0159iv\u011b \u017elut\u00e9 barv\u011b pro vysokou viditelnost a obsahuje robustn\u00ed zadn\u00ed uzamykac\u00ed mechanismus, kter\u00fd zablokuje \u010depel p\u0159i pou\u017eit\u00ed bezpe\u010dn\u011b otev\u0159enou. Nadm\u011brn\u011b velk\u00fd otvor pro \u0161\u0148\u016frku tak\u00e9 umo\u017e\u0148uje snadn\u00e9 p\u0159ipevn\u011bn\u00ed \u0161\u0148\u016frek a bezpe\u010dnostn\u00edch \u0161\u0148\u016fr.<\/p>\n<p>Manbug Salt, schopn\u00fd v\u00fdkonu daleko p\u0159esahuj\u00edc\u00edho svou kompaktn\u00ed velikost, je perfektn\u00ed kapesn\u00ed \u0159ezac\u00ed n\u00e1stroj pro ryb\u00e1\u0159e, n\u00e1mo\u0159n\u00edky a kohokoli jin\u00e9ho, \u200b\u200bpro koho rezav\u00e1 \u010depel nen\u00ed volbou.<\/p>\n<p>Specifikace<br \/>\nD\u00e9lka \u010depele: 4.75 cm<br \/>\nD\u00e9lka v zav\u0159en\u00e9m stavu: 6.25 cm<br \/>\nCelkov\u00e1 d\u00e9lka: 11 cm<br \/>\nMateri\u00e1l \u010depele: H1\/H2 Ultra korozivzdorn\u00e1 ocel<br \/>\nStyl \u010depele: Sheepfoot<br \/>\nBrou\u0161en\u00ed \u010depele: Dut\u00e9<br \/>\nPovrchov\u00e1 \u00faprava \u010depele: sat\u00e9n<br \/>\nOst\u0159\u00ed \u010depele: Vroubkovan\u00e9<br \/>\nMateri\u00e1l rukojeti: Nylon vyztu\u017een\u00fd skeln\u00fdmi vl\u00e1kny (FRN)<br \/>\nBarva rukojeti: \u017elut\u00e1<br \/>\nUzamykac\u00ed mechanismus: Lockback<br \/>\nKapesn\u00ed klip: N\/A<br \/>\n\u010c\u00edslo modelu: MYLS<br \/>\nN\u00e1zev modelu: Manbug Salt Lightweight<br \/>\nHmotnost: 0,8 oz.<br \/>\nVyrobeno v Japonsku<\/p>\n","protected":false},"excerpt":{"rendered":"<p><strong>Manbug Salt, schopn\u00fd v\u00fdkonu daleko p\u0159esahuj\u00edc\u00edho svou kompaktn\u00ed velikost, je perfektn\u00ed kapesn\u00ed \u0159ezac\u00ed n\u00e1stroj pro ryb\u00e1\u0159e, n\u00e1mo\u0159n\u00edky a kohokoli jin\u00e9ho, \u200b\u200bpro koho rezav\u00e1 \u010depel nen\u00ed volbou.<\/strong><\/p>\n","protected":false},"featured_media":261740,"comment_status":"open","ping_status":"closed","template":"","meta":[],"pwb-brand":[567],"product_brand":[],"product_cat":[22,17],"product_tag":[3667],"class_list":{"0":"post-261739","1":"product","2":"type-product","3":"status-publish","4":"has-post-thumbnail","6":"pwb-brand-spyderco","7":"product_cat-zaviraci-noze","8":"product_cat-noze","9":"product_tag-b2b","11":"first","12":"instock","13":"taxable","14":"shipping-taxable","15":"purchasable","16":"product-type-simple"},"brands":[{"id":567,"name":"Spyderco","slug":"spyderco"}],"_links":{"self":[{"href":"https:\/\/www.moskito.cz\/fr\/wp-json\/wp\/v2\/product\/261739","targetHints":{"allow":["GET"]}}],"collection":[{"href":"https:\/\/www.moskito.cz\/fr\/wp-json\/wp\/v2\/product"}],"about":[{"href":"https:\/\/www.moskito.cz\/fr\/wp-json\/wp\/v2\/types\/product"}],"replies":[{"embeddable":true,"href":"https:\/\/www.moskito.cz\/fr\/wp-json\/wp\/v2\/comments?post=261739"}],"wp:featuredmedia":[{"embeddable":true,"href":"https:\/\/www.moskito.cz\/fr\/wp-json\/wp\/v2\/media\/261740"}],"wp:attachment":[{"href":"https:\/\/www.moskito.cz\/fr\/wp-json\/wp\/v2\/media?parent=261739"}],"wp:term":[{"taxonomy":"pwb-brand","embeddable":true,"href":"https:\/\/www.moskito.cz\/fr\/wp-json\/wp\/v2\/pwb-brand?post=261739"},{"taxonomy":"product_brand","embeddable":true,"href":"https:\/\/www.moskito.cz\/fr\/wp-json\/wp\/v2\/product_brand?post=261739"},{"taxonomy":"product_cat","embeddable":true,"href":"https:\/\/www.moskito.cz\/fr\/wp-json\/wp\/v2\/product_cat?post=261739"},{"taxonomy":"product_tag","embeddable":true,"href":"https:\/\/www.moskito.cz\/fr\/wp-json\/wp\/v2\/product_tag?post=261739"}],"curies":[{"name":"wp","href":"https:\/\/api.w.org\/{rel}","templated":true}]}}