{"id":262229,"date":"2024-01-03T23:43:03","date_gmt":"2024-01-03T22:43:03","guid":{"rendered":"https:\/\/www.moskito.cz\/?post_type=product&#038;p=262229"},"modified":"2025-05-07T10:55:02","modified_gmt":"2025-05-07T09:55:02","slug":"brousek-spyderco-cbn-cubic-boron-nitride-306cbn","status":"publish","type":"product","link":"https:\/\/www.moskito.cz\/fr\/produkt\/brousek-spyderco-cbn-cubic-boron-nitride-306cbn\/","title":{"rendered":"Brousek Spyderco CBN Cubic Boron Nitride 306CBN"},"content":{"rendered":"<p>Brousek <strong>Spyderco<\/strong> CBN Cubic Boron Nitride 306CBN<\/p>\n<p>Kubick\u00fd nitrid boru (CBN) je high-tech super abrazivo, kter\u00e9 je v tvrdosti druh\u00e9 za diamantem. CBN nab\u00edz\u00ed vy\u0161\u0161\u00ed odolnost proti od\u011bru a tepelnou vodivost ne\u017e konven\u010dn\u00ed brusiva, jako je karbid k\u0159em\u00edku a oxid hlinit\u00fd, a odstra\u0148uje ocel rychle a efektivn\u011b. Benchstone 3&#215;8 spole\u010dnosti <strong>Spyderco<\/strong> kombinuje mnoho v\u00fdhod CBN s klasick\u00fdm form\u00e1tem ploch\u00e9ho kamene, kter\u00fd p\u0159epl\u0148uje tradi\u010dn\u00ed techniky ost\u0159en\u00ed. \u0160irok\u00fd, dokonale ploch\u00fd z\u00e1rodek z uhl\u00edkov\u00e9 oceli tohoto kamene je pota\u017een rychle \u0159ezn\u00fdm 400 mesh CBN na jedn\u00e9 stran\u011b a jemn\u011bj\u0161\u00edm 800 mesh CBN na stran\u011b druh\u00e9. Tento k\u00e1men je ide\u00e1ln\u00ed pro nasazov\u00e1n\u00ed ost\u0159\u00ed na no\u017ee a je tak\u00e9 perfektn\u00ed volbou pro brou\u0161en\u00ed d\u0159ev\u011bn\u00fdch dl\u00e1t, hobl\u00edk\u016f a podobn\u00fdch n\u00e1stroj\u016f a je dod\u00e1v\u00e1n s vysoce kvalitn\u00edm semi\u0161ov\u00fdm ochrann\u00fdm pouzdrem.<\/p>\n<p>Rozm\u011br: 7.5 x 20 cm<\/p>\n","protected":false},"excerpt":{"rendered":"<p><strong>Kubick\u00fd nitrid boru (CBN) je high-tech super abrazivo, kter\u00e9 je v tvrdosti druh\u00e9 za diamantem.<\/strong><\/p>\n","protected":false},"featured_media":262230,"comment_status":"open","ping_status":"closed","template":"","meta":[],"pwb-brand":[567],"product_brand":[],"product_cat":[26],"product_tag":[3667],"class_list":{"0":"post-262229","1":"product","2":"type-product","3":"status-publish","4":"has-post-thumbnail","6":"pwb-brand-spyderco","7":"product_cat-brousky-a-ocilky","8":"product_tag-b2b","10":"first","11":"instock","12":"taxable","13":"shipping-taxable","14":"purchasable","15":"product-type-simple"},"brands":[{"id":567,"name":"Spyderco","slug":"spyderco"}],"_links":{"self":[{"href":"https:\/\/www.moskito.cz\/fr\/wp-json\/wp\/v2\/product\/262229","targetHints":{"allow":["GET"]}}],"collection":[{"href":"https:\/\/www.moskito.cz\/fr\/wp-json\/wp\/v2\/product"}],"about":[{"href":"https:\/\/www.moskito.cz\/fr\/wp-json\/wp\/v2\/types\/product"}],"replies":[{"embeddable":true,"href":"https:\/\/www.moskito.cz\/fr\/wp-json\/wp\/v2\/comments?post=262229"}],"wp:featuredmedia":[{"embeddable":true,"href":"https:\/\/www.moskito.cz\/fr\/wp-json\/wp\/v2\/media\/262230"}],"wp:attachment":[{"href":"https:\/\/www.moskito.cz\/fr\/wp-json\/wp\/v2\/media?parent=262229"}],"wp:term":[{"taxonomy":"pwb-brand","embeddable":true,"href":"https:\/\/www.moskito.cz\/fr\/wp-json\/wp\/v2\/pwb-brand?post=262229"},{"taxonomy":"product_brand","embeddable":true,"href":"https:\/\/www.moskito.cz\/fr\/wp-json\/wp\/v2\/product_brand?post=262229"},{"taxonomy":"product_cat","embeddable":true,"href":"https:\/\/www.moskito.cz\/fr\/wp-json\/wp\/v2\/product_cat?post=262229"},{"taxonomy":"product_tag","embeddable":true,"href":"https:\/\/www.moskito.cz\/fr\/wp-json\/wp\/v2\/product_tag?post=262229"}],"curies":[{"name":"wp","href":"https:\/\/api.w.org\/{rel}","templated":true}]}}