{"id":312918,"date":"2024-02-13T14:49:48","date_gmt":"2024-02-13T13:49:48","guid":{"rendered":"https:\/\/www.moskito.cz\/?post_type=product&#038;p=312918"},"modified":"2025-05-07T11:02:40","modified_gmt":"2025-05-07T10:02:40","slug":"vystrelovaci-nuz-heretic-knives-roc-battleworn-hawkbill-h060-5a-battle","status":"publish","type":"product","link":"https:\/\/www.moskito.cz\/fr\/produkt\/vystrelovaci-nuz-heretic-knives-roc-battleworn-hawkbill-h060-5a-battle\/","title":{"rendered":"Vyst\u0159elovac\u00ed N\u016f\u017e Heretic Knives Roc Battleworn Hawkbill H060-5A-BATTLE"},"content":{"rendered":"<p>Vyst\u0159elovac\u00ed N\u016f\u017e <strong>Heretic Knives<\/strong> Roc Battleworn Hawkbill H060-5A-BATTLE<\/p>\n<p>Roc z Heretic Knives spad\u00e1 p\u0159\u00edmo do sladk\u00e9ho m\u00edsta v sestav\u011b Heretic. Roc je ide\u00e1ln\u00ed velikost pro v\u011bt\u0161inu z n\u00e1s, p\u0159\u00edmo na stejn\u00e9 \u00farovni jako slavn\u00fd Microtech Ultratech. Tento n\u016f\u017e je 100% vyroben a sestaven v USA a je podpo\u0159en do\u017eivotn\u00ed z\u00e1rukou, tak\u017ee si m\u016f\u017eete b\u00fdt jisti, \u017ee tento OTF vydr\u017e\u00ed. Vyzna\u010duje se hedv\u00e1bn\u011b hladk\u00fdm nasazen\u00edm a zata\u017een\u00edm jednou rukou, co\u017e je standardn\u00ed v \u0159ad\u011b Heretic OTF. Tento model m\u00e1 o n\u011bco del\u0161\u00ed ne\u017e t\u0159\u00edpalcovou \u010depel, integrovan\u00fd otvor pro \u0161\u0148\u016frku a hlubokou sponu pro p\u0159en\u00e1\u0161en\u00ed. Jeho \u0161t\u00edhl\u00fd profil a lehk\u00e1 povaha umo\u017e\u0148uj\u00ed snadn\u00e9 p\u0159en\u00e1\u0161en\u00ed po ruce a p\u0159ipraven\u00e9 okam\u017eit\u011b. Akce je n\u00e1vykov\u00e1, ergonomie je na m\u00edst\u011b a kvalita zpracov\u00e1n\u00ed je \u0161pi\u010dkov\u00e1. Nebudete zklam\u00e1ni.<br \/>\nSpecifikace:<\/p>\n<p>D\u00e9lka \u010depele: 8 cm<br \/>\nCelkov\u00e1 d\u00e9lka: 20 cm<br \/>\nMateri\u00e1l \u010depele: CPM-MagnaCut Nerezov\u00e1 ocel<br \/>\nTlou\u0161\u0165ka \u010depele: 0,140&Prime;<br \/>\nStyl \u010depele: Hawkbill<br \/>\nBrou\u0161en\u00ed \u010depele: Ploch\u00e9<br \/>\nPovrchov\u00e1 \u00faprava \u010depele: Bojov\u011b opot\u0159ebovan\u00e1<br \/>\nMateri\u00e1l rukojeti: Bojem opot\u0159ebovan\u00fd \u010dern\u00fd hlin\u00edk<br \/>\nUzamykac\u00ed mechanismus: Posuvn\u00fd<br \/>\nKapesn\u00ed klip: Deep Carry Titanium (Tip-Down, Right Carry)<br \/>\nHmotnost: 4,0 oz.<br \/>\nDesign\u00e9r: Tony Marfione Jr.<br \/>\nVyrobeno v USA<\/p>\n<p>&nbsp;<\/p>\n","protected":false},"excerpt":{"rendered":"<div class=\"elementor-element elementor-element-bbb542b elementor-widget elementor-widget-woocommerce-product-short-description\" data-id=\"bbb542b\" data-element_type=\"widget\" data-widget_type=\"woocommerce-product-short-description.default\">\n<div class=\"elementor-widget-container\">\n<div class=\"woocommerce-product-details__short-description\">\n<p><strong>V\u0161echny na\u0161e no\u017ee jsou vyrobeny v USA a tak to zachov\u00e1me. Kdy\u017e si koup\u00edte n\u011bkter\u00fd z na\u0161ich no\u017e\u016f, m\u016f\u017eete m\u00edt d\u016fv\u011bru ve sv\u016fj n\u00e1stroj s v\u011bdom\u00edm, \u017ee je podporov\u00e1n americkou spole\u010dnost\u00ed. Na\u0161e no\u017ee jsou vyr\u00e1b\u011bny v mal\u00fdch s\u00e9ri\u00edch, abychom zajistili, \u017ee dostanete kvalitn\u00ed n\u016f\u017e, kter\u00e9mu se dost\u00e1v\u00e1 pozornosti, jak\u00e9 se nedost\u00e1v\u00e1 jin\u00fdm s\u00e9riov\u011b vyr\u00e1b\u011bn\u00fdm no\u017e\u016fm!!<\/strong><\/p>\n<p><strong>Doprava zdarma.<\/strong><\/p>\n<\/div>\n<\/div>\n<\/div>\n","protected":false},"featured_media":312919,"comment_status":"open","ping_status":"closed","template":"","meta":[],"pwb-brand":[318],"product_brand":[],"product_cat":[2019,17],"product_tag":[3667],"class_list":{"0":"post-312918","1":"product","2":"type-product","3":"status-publish","4":"has-post-thumbnail","6":"pwb-brand-heretic-knives","7":"product_cat-vystrelovaci-noze","8":"product_cat-noze","9":"product_tag-b2b","11":"first","12":"outofstock","13":"taxable","14":"shipping-taxable","15":"purchasable","16":"product-type-simple"},"brands":[{"id":318,"name":"Heretic Knives","slug":"heretic-knives"}],"_links":{"self":[{"href":"https:\/\/www.moskito.cz\/fr\/wp-json\/wp\/v2\/product\/312918","targetHints":{"allow":["GET"]}}],"collection":[{"href":"https:\/\/www.moskito.cz\/fr\/wp-json\/wp\/v2\/product"}],"about":[{"href":"https:\/\/www.moskito.cz\/fr\/wp-json\/wp\/v2\/types\/product"}],"replies":[{"embeddable":true,"href":"https:\/\/www.moskito.cz\/fr\/wp-json\/wp\/v2\/comments?post=312918"}],"wp:featuredmedia":[{"embeddable":true,"href":"https:\/\/www.moskito.cz\/fr\/wp-json\/wp\/v2\/media\/312919"}],"wp:attachment":[{"href":"https:\/\/www.moskito.cz\/fr\/wp-json\/wp\/v2\/media?parent=312918"}],"wp:term":[{"taxonomy":"pwb-brand","embeddable":true,"href":"https:\/\/www.moskito.cz\/fr\/wp-json\/wp\/v2\/pwb-brand?post=312918"},{"taxonomy":"product_brand","embeddable":true,"href":"https:\/\/www.moskito.cz\/fr\/wp-json\/wp\/v2\/product_brand?post=312918"},{"taxonomy":"product_cat","embeddable":true,"href":"https:\/\/www.moskito.cz\/fr\/wp-json\/wp\/v2\/product_cat?post=312918"},{"taxonomy":"product_tag","embeddable":true,"href":"https:\/\/www.moskito.cz\/fr\/wp-json\/wp\/v2\/product_tag?post=312918"}],"curies":[{"name":"wp","href":"https:\/\/api.w.org\/{rel}","templated":true}]}}