{"id":313756,"date":"2023-12-11T20:55:51","date_gmt":"2024-02-20T13:41:50","guid":{"rendered":"https:\/\/www.moskito.cz\/produkt\/couteau-de-fermeture-microtech-msi-apocalyptic-210t-10appmbk\/"},"modified":"2025-05-07T11:02:47","modified_gmt":"2025-05-07T10:02:47","slug":"couteau-de-fermeture-microtech-msi-apocalyptic-210t-10appmbk","status":"publish","type":"product","link":"https:\/\/www.moskito.cz\/fr\/produkt\/couteau-de-fermeture-microtech-msi-apocalyptic-210t-10appmbk\/","title":{"rendered":"Couteau de fermeture Microtech MSI Apocalyptic 210T-10APPMBK"},"content":{"rendered":"<p>Couteau de fermeture <strong>Microtech<\/strong> MSI Apocalyptic 210T-10APPMBK<\/p>\n<p>Sorti en 2023, <strong>le MSI<\/strong> (Microtech Standard Issue) est le premier couteau de <strong>Microtech<\/strong> \u00e0 disposer de la fantastique technologie RAM-LOK. Ce verrou \u00e0 barre transversale au look dur pr\u00e9sente le motif de marche signature de Microtech rendu c\u00e9l\u00e8bre par la s\u00e9rie d&rsquo;interrupteurs de commande Ultratech. La grande d\u00e9coupe de la lame offre suffisamment d&rsquo;espace pour un \u00e9lan arri\u00e8re du majeur ainsi qu&rsquo;une ouverture lente standard du pouce avec ou sans gants. Si vous n&rsquo;\u00eates pas \u00e0 l&rsquo;aise avec l&rsquo;un ou l&rsquo;autre, tirez simplement sur le RAM-LOK et la lame s&rsquo;ouvre d&rsquo;un simple mouvement du poignet. Les poign\u00e9es inject\u00e9es sont lisses et l\u00e9g\u00e8rement collantes, offrant un grand potentiel d&rsquo;adh\u00e9rence dans les poign\u00e9es standard et invers\u00e9es. Robuste, durable, d&rsquo;une valeur extr\u00eamement \u00e9lev\u00e9e et fabriqu\u00e9 aux \u00c9tats-Unis&nbsp;; nous savons que MSI deviendra rapidement un favori parmi tous les membres de la communaut\u00e9 des couteaux.<\/p>\n<p>Caract\u00e9ristiques:<br \/>\nLongueur totale : 22,7 cm<br \/>\nLongueur de la lame : 9,9 cm<br \/>\n\u00c9paisseur de la lame : 0,4 cm<br \/>\nAcier de la lame : acier inoxydable Bohler M390MK<br \/>\n\u00c9paisseur de la lame : 0,158&Prime;<br \/>\nStyle de lame&nbsp;: Pied de mouton modifi\u00e9<br \/>\nMeulage de la lame&nbsp;:&nbsp;Plat<br \/>\nFinition de la lame : Apocalyptique<br \/>\nMat\u00e9riau du manche&nbsp;: Polym\u00e8re noir moul\u00e9 par injection<br \/>\nMat\u00e9riau de l&rsquo;insert&nbsp;: Acier inoxydable<br \/>\n\u00c9paisseur du manche&nbsp;: 0,545&Prime;<br \/>\nM\u00e9canisme de verrouillage : RAM-LOK<br \/>\nClip de poche : Acier inoxydable (pliable, usure gauche\/droite)<br \/>\nPoids : 4,52 onces.<br \/>\nCr\u00e9ateur : Tony Marfione<br \/>\nFabriqu\u00e9 aux \u00c9tats-Unis<\/p>\n<p><iframe title=\"Microtech Combat Troodon Torture Test\" width=\"800\" height=\"450\" src=\"https:\/\/www.youtube.com\/embed\/xE9TeOFYEjg?feature=oembed\" frameborder=\"0\" allow=\"accelerometer; autoplay; clipboard-write; encrypted-media; gyroscope; picture-in-picture; web-share\" allowfullscreen><\/iframe><\/p>\n<p>&nbsp;<\/p>\n","protected":false},"excerpt":{"rendered":"<p><strong>Au fil des ann\u00e9es, Microtech\u00ae Knives a rempli les couteaux de passion et de savoir-faire pour cr\u00e9er presque des \u0153uvres d&rsquo;art qui sont le summum de la fonctionnalit\u00e9. Toutes les pi\u00e8ces sont fabriqu\u00e9es aux \u00c9tats-Unis.<\/strong><br \/>\n<strong>Tous les couteaux Microtech sont garantis \u00e0 vie.<\/strong><\/p>\n<p><strong>Livraison gratuite.<\/strong><\/p>\n","protected":false},"featured_media":313757,"comment_status":"open","ping_status":"closed","template":"","meta":[],"pwb-brand":[3751],"product_brand":[],"product_cat":[3700,3696],"product_tag":[3754],"class_list":{"0":"post-313756","1":"product","2":"type-product","3":"status-publish","4":"has-post-thumbnail","6":"pwb-brand-microtechnologie","7":"product_cat-couteaux-de-fermeture","8":"product_cat-des-couteaux","9":"product_tag-b2b-fr","11":"first","12":"outofstock","13":"taxable","14":"shipping-taxable","15":"purchasable","16":"product-type-simple"},"brands":[{"id":3751,"name":"Microtechnologie","slug":"microtechnologie"}],"_links":{"self":[{"href":"https:\/\/www.moskito.cz\/fr\/wp-json\/wp\/v2\/product\/313756","targetHints":{"allow":["GET"]}}],"collection":[{"href":"https:\/\/www.moskito.cz\/fr\/wp-json\/wp\/v2\/product"}],"about":[{"href":"https:\/\/www.moskito.cz\/fr\/wp-json\/wp\/v2\/types\/product"}],"replies":[{"embeddable":true,"href":"https:\/\/www.moskito.cz\/fr\/wp-json\/wp\/v2\/comments?post=313756"}],"wp:featuredmedia":[{"embeddable":true,"href":"https:\/\/www.moskito.cz\/fr\/wp-json\/wp\/v2\/media\/313757"}],"wp:attachment":[{"href":"https:\/\/www.moskito.cz\/fr\/wp-json\/wp\/v2\/media?parent=313756"}],"wp:term":[{"taxonomy":"pwb-brand","embeddable":true,"href":"https:\/\/www.moskito.cz\/fr\/wp-json\/wp\/v2\/pwb-brand?post=313756"},{"taxonomy":"product_brand","embeddable":true,"href":"https:\/\/www.moskito.cz\/fr\/wp-json\/wp\/v2\/product_brand?post=313756"},{"taxonomy":"product_cat","embeddable":true,"href":"https:\/\/www.moskito.cz\/fr\/wp-json\/wp\/v2\/product_cat?post=313756"},{"taxonomy":"product_tag","embeddable":true,"href":"https:\/\/www.moskito.cz\/fr\/wp-json\/wp\/v2\/product_tag?post=313756"}],"curies":[{"name":"wp","href":"https:\/\/api.w.org\/{rel}","templated":true}]}}