{"id":313978,"date":"2021-09-23T13:13:14","date_gmt":"2024-02-29T10:17:19","guid":{"rendered":"https:\/\/www.moskito.cz\/produkt\/couteau-de-tir-microtech-exocet-sandtrooper-157-1sa\/"},"modified":"2026-04-11T09:46:41","modified_gmt":"2026-04-11T08:46:41","slug":"couteau-de-tir-microtech-exocet-sandtrooper-157-1sa","status":"publish","type":"product","link":"https:\/\/www.moskito.cz\/fr\/produkt\/couteau-de-tir-microtech-exocet-sandtrooper-157-1sa\/","title":{"rendered":"Couteau de tir Microtech Exocet Sandtrooper 157-1SA"},"content":{"rendered":"<p>Couteau de tir <strong>Microtech<\/strong> Exocet Sandtrooper 157-1SA.<\/p>\n<p>Star de la gamme Microtech pour 2019, l&rsquo;Exocet allie utilit\u00e9 et praticit\u00e9 au quotidien dans un ensemble unique. Cet OTF automatique est innovant et le premier du genre \u00e0 abriter une lame de moins d&rsquo;un pouce l\u00e9galement utilis\u00e9e en Californie et sert \u00e9galement de pince \u00e0 billets, ce qui le rend id\u00e9al pour un transport quotidien. Son apparence peut vous surprendre lorsque vous le voyez pour la premi\u00e8re fois, mais les sentiments d&rsquo;anxi\u00e9t\u00e9 dispara\u00eetront d\u00e8s la premi\u00e8re fois que vous l&rsquo;utiliserez. Ce couteau tire plus vite et plus facilement que n&rsquo;importe quel autre OTF Microtech, ce qui en fait le cadeau parfait pour votre moiti\u00e9 ou pour vous-m\u00eame. Cette version a une lame et des poign\u00e9es de l&rsquo;\u00e2ge du sable blanc, surnommant ce mod\u00e8le le Sandtrooper. Le clip de poche comporte \u00e9galement un logo Imperial Crest tr\u00e8s cool, qui \u00e9tait le symbole \u00e0 six bras de l&#8217;empire galactique de Sheev Palpatine.<br \/>\nCaract\u00e9ristiques<\/p>\n<p>Longueur de la lame : 5 cm<\/p>\n<p>Longueur totale : 14 cm<\/p>\n<p>Mat\u00e9riau de la lame : M390<\/p>\n<p>Style de lame&nbsp;:&nbsp;Dague \u00e0 double tranchant<\/p>\n<p>Meulage de la lame&nbsp;:&nbsp;Plat<\/p>\n<p>Finition de la lame : Sandtrooper blanc<\/p>\n<p>Mat\u00e9riau du manche : aluminium Sandtrooper 6061-T6 blanc<\/p>\n<p>M\u00e9canisme de verrouillage : coulissant<\/p>\n<p>Clip de poche : acier inoxydable (pliable, droite\/gauche)<\/p>\n<p>Poids : 3,0 onces.<\/p>\n<p>Cr\u00e9ateur : Tony Marfione<\/p>\n<p>Fabriqu\u00e9 aux \u00c9tats-Unis<\/p>\n<p><iframe title=\"Microtech Combat Troodon Torture Test\" width=\"800\" height=\"450\" src=\"https:\/\/www.youtube.com\/embed\/xE9TeOFYEjg?feature=oembed\" frameborder=\"0\" allow=\"accelerometer; autoplay; clipboard-write; encrypted-media; gyroscope; picture-in-picture; web-share\" allowfullscreen><\/iframe><\/p>\n<p>&nbsp;<\/p>\n<p>Star de la gamme 2019 de Microtech, l&rsquo;Exocet allie utilit\u00e9 et praticit\u00e9 quotidienne dans un ensemble unique. Innovant et premier du genre, cet OTF automatique dissimule une lame l\u00e9gale californienne de moins de deux pouces et sert \u00e9galement de pince \u00e0 billets, ce qui le rend parfait pour un transport quotidien. Son apparence peut vous surprendre la premi\u00e8re fois que vous le voyez, mais les sentiments d&rsquo;appr\u00e9hension dispara\u00eetront d\u00e8s la premi\u00e8re action. Ce couteau tire plus rapidement et plus facilement que n&rsquo;importe quel autre OTF Microtech, c&rsquo;est donc un cadeau parfait pour votre moiti\u00e9 ou pour vous-m\u00eame. Cette version a une lame et des poign\u00e9es au fini vieilli au sable blanc, surnommant ce mod\u00e8le le Sandtrooper. Il comporte \u00e9galement un logo Imperial Crest tr\u00e8s cool sur le clip de poche qui \u00e9tait le symbole \u00e0 six branches de l&rsquo;Empire Galactique de Sheev Palpatine.<br \/>\nCaract\u00e9ristiques<\/p>\n<p>Longueur de la lame : 1,98&Prime;<\/p>\n<p>Tranchant : 1,875&Prime;<\/p>\n<p>Longueur ferm\u00e9e : 3,62&Prime;<\/p>\n<p>Longueur totale : 5,60&Prime;<\/p>\n<p>Mat\u00e9riau de la lame&nbsp;: L&rsquo;acier de la lame pour cette ann\u00e9e sera Carpenter CTS-204P &#8211; jusqu&rsquo;\u00e0 \u00e9puisement des stocks de m\u00e9tal, les lames peuvent \u00e9galement \u00eatre M390 ou Elmax<\/p>\n<p>\u00c9paisseur de la lame : 0,067&Prime;<\/p>\n<p>Style de lame&nbsp;:&nbsp;Dague \u00e0 double tranchant<\/p>\n<p>Meulage de la lame&nbsp;:&nbsp;Plat<\/p>\n<p>Finition de la lame&nbsp;: Sandtrooper blanc<\/p>\n<p>Mat\u00e9riau de la poign\u00e9e : aluminium Sandtrooper 6061-T6 blanc.<\/p>\n<p>\u00c9paisseur du manche : 0,35&Prime;<\/p>\n<p>M\u00e9canisme de verrouillage&nbsp;:&nbsp;glissi\u00e8re<\/p>\n<p>Clip de poche&nbsp;: acier inoxydable (inclinaison vers le bas, transport droite\/gauche)<\/p>\n<p>Poids : 3,0 onces.<\/p>\n<p>Cr\u00e9ateur : Tony Marfione<\/p>\n<p>Fabriqu\u00e9 aux Etats-Unis<\/p>\n","protected":false},"excerpt":{"rendered":"<div class=\"elementor-element elementor-element-bbb542b elementor-widget elementor-widget-woocommerce-product-short-description\" data-id=\"bbb542b\" data-element_type=\"widget\" data-widget_type=\"woocommerce-product-short-description.default\">\n<div class=\"elementor-widget-container\">\n<div class=\"woocommerce-product-details__short-description\">\n<p>Au fil des ann\u00e9es, Microtech\u00ae Knives a rempli les couteaux de passion et de savoir-faire pour cr\u00e9er presque des \u0153uvres d&rsquo;art qui sont le summum de la fonctionnalit\u00e9. Toutes les pi\u00e8ces sont fabriqu\u00e9es aux \u00c9tats-Unis.<br \/>\n<strong>Tous les couteaux Microtech sont garantis \u00e0 vie.<\/strong><\/p>\n<p><strong>Transports gratuits.<\/strong><\/p>\n<\/div>\n<\/div>\n<\/div>\n","protected":false},"featured_media":313979,"comment_status":"open","ping_status":"closed","template":"","meta":[],"pwb-brand":[3751],"product_brand":[],"product_cat":[3699,3696],"product_tag":[3754],"class_list":{"0":"post-313978","1":"product","2":"type-product","3":"status-publish","4":"has-post-thumbnail","6":"pwb-brand-microtechnologie","7":"product_cat-couteaux-de-tir","8":"product_cat-des-couteaux","9":"product_tag-b2b-fr","11":"first","12":"outofstock","13":"taxable","14":"shipping-taxable","15":"purchasable","16":"product-type-simple"},"brands":[{"id":3751,"name":"Microtechnologie","slug":"microtechnologie"}],"_links":{"self":[{"href":"https:\/\/www.moskito.cz\/fr\/wp-json\/wp\/v2\/product\/313978","targetHints":{"allow":["GET"]}}],"collection":[{"href":"https:\/\/www.moskito.cz\/fr\/wp-json\/wp\/v2\/product"}],"about":[{"href":"https:\/\/www.moskito.cz\/fr\/wp-json\/wp\/v2\/types\/product"}],"replies":[{"embeddable":true,"href":"https:\/\/www.moskito.cz\/fr\/wp-json\/wp\/v2\/comments?post=313978"}],"wp:featuredmedia":[{"embeddable":true,"href":"https:\/\/www.moskito.cz\/fr\/wp-json\/wp\/v2\/media\/313979"}],"wp:attachment":[{"href":"https:\/\/www.moskito.cz\/fr\/wp-json\/wp\/v2\/media?parent=313978"}],"wp:term":[{"taxonomy":"pwb-brand","embeddable":true,"href":"https:\/\/www.moskito.cz\/fr\/wp-json\/wp\/v2\/pwb-brand?post=313978"},{"taxonomy":"product_brand","embeddable":true,"href":"https:\/\/www.moskito.cz\/fr\/wp-json\/wp\/v2\/product_brand?post=313978"},{"taxonomy":"product_cat","embeddable":true,"href":"https:\/\/www.moskito.cz\/fr\/wp-json\/wp\/v2\/product_cat?post=313978"},{"taxonomy":"product_tag","embeddable":true,"href":"https:\/\/www.moskito.cz\/fr\/wp-json\/wp\/v2\/product_tag?post=313978"}],"curies":[{"name":"wp","href":"https:\/\/api.w.org\/{rel}","templated":true}]}}