{"id":313996,"date":"2024-02-20T15:32:32","date_gmt":"2024-02-29T12:14:55","guid":{"rendered":"https:\/\/www.moskito.cz\/produkt\/couteau-de-fermeture-microtech-matrix-titanium-carbon-165c-4cfiti\/"},"modified":"2025-05-07T11:02:50","modified_gmt":"2025-05-07T10:02:50","slug":"couteau-de-fermeture-microtech-matrix-titanium-carbon-165c-4cfiti","status":"publish","type":"product","link":"https:\/\/www.moskito.cz\/fr\/produkt\/couteau-de-fermeture-microtech-matrix-titanium-carbon-165c-4cfiti\/","title":{"rendered":"Couteau de fermeture Microtech Matrix Titanium Carbon 165C-4CFITI"},"content":{"rendered":"<p>Couteau de fermeture <strong>Microtech<\/strong> Matrix Titanium Carbon 165C-4CFITI<\/p>\n<p>Le Matrix est un couteau pliant, cr\u00e9\u00e9 en combinant l&rsquo;\u00e9clat des couteaux Microtech et des couteaux Rikeknife Co, qui d\u00e9gage une douceur sans pr\u00e9c\u00e9dent dans chaque action. Comme l\u2019embl\u00e9matique Socom Bravo Mini, il incarne la quintessence de l\u2019opulence accessible. Pesant 6,1 onces et mesurant 24 cm avec un brise-verre en tungst\u00e8ne, cette merveille pleine grandeur convient \u00e0 ceux qui appr\u00e9cient \u00e0 la fois le style et l&rsquo;utilit\u00e9.<br \/>\nCaract\u00e9ristiques:<\/p>\n<p>Mod\u00e8le : Matrice<br \/>\nNum\u00e9ro du fabricant : 165C-4CFITI<br \/>\nLongueur totale : 24 cm<br \/>\nLongueur ferm\u00e9 : 13 cm<br \/>\nLongueur de la lame : 9,6 cm<br \/>\n\u00c9paisseur de la lame : 0,4 cm<br \/>\nFinition de la lame&nbsp;:&nbsp;Satin frott\u00e9 \u00e0 la main<br \/>\nStyle de bordure&nbsp;:&nbsp;Unie<br \/>\nMat\u00e9riau du manche : Titane &#8211; Insert en fibre de carbone &#8211; Collier pivotant bleu<br \/>\nClip de poche&nbsp;: rabattable<br \/>\nNum\u00e9ro du fabricant : 165C-4CFITI<br \/>\nFabriqu\u00e9 aux \u00c9tats-Unis<\/p>\n<p><iframe title=\"Microtech Combat Troodon Torture Test\" width=\"800\" height=\"450\" src=\"https:\/\/www.youtube.com\/embed\/xE9TeOFYEjg?feature=oembed\" frameborder=\"0\" allow=\"accelerometer; autoplay; clipboard-write; encrypted-media; gyroscope; picture-in-picture; web-share\" allowfullscreen><\/iframe><\/p>\n<p>&nbsp;<\/p>\n<p>&nbsp;<\/p>\n","protected":false},"excerpt":{"rendered":"<div class=\"elementor-element elementor-element-bbb542b elementor-widget elementor-widget-woocommerce-product-short-description\" data-id=\"bbb542b\" data-element_type=\"widget\" data-widget_type=\"woocommerce-product-short-description.default\">\n<div class=\"elementor-widget-container\">\n<div class=\"woocommerce-product-details__short-description\">\n<p><strong>Au fil des ann\u00e9es, Microtech\u00ae Knives a rempli les couteaux avec passion et comp\u00e9tence pour cr\u00e9er presque des \u0153uvres d&rsquo;art qui sont le summum de la fonctionnalit\u00e9. Toutes les pi\u00e8ces sont fabriqu\u00e9es aux \u00c9tats-Unis.<\/strong><br \/>\n<strong>Tous les couteaux Microtech sont garantis \u00e0 vie.<\/strong><\/p>\n<p><strong>Transports gratuits.<\/strong><\/p>\n<\/div>\n<\/div>\n<\/div>\n","protected":false},"featured_media":313823,"comment_status":"open","ping_status":"closed","template":"","meta":[],"pwb-brand":[3751],"product_brand":[],"product_cat":[3700,3696],"product_tag":[3754],"class_list":{"0":"post-313996","1":"product","2":"type-product","3":"status-publish","4":"has-post-thumbnail","6":"pwb-brand-microtechnologie","7":"product_cat-couteaux-de-fermeture","8":"product_cat-des-couteaux","9":"product_tag-b2b-fr","11":"first","12":"instock","13":"taxable","14":"shipping-taxable","15":"purchasable","16":"product-type-simple"},"brands":[{"id":3751,"name":"Microtechnologie","slug":"microtechnologie"}],"_links":{"self":[{"href":"https:\/\/www.moskito.cz\/fr\/wp-json\/wp\/v2\/product\/313996","targetHints":{"allow":["GET"]}}],"collection":[{"href":"https:\/\/www.moskito.cz\/fr\/wp-json\/wp\/v2\/product"}],"about":[{"href":"https:\/\/www.moskito.cz\/fr\/wp-json\/wp\/v2\/types\/product"}],"replies":[{"embeddable":true,"href":"https:\/\/www.moskito.cz\/fr\/wp-json\/wp\/v2\/comments?post=313996"}],"wp:featuredmedia":[{"embeddable":true,"href":"https:\/\/www.moskito.cz\/fr\/wp-json\/wp\/v2\/media\/313823"}],"wp:attachment":[{"href":"https:\/\/www.moskito.cz\/fr\/wp-json\/wp\/v2\/media?parent=313996"}],"wp:term":[{"taxonomy":"pwb-brand","embeddable":true,"href":"https:\/\/www.moskito.cz\/fr\/wp-json\/wp\/v2\/pwb-brand?post=313996"},{"taxonomy":"product_brand","embeddable":true,"href":"https:\/\/www.moskito.cz\/fr\/wp-json\/wp\/v2\/product_brand?post=313996"},{"taxonomy":"product_cat","embeddable":true,"href":"https:\/\/www.moskito.cz\/fr\/wp-json\/wp\/v2\/product_cat?post=313996"},{"taxonomy":"product_tag","embeddable":true,"href":"https:\/\/www.moskito.cz\/fr\/wp-json\/wp\/v2\/product_tag?post=313996"}],"curies":[{"name":"wp","href":"https:\/\/api.w.org\/{rel}","templated":true}]}}