{"id":314010,"date":"2024-02-15T16:32:53","date_gmt":"2024-02-29T12:22:27","guid":{"rendered":"https:\/\/www.moskito.cz\/produkt\/couteaux-heretiques-cleric-ii-couteau-de-tir-h020-6a-cf-blu\/"},"modified":"2025-05-07T11:02:51","modified_gmt":"2025-05-07T10:02:51","slug":"couteaux-heretiques-cleric-ii-couteau-de-tir-h020-6a-cf-blu","status":"publish","type":"product","link":"https:\/\/www.moskito.cz\/fr\/produkt\/couteaux-heretiques-cleric-ii-couteau-de-tir-h020-6a-cf-blu\/","title":{"rendered":"Couteaux h\u00e9r\u00e9tiques Cleric II Couteau de tir H020-6A-CF\/BLU"},"content":{"rendered":"<p><strong>Couteaux h\u00e9r\u00e9tiques<\/strong> Couteau de tir Cleric II H020-6A-CF\/BLU.<\/p>\n<p><strong>Le Heretic Knives Cleric II<\/strong> est un v\u00e9hicule avant \u00e0 double action avec une coupe et une finition de haute qualit\u00e9 et une action D\/A OTF super douce ! Il est \u00e9quip\u00e9 d&rsquo;un couvercle coulissant avant pour une utilisation facile. L&rsquo;un des couteaux double action OTF les plus longs en production et un concurrent s\u00e9rieux de l&rsquo;ancien Microtech Makora II, il plaira \u00e0 coup s\u00fbr. Complet avec clip de poche \u00e0 rouleau en titane frais\u00e9.<\/p>\n<p>Ce mod\u00e8le est dot\u00e9 d&rsquo;une balance \u00e0 poign\u00e9e en aluminium anodis\u00e9 noir avec un couvercle sup\u00e9rieur en fibre de carbone et un insert \u00e0 l&rsquo;arri\u00e8re. Lame tanto en acier inoxydable noir avec rev\u00eatement CPM-Magnacut DLC avec bord standard. Design noir et clip de poche et bouton en titane anodis\u00e9 bleu. Le c\u00f4t\u00e9 du cadre est grav\u00e9 du logo Heretic, des informations sur le mod\u00e8le et du num\u00e9ro de s\u00e9rie.<\/p>\n<p>Caract\u00e9ristiques:<\/p>\n<p>Longueur de la lame : 10,62 cm<br \/>\nLongueur totale : 24,68 cm<br \/>\nMat\u00e9riau de la lame : acier inoxydable CPM-MagnaCut<br \/>\nStyle de lame&nbsp;:&nbsp;Dague \u00e0 double tranchant<br \/>\nMeulage de la lame&nbsp;:&nbsp;Plat<br \/>\nFinition de la lame&nbsp;: DLC noir<br \/>\nMat\u00e9riau de la poign\u00e9e&nbsp;: aluminium noir avec insert et dessus en fibre de carbone<br \/>\nM\u00e9canisme de verrouillage : coulissant<br \/>\nBoucle de poche&nbsp;:&nbsp;Titane profond (pointe vers le bas, droite\/gauche)<br \/>\nPoids : 5,00 onces.<br \/>\nCr\u00e9ateur : Tony Marfione Jr.<br \/>\nAccents anodis\u00e9s bleus<br \/>\nFabriqu\u00e9 aux \u00c9tats-Unis<\/p>\n<p>&nbsp;<\/p>\n","protected":false},"excerpt":{"rendered":"<div class=\"elementor-element elementor-element-bbb542b elementor-widget elementor-widget-woocommerce-product-short-description\" data-id=\"bbb542b\" data-element_type=\"widget\" data-widget_type=\"woocommerce-product-short-description.default\">\n<div class=\"elementor-widget-container\">\n<div class=\"woocommerce-product-details__short-description\">\n<div class=\"elementor-element elementor-element-bbb542b elementor-widget elementor-widget-woocommerce-product-short-description\" data-id=\"bbb542b\" data-element_type=\"widget\" data-widget_type=\"woocommerce-product-short-description.default\">\n<div class=\"elementor-widget-container\">\n<div class=\"woocommerce-product-details__short-description\">\n<p><strong>Tous nos couteaux sont fabriqu\u00e9s aux \u00c9tats-Unis et nous le conserverons ainsi. Lorsque vous achetez l&rsquo;un de nos couteaux, vous pouvez avoir confiance en votre outil en sachant qu&rsquo;il est soutenu par une entreprise am\u00e9ricaine. Nos couteaux sont fabriqu\u00e9s en petits lots pour vous assurer d&rsquo;obtenir un couteau de qualit\u00e9 qui attire l&rsquo;attention que les autres couteaux produits en s\u00e9rie n&rsquo;obtiennent pas&nbsp;!!<\/strong><\/p>\n<p><strong>Transports gratuits.<\/strong><\/p>\n<\/div>\n<\/div>\n<\/div>\n<\/div>\n<\/div>\n<\/div>\n","protected":false},"featured_media":314011,"comment_status":"open","ping_status":"closed","template":"","meta":[],"pwb-brand":[3758],"product_brand":[],"product_cat":[3699,3696],"product_tag":[3754],"class_list":{"0":"post-314010","1":"product","2":"type-product","3":"status-publish","4":"has-post-thumbnail","6":"pwb-brand-couteaux-heretiques","7":"product_cat-couteaux-de-tir","8":"product_cat-des-couteaux","9":"product_tag-b2b-fr","11":"first","12":"instock","13":"taxable","14":"shipping-taxable","15":"purchasable","16":"product-type-simple"},"brands":[{"id":3758,"name":"Couteaux h\u00e9r\u00e9tiques","slug":"couteaux-heretiques"}],"_links":{"self":[{"href":"https:\/\/www.moskito.cz\/fr\/wp-json\/wp\/v2\/product\/314010","targetHints":{"allow":["GET"]}}],"collection":[{"href":"https:\/\/www.moskito.cz\/fr\/wp-json\/wp\/v2\/product"}],"about":[{"href":"https:\/\/www.moskito.cz\/fr\/wp-json\/wp\/v2\/types\/product"}],"replies":[{"embeddable":true,"href":"https:\/\/www.moskito.cz\/fr\/wp-json\/wp\/v2\/comments?post=314010"}],"wp:featuredmedia":[{"embeddable":true,"href":"https:\/\/www.moskito.cz\/fr\/wp-json\/wp\/v2\/media\/314011"}],"wp:attachment":[{"href":"https:\/\/www.moskito.cz\/fr\/wp-json\/wp\/v2\/media?parent=314010"}],"wp:term":[{"taxonomy":"pwb-brand","embeddable":true,"href":"https:\/\/www.moskito.cz\/fr\/wp-json\/wp\/v2\/pwb-brand?post=314010"},{"taxonomy":"product_brand","embeddable":true,"href":"https:\/\/www.moskito.cz\/fr\/wp-json\/wp\/v2\/product_brand?post=314010"},{"taxonomy":"product_cat","embeddable":true,"href":"https:\/\/www.moskito.cz\/fr\/wp-json\/wp\/v2\/product_cat?post=314010"},{"taxonomy":"product_tag","embeddable":true,"href":"https:\/\/www.moskito.cz\/fr\/wp-json\/wp\/v2\/product_tag?post=314010"}],"curies":[{"name":"wp","href":"https:\/\/api.w.org\/{rel}","templated":true}]}}