{"id":314025,"date":"2024-02-15T15:46:14","date_gmt":"2024-02-15T14:46:14","guid":{"rendered":"https:\/\/www.moskito.cz\/produkt\/couteau-de-tir-heretic-knives-cleric-ii-stonewashed-h019-2b\/"},"modified":"2025-05-07T11:02:52","modified_gmt":"2025-05-07T10:02:52","slug":"couteau-de-tir-heretic-knives-cleric-ii-stonewashed-h019-2b","status":"publish","type":"product","link":"https:\/\/www.moskito.cz\/fr\/produkt\/couteau-de-tir-heretic-knives-cleric-ii-stonewashed-h019-2b\/","title":{"rendered":"Couteau de tir Heretic Knives Cleric II Stonewashed H019-2B"},"content":{"rendered":"<p>Couteau de tir <strong>Heretic Knives<\/strong> Cleric II Stonewashed H019-2B<\/p>\n<p>Le Heretic Knives Cleric II est un v\u00e9hicule avant \u00e0 double action avec une coupe et une finition de haute qualit\u00e9 et une action D\/A OTF super douce ! Il est \u00e9quip\u00e9 d&rsquo;un couvercle coulissant avant pour une utilisation facile. L&rsquo;un des couteaux double action OTF les plus longs en production et un concurrent s\u00e9rieux de l&rsquo;ancien Microtech Makora II, il plaira \u00e0 coup s\u00fbr. Complet avec clip de poche \u00e0 rouleau en titane frais\u00e9.<\/p>\n<p>Ce mod\u00e8le est dot\u00e9 d&rsquo;une balance \u00e0 poign\u00e9e en aluminium anodis\u00e9 noir avec des inserts en m\u00e9tal textur\u00e9 argent\u00e9 des deux c\u00f4t\u00e9s. Lame tanto en acier inoxydable CPM-Magnacut avec finition Stonewash et bord partiellement dentel\u00e9. Mat\u00e9riel fini par projection de perles. Clip de poche \u00e0 rouleau en titane frais\u00e9 avec finition stonewash. Le c\u00f4t\u00e9 du cadre est grav\u00e9 du logo Heretic, des informations sur le mod\u00e8le et du num\u00e9ro de s\u00e9rie.<\/p>\n<p>Pays d&rsquo;origine : \u00c9tats-Unis<br \/>\nDate d&rsquo;origine : 2023<br \/>\nMat\u00e9riau du manche : Aluminium<br \/>\nMat\u00e9riau de la lame : CPM-Magnacut<br \/>\nStyle de lame : Tanto<br \/>\nTraitement de surface de la lame : Stonewash<br \/>\nType de bord&nbsp;: Dentel\u00e9<br \/>\nMod\u00e8le\/Motif&nbsp;: Clerc II<br \/>\nType de couteau : OTF automatique double action<br \/>\nType de serrure : avant<br \/>\nLongueur de la lame : 10,62 cm<br \/>\nLongueur totale : 24,68 cm<\/p>\n<p>&nbsp;<\/p>\n","protected":false},"excerpt":{"rendered":"<div class=\"elementor-element elementor-element-bbb542b elementor-widget elementor-widget-woocommerce-product-short-description\" data-id=\"bbb542b\" data-element_type=\"widget\" data-widget_type=\"woocommerce-product-short-description.default\">\n<div class=\"elementor-widget-container\">\n<div class=\"woocommerce-product-details__short-description\">\n<div class=\"elementor-element elementor-element-bbb542b elementor-widget elementor-widget-woocommerce-product-short-description\" data-id=\"bbb542b\" data-element_type=\"widget\" data-widget_type=\"woocommerce-product-short-description.default\">\n<div class=\"elementor-widget-container\">\n<div class=\"woocommerce-product-details__short-description\">\n<p><strong>Tous nos couteaux sont fabriqu\u00e9s aux \u00c9tats-Unis et nous le conserverons ainsi. Lorsque vous achetez l&rsquo;un de nos couteaux, vous pouvez avoir confiance en votre outil en sachant qu&rsquo;il est soutenu par une entreprise am\u00e9ricaine. Nos couteaux sont fabriqu\u00e9s en petits lots pour vous assurer d&rsquo;obtenir un couteau de qualit\u00e9 qui attire l&rsquo;attention que les autres couteaux produits en s\u00e9rie n&rsquo;obtiennent pas&nbsp;!!<\/strong><\/p>\n<p><strong>Transports gratuits.<\/strong><\/p>\n<\/div>\n<\/div>\n<\/div>\n<\/div>\n<\/div>\n<\/div>\n","protected":false},"featured_media":314026,"comment_status":"open","ping_status":"closed","template":"","meta":[],"pwb-brand":[3758],"product_brand":[],"product_cat":[3699,3696],"product_tag":[3754],"class_list":{"0":"post-314025","1":"product","2":"type-product","3":"status-publish","4":"has-post-thumbnail","6":"pwb-brand-couteaux-heretiques","7":"product_cat-couteaux-de-tir","8":"product_cat-des-couteaux","9":"product_tag-b2b-fr","11":"first","12":"outofstock","13":"taxable","14":"shipping-taxable","15":"purchasable","16":"product-type-simple"},"brands":[{"id":3758,"name":"Couteaux h\u00e9r\u00e9tiques","slug":"couteaux-heretiques"}],"_links":{"self":[{"href":"https:\/\/www.moskito.cz\/fr\/wp-json\/wp\/v2\/product\/314025","targetHints":{"allow":["GET"]}}],"collection":[{"href":"https:\/\/www.moskito.cz\/fr\/wp-json\/wp\/v2\/product"}],"about":[{"href":"https:\/\/www.moskito.cz\/fr\/wp-json\/wp\/v2\/types\/product"}],"replies":[{"embeddable":true,"href":"https:\/\/www.moskito.cz\/fr\/wp-json\/wp\/v2\/comments?post=314025"}],"wp:featuredmedia":[{"embeddable":true,"href":"https:\/\/www.moskito.cz\/fr\/wp-json\/wp\/v2\/media\/314026"}],"wp:attachment":[{"href":"https:\/\/www.moskito.cz\/fr\/wp-json\/wp\/v2\/media?parent=314025"}],"wp:term":[{"taxonomy":"pwb-brand","embeddable":true,"href":"https:\/\/www.moskito.cz\/fr\/wp-json\/wp\/v2\/pwb-brand?post=314025"},{"taxonomy":"product_brand","embeddable":true,"href":"https:\/\/www.moskito.cz\/fr\/wp-json\/wp\/v2\/product_brand?post=314025"},{"taxonomy":"product_cat","embeddable":true,"href":"https:\/\/www.moskito.cz\/fr\/wp-json\/wp\/v2\/product_cat?post=314025"},{"taxonomy":"product_tag","embeddable":true,"href":"https:\/\/www.moskito.cz\/fr\/wp-json\/wp\/v2\/product_tag?post=314025"}],"curies":[{"name":"wp","href":"https:\/\/api.w.org\/{rel}","templated":true}]}}