{"id":314081,"date":"2023-12-11T19:55:31","date_gmt":"2024-02-29T12:34:57","guid":{"rendered":"https:\/\/www.moskito.cz\/produkt\/couteau-de-tir-microtech-combat-troodon-apocalyptic-142-10apod\/"},"modified":"2025-05-07T11:02:55","modified_gmt":"2025-05-07T10:02:55","slug":"couteau-de-tir-microtech-combat-troodon-apocalyptic-142-10apod","status":"publish","type":"product","link":"https:\/\/www.moskito.cz\/fr\/produkt\/couteau-de-tir-microtech-combat-troodon-apocalyptic-142-10apod\/","title":{"rendered":"Couteau de tir Microtech Combat Troodon Apocalyptic 142-10APOD"},"content":{"rendered":"<p>Couteau de tir <strong>Microtech<\/strong> Combat Troodon Apocalyptic 142-10APOD<\/p>\n<p><strong>Le Combat Troodon<\/strong> est un couteau frontal tactique fabriqu\u00e9 avec pr\u00e9cision. Il est 25 % plus grand que notre produit phare, le Troodon. Il apporte une poign\u00e9e fine, une forme profil\u00e9e, des \u00e9l\u00e9ments de conception radicaux et un m\u00e9canisme interne sophistiqu\u00e9 qui am\u00e9liore la fonctionnalit\u00e9 op\u00e9rationnelle et la fiabilit\u00e9 \u00e0 plus grande \u00e9chelle. Le Combat Troodon est con\u00e7u pour un large \u00e9ventail d&rsquo;actions de combat utilitaires et de m\u00eal\u00e9e.<\/p>\n<p>Caract\u00e9ristiques:<br \/>\nAction&nbsp;:&nbsp;Tir et traction automatiques \u00e0 double action<br \/>\nLongueur totale : 19,2 cm<br \/>\nLongueur de la lame : 7,5 cm<br \/>\nBris de verre&nbsp;: bris de verre \u00e0 pointe de tungst\u00e8ne<br \/>\nPoign\u00e9e : Elox \u00e0 rev\u00eatement dur en aluminium 6061-T6 Mil Spec<br \/>\n\u00c9paisseur de la poign\u00e9e&nbsp;: C\u00f4ne form\u00e9 Min 0,304&Prime; Max 435&Prime;<br \/>\nClip de poche&nbsp;: 301 Spring Tremp\u00e9, ambidextre<br \/>\nPoids : 5,3 onces.<br \/>\nAcier : M390<br \/>\nFabriqu\u00e9 aux \u00c9tats-Unis<\/p>\n<p><iframe title=\"Microtech Combat Troodon Torture Test\" width=\"800\" height=\"450\" src=\"https:\/\/www.youtube.com\/embed\/xE9TeOFYEjg?feature=oembed\" frameborder=\"0\" allow=\"accelerometer; autoplay; clipboard-write; encrypted-media; gyroscope; picture-in-picture; web-share\" allowfullscreen><\/iframe><\/p>\n<p>&nbsp;<\/p>\n","protected":false},"excerpt":{"rendered":"<p><strong>Au fil des ann\u00e9es, Microtech\u00ae Knives a rempli les couteaux avec passion et comp\u00e9tence pour cr\u00e9er presque des \u0153uvres d&rsquo;art qui sont le summum de la fonctionnalit\u00e9. Toutes les pi\u00e8ces sont fabriqu\u00e9es aux \u00c9tats-Unis.<\/strong><br \/>\n<strong>Tous les couteaux Microtech sont garantis \u00e0 vie.<\/strong><\/p>\n<p><strong>Transports gratuits.<\/strong><\/p>\n","protected":false},"featured_media":314082,"comment_status":"open","ping_status":"closed","template":"","meta":[],"pwb-brand":[3751],"product_brand":[],"product_cat":[3699,3696],"product_tag":[3754],"class_list":{"0":"post-314081","1":"product","2":"type-product","3":"status-publish","4":"has-post-thumbnail","6":"pwb-brand-microtechnologie","7":"product_cat-couteaux-de-tir","8":"product_cat-des-couteaux","9":"product_tag-b2b-fr","11":"first","12":"instock","13":"taxable","14":"shipping-taxable","15":"purchasable","16":"product-type-simple"},"brands":[{"id":3751,"name":"Microtechnologie","slug":"microtechnologie"}],"_links":{"self":[{"href":"https:\/\/www.moskito.cz\/fr\/wp-json\/wp\/v2\/product\/314081","targetHints":{"allow":["GET"]}}],"collection":[{"href":"https:\/\/www.moskito.cz\/fr\/wp-json\/wp\/v2\/product"}],"about":[{"href":"https:\/\/www.moskito.cz\/fr\/wp-json\/wp\/v2\/types\/product"}],"replies":[{"embeddable":true,"href":"https:\/\/www.moskito.cz\/fr\/wp-json\/wp\/v2\/comments?post=314081"}],"wp:featuredmedia":[{"embeddable":true,"href":"https:\/\/www.moskito.cz\/fr\/wp-json\/wp\/v2\/media\/314082"}],"wp:attachment":[{"href":"https:\/\/www.moskito.cz\/fr\/wp-json\/wp\/v2\/media?parent=314081"}],"wp:term":[{"taxonomy":"pwb-brand","embeddable":true,"href":"https:\/\/www.moskito.cz\/fr\/wp-json\/wp\/v2\/pwb-brand?post=314081"},{"taxonomy":"product_brand","embeddable":true,"href":"https:\/\/www.moskito.cz\/fr\/wp-json\/wp\/v2\/product_brand?post=314081"},{"taxonomy":"product_cat","embeddable":true,"href":"https:\/\/www.moskito.cz\/fr\/wp-json\/wp\/v2\/product_cat?post=314081"},{"taxonomy":"product_tag","embeddable":true,"href":"https:\/\/www.moskito.cz\/fr\/wp-json\/wp\/v2\/product_tag?post=314081"}],"curies":[{"name":"wp","href":"https:\/\/api.w.org\/{rel}","templated":true}]}}