{"id":314097,"date":"2023-12-11T20:19:45","date_gmt":"2024-02-29T12:35:01","guid":{"rendered":"https:\/\/www.moskito.cz\/produkt\/couteau-de-tir-makora-stonewashed-206-10bis-microtech-signature-series\/"},"modified":"2025-05-07T11:02:55","modified_gmt":"2025-05-07T10:02:55","slug":"couteau-de-tir-makora-stonewashed-206-10bis-microtech-signature-series","status":"publish","type":"product","link":"https:\/\/www.moskito.cz\/fr\/produkt\/couteau-de-tir-makora-stonewashed-206-10bis-microtech-signature-series\/","title":{"rendered":"Couteau de tir Makora Stonewashed 206-10BIS Microtech Signature Series"},"content":{"rendered":"<p>Couteau de <strong>tir<\/strong> Makora Stonewashed 206-10BIS Microtech Signature Series<\/p>\n<p><strong>Le concept Makora<\/strong> a \u00e9volu\u00e9 \u00e0 partir du c\u00e9l\u00e8bre design <strong>Microtech Ultratech<\/strong> . Il a \u00e9t\u00e9 test\u00e9 dans la pratique et \u00e9prouv\u00e9 depuis plusieurs ann\u00e9es. Cette conception inclut de nombreuses fonctionnalit\u00e9s qui ont \u00e9t\u00e9 demand\u00e9es et sp\u00e9cifi\u00e9es par les utilisateurs qui pr\u00e9f\u00e8rent cet outil tr\u00e8s efficace \u00e0 tout autre. Le ressort Makora reste en position \u00ab\u00a0repos\u00a0\u00bb \u00e0 tout moment, sauf lorsqu&rsquo;il est d\u00e9ploy\u00e9. Aucune fatigue sur le ressort comprim\u00e9 lorsque le couteau n&rsquo;est pas utilis\u00e9, cela donne aux utilisateurs la confiance et l&rsquo;assurance que lorsque le d\u00e9clencheur est enfonc\u00e9, le couteau fonctionnera. Les autres caract\u00e9ristiques comprennent une ouverture et une fermeture rapides et efficaces d&rsquo;une seule main, une lame en acier de qualit\u00e9 sup\u00e9rieure, un clip de poche double face et des vis inviolables.<\/p>\n<p>Caract\u00e9ristiques:<br \/>\nLongueur de la lame : 8,25 cm<br \/>\nLongueur totale : 21,12 cm<br \/>\nAcier : M390<br \/>\nStyle de lame&nbsp;:&nbsp;Dague \u00e0 double tranchant<br \/>\nMeulage de la lame&nbsp;:&nbsp;Plat<br \/>\nTraitement de surface de la lame : Stonewash<br \/>\nMat\u00e9riau du manche : Aluminium a\u00e9ronautique noir avec inserts en pierre Brute Bubble<br \/>\n\u00c9paisseur du manche&nbsp;: 0,552&Prime;<br \/>\nM\u00e9canisme de verrouillage : coulissant<br \/>\nClip de poche : Titane (pliable, usure droite\/gauche)<br \/>\nPoids : 3,32 onces.<br \/>\nCr\u00e9ateur : Tony Marfione<br \/>\nNickel-bore int\u00e9rieur<br \/>\nFabriqu\u00e9 aux \u00c9tats-Unis<\/p>\n<p><iframe title=\"Microtech Combat Troodon Torture Test\" width=\"800\" height=\"450\" src=\"https:\/\/www.youtube.com\/embed\/xE9TeOFYEjg?feature=oembed\" frameborder=\"0\" allow=\"accelerometer; autoplay; clipboard-write; encrypted-media; gyroscope; picture-in-picture; web-share\" allowfullscreen><\/iframe><\/p>\n<p>&nbsp;<\/p>\n","protected":false},"excerpt":{"rendered":"<p><strong>Au fil des ann\u00e9es, Microtech\u00ae Knives a rempli les couteaux avec passion et comp\u00e9tence pour cr\u00e9er presque des \u0153uvres d&rsquo;art qui sont le summum de la fonctionnalit\u00e9. Toutes les pi\u00e8ces sont fabriqu\u00e9es aux \u00c9tats-Unis.<\/strong><br \/>\n<strong>Tous les couteaux Microtech sont garantis \u00e0 vie.<\/strong><\/p>\n<p><strong>Transports gratuits.<\/strong><\/p>\n","protected":false},"featured_media":314098,"comment_status":"open","ping_status":"closed","template":"","meta":[],"pwb-brand":[3751],"product_brand":[],"product_cat":[3699,3696],"product_tag":[3754],"class_list":{"0":"post-314097","1":"product","2":"type-product","3":"status-publish","4":"has-post-thumbnail","6":"pwb-brand-microtechnologie","7":"product_cat-couteaux-de-tir","8":"product_cat-des-couteaux","9":"product_tag-b2b-fr","11":"first","12":"instock","13":"taxable","14":"shipping-taxable","15":"purchasable","16":"product-type-simple"},"brands":[{"id":3751,"name":"Microtechnologie","slug":"microtechnologie"}],"_links":{"self":[{"href":"https:\/\/www.moskito.cz\/fr\/wp-json\/wp\/v2\/product\/314097","targetHints":{"allow":["GET"]}}],"collection":[{"href":"https:\/\/www.moskito.cz\/fr\/wp-json\/wp\/v2\/product"}],"about":[{"href":"https:\/\/www.moskito.cz\/fr\/wp-json\/wp\/v2\/types\/product"}],"replies":[{"embeddable":true,"href":"https:\/\/www.moskito.cz\/fr\/wp-json\/wp\/v2\/comments?post=314097"}],"wp:featuredmedia":[{"embeddable":true,"href":"https:\/\/www.moskito.cz\/fr\/wp-json\/wp\/v2\/media\/314098"}],"wp:attachment":[{"href":"https:\/\/www.moskito.cz\/fr\/wp-json\/wp\/v2\/media?parent=314097"}],"wp:term":[{"taxonomy":"pwb-brand","embeddable":true,"href":"https:\/\/www.moskito.cz\/fr\/wp-json\/wp\/v2\/pwb-brand?post=314097"},{"taxonomy":"product_brand","embeddable":true,"href":"https:\/\/www.moskito.cz\/fr\/wp-json\/wp\/v2\/product_brand?post=314097"},{"taxonomy":"product_cat","embeddable":true,"href":"https:\/\/www.moskito.cz\/fr\/wp-json\/wp\/v2\/product_cat?post=314097"},{"taxonomy":"product_tag","embeddable":true,"href":"https:\/\/www.moskito.cz\/fr\/wp-json\/wp\/v2\/product_tag?post=314097"}],"curies":[{"name":"wp","href":"https:\/\/api.w.org\/{rel}","templated":true}]}}