{"id":314131,"date":"2023-11-18T20:28:04","date_gmt":"2024-02-29T15:31:09","guid":{"rendered":"https:\/\/www.moskito.cz\/produkt\/couteau-de-tir-microtech-ultratech-tactical-signature-series-122-1frgtods\/"},"modified":"2025-05-07T11:02:56","modified_gmt":"2025-05-07T10:02:56","slug":"couteau-de-tir-microtech-ultratech-tactical-signature-series-122-1frgtods","status":"publish","type":"product","link":"https:\/\/www.moskito.cz\/fr\/produkt\/couteau-de-tir-microtech-ultratech-tactical-signature-series-122-1frgtods\/","title":{"rendered":"Couteau de tir Microtech Ultratech Tactical Signature Series 122-1FRGTODS"},"content":{"rendered":"<p>Couteau de tir <strong>Microtech<\/strong> Ultratech Tactical Signature Series 122-1FRGTODS<\/p>\n<p><strong>L&rsquo;Ultratech<\/strong> de Microtech est l&rsquo;un de leurs mod\u00e8les les plus populaires, offrant certainement le meilleur rapport qualit\u00e9-prix. Il \u00e9tablira \u00e0 jamais la norme pour tous les couteaux avant. L&rsquo;Ultratech est le couteau avant double action original de Microtech et constitue la base de toute leur gamme OTF. Il a subi plusieurs modifications au fil des ann\u00e9es, devenant \u00e0 chaque fois plus efficace et plus fiable. Le ressort Ultratech reste en position \u00ab\u00a0repos\u00a0\u00bb \u00e0 tout moment, sauf lorsqu&rsquo;il est \u00e9tir\u00e9. Cela garantit que le ressort comprim\u00e9 ne se fatigue pas, garantissant aux utilisateurs que lorsque le couteau est tir\u00e9, il fonctionnera efficacement. Couteau <strong>Ultratech<\/strong> l\u00e9ger avec ouverture et fermeture d&rsquo;une seule main, forme fine et lame de scalpel tranchante en font un couteau unique !<\/p>\n<p>Ce mod\u00e8le de la s\u00e9rie Signature comprend un dessus OD Green Frag G-10 et des \u00e9chelles de poign\u00e9e arri\u00e8re en aluminium noir. Lame de poignard M390 en acier inoxydable finition noire avec lames standard. Finition noire, trou pour lani\u00e8re, brise-verre et clip de poche. Le clip comporte le logo de la griffe Microtech, le logo Signature Series, le num\u00e9ro de s\u00e9rie et la date de fabrication.<\/p>\n<p>CARACT\u00c9RISTIQUES:<br \/>\nPays d&rsquo;origine : \u00c9tats-Unis<br \/>\nDate d&rsquo;origine : 2023<br \/>\n\u00c9tat : tout neuf<br \/>\nMat\u00e9riau du manche : G10\/aluminium<br \/>\nMat\u00e9riau de la lame : M390<br \/>\nStyle de lame&nbsp;:&nbsp;Dague \u00e0 double tranchant<br \/>\nFinition de la lame : Noir<br \/>\nType de bord&nbsp;:&nbsp;Standard<br \/>\nMod\u00e8le\/Motif&nbsp;: Ultratech<br \/>\nType de couteau : OTF automatique double action<br \/>\nLongueur ferm\u00e9 : 12,1 cm<br \/>\nLongueur \u00e0 l&rsquo;\u00e9tat ouvert : 20,75 cm<\/p>\n<p><iframe title=\"Microtech Combat Troodon Torture Test\" width=\"800\" height=\"450\" src=\"https:\/\/www.youtube.com\/embed\/xE9TeOFYEjg?feature=oembed\" frameborder=\"0\" allow=\"accelerometer; autoplay; clipboard-write; encrypted-media; gyroscope; picture-in-picture; web-share\" allowfullscreen><\/iframe><\/p>\n<p>&nbsp;<\/p>\n","protected":false},"excerpt":{"rendered":"<p><strong>Au fil des ann\u00e9es, Microtech\u00ae Knives a rempli les couteaux de passion et de savoir-faire pour cr\u00e9er presque des \u0153uvres d&rsquo;art qui sont le summum de la fonctionnalit\u00e9. Toutes les pi\u00e8ces sont fabriqu\u00e9es aux \u00c9tats-Unis.<\/strong><br \/>\n<strong>Tous les couteaux Microtech sont garantis \u00e0 vie.<\/strong><\/p>\n<p><strong>Transports gratuits.<\/strong><\/p>\n","protected":false},"featured_media":314141,"comment_status":"open","ping_status":"closed","template":"","meta":[],"pwb-brand":[3751],"product_brand":[],"product_cat":[3699,3696],"product_tag":[3754],"class_list":{"0":"post-314131","1":"product","2":"type-product","3":"status-publish","4":"has-post-thumbnail","6":"pwb-brand-microtechnologie","7":"product_cat-couteaux-de-tir","8":"product_cat-des-couteaux","9":"product_tag-b2b-fr","11":"first","12":"instock","13":"taxable","14":"shipping-taxable","15":"purchasable","16":"product-type-simple"},"brands":[{"id":3751,"name":"Microtechnologie","slug":"microtechnologie"}],"_links":{"self":[{"href":"https:\/\/www.moskito.cz\/fr\/wp-json\/wp\/v2\/product\/314131","targetHints":{"allow":["GET"]}}],"collection":[{"href":"https:\/\/www.moskito.cz\/fr\/wp-json\/wp\/v2\/product"}],"about":[{"href":"https:\/\/www.moskito.cz\/fr\/wp-json\/wp\/v2\/types\/product"}],"replies":[{"embeddable":true,"href":"https:\/\/www.moskito.cz\/fr\/wp-json\/wp\/v2\/comments?post=314131"}],"wp:featuredmedia":[{"embeddable":true,"href":"https:\/\/www.moskito.cz\/fr\/wp-json\/wp\/v2\/media\/314141"}],"wp:attachment":[{"href":"https:\/\/www.moskito.cz\/fr\/wp-json\/wp\/v2\/media?parent=314131"}],"wp:term":[{"taxonomy":"pwb-brand","embeddable":true,"href":"https:\/\/www.moskito.cz\/fr\/wp-json\/wp\/v2\/pwb-brand?post=314131"},{"taxonomy":"product_brand","embeddable":true,"href":"https:\/\/www.moskito.cz\/fr\/wp-json\/wp\/v2\/product_brand?post=314131"},{"taxonomy":"product_cat","embeddable":true,"href":"https:\/\/www.moskito.cz\/fr\/wp-json\/wp\/v2\/product_cat?post=314131"},{"taxonomy":"product_tag","embeddable":true,"href":"https:\/\/www.moskito.cz\/fr\/wp-json\/wp\/v2\/product_tag?post=314131"}],"curies":[{"name":"wp","href":"https:\/\/api.w.org\/{rel}","templated":true}]}}