{"id":314164,"date":"2023-11-16T16:27:06","date_gmt":"2023-11-16T15:27:06","guid":{"rendered":"https:\/\/www.moskito.cz\/produkt\/couteau-de-tir-microtech-dirac-delta-dark-tungsten-cerakote-227-2cdt\/"},"modified":"2025-05-07T11:02:59","modified_gmt":"2025-05-07T10:02:59","slug":"couteau-de-tir-microtech-dirac-delta-dark-tungsten-cerakote-227-2cdt","status":"publish","type":"product","link":"https:\/\/www.moskito.cz\/fr\/produkt\/couteau-de-tir-microtech-dirac-delta-dark-tungsten-cerakote-227-2cdt\/","title":{"rendered":"Couteau de tir Microtech Dirac Delta Dark Tungsten Cerakote 227-2CDT"},"content":{"rendered":"<p>Couteau de tir <strong>Microtech<\/strong> Dirac Delta Dark Tungsten Cerakote 227-2CDT<\/p>\n<p><strong>Le Dirac<\/strong> est le premier couteau \u00e0 double action <strong>de Microtech<\/strong> dot\u00e9 d&rsquo;un curseur de tir \u00e0 couverture. Le ch\u00e2ssis extr\u00eamement ergonomique pr\u00e9sente des lignes incurv\u00e9es de type HALO pour une sensation l\u00e9g\u00e8rement diff\u00e9rente par rapport aux autres poign\u00e9es. Ils ont \u00e9tudi\u00e9 cette conception OTF particuli\u00e8re et ont utilis\u00e9 leurs microtechnologies \u00e0 ultra haute tol\u00e9rance, telles que du mat\u00e9riel exclusif, un m\u00e9canisme interne innovant et un brise-verre. Avec une longueur totale de 24 cm, le Dirac convient parfaitement \u00e0 un couteau de tous les jours ou tactique.<br \/>\nCaract\u00e9ristiques:<\/p>\n<p>Longueur de la lame : 9,47 cm<br \/>\nLongueur totale : 24 cm<br \/>\nAcier : M390<br \/>\n\u00c9paisseur de la lame : 0,425 cm<br \/>\nStyle de lame&nbsp;:&nbsp;Dague \u00e0 double tranchant<br \/>\nMeulage de la lame&nbsp;:&nbsp;Plat<br \/>\nTraitement de surface de la lame&nbsp;: Cerakote de tungst\u00e8ne fonc\u00e9<br \/>\nMat\u00e9riau du manche&nbsp;: aluminium 6061-T6, cerakot\u00e9 en tungst\u00e8ne fonc\u00e9<br \/>\n\u00c9paisseur du manche&nbsp;: 0,42&Prime;<br \/>\nM\u00e9canisme de verrouillage&nbsp;:&nbsp;Couvercle coulissant<br \/>\nClip de poche&nbsp;: acier inoxydable 301 (pliable)<br \/>\nPoids : 4,1 onces.<br \/>\nCr\u00e9ateur : Tony Marfione<br \/>\nFabriqu\u00e9 aux \u00c9tats-Unis<\/p>\n<p><iframe title=\"Microtech Combat Troodon Torture Test\" width=\"800\" height=\"450\" src=\"https:\/\/www.youtube.com\/embed\/xE9TeOFYEjg?feature=oembed\" frameborder=\"0\" allow=\"accelerometer; autoplay; clipboard-write; encrypted-media; gyroscope; picture-in-picture; web-share\" allowfullscreen><\/iframe><\/p>\n<p>&nbsp;<\/p>\n<p>&nbsp;<\/p>\n","protected":false},"excerpt":{"rendered":"<div class=\"elementor-element elementor-element-bbb542b elementor-widget elementor-widget-woocommerce-product-short-description\" data-id=\"bbb542b\" data-element_type=\"widget\" data-widget_type=\"woocommerce-product-short-description.default\">\n<div class=\"elementor-widget-container\">\n<div class=\"woocommerce-product-details__short-description\">\n<p><strong>Au fil des ann\u00e9es, Microtech\u00ae Knives a rempli les couteaux avec passion et comp\u00e9tence pour cr\u00e9er presque des \u0153uvres d&rsquo;art qui sont le summum de la fonctionnalit\u00e9. Toutes les pi\u00e8ces sont fabriqu\u00e9es aux \u00c9tats-Unis.<\/strong><br \/>\n<strong>Tous les couteaux Microtech sont garantis \u00e0 vie.<\/strong><\/p>\n<p><strong>Transports gratuits.<\/strong><\/p>\n<\/div>\n<\/div>\n<\/div>\n","protected":false},"featured_media":314179,"comment_status":"open","ping_status":"closed","template":"","meta":[],"pwb-brand":[3751],"product_brand":[],"product_cat":[3699,3696],"product_tag":[3754],"class_list":{"0":"post-314164","1":"product","2":"type-product","3":"status-publish","4":"has-post-thumbnail","6":"pwb-brand-microtechnologie","7":"product_cat-couteaux-de-tir","8":"product_cat-des-couteaux","9":"product_tag-b2b-fr","11":"first","12":"outofstock","13":"taxable","14":"shipping-taxable","15":"purchasable","16":"product-type-simple"},"brands":[{"id":3751,"name":"Microtechnologie","slug":"microtechnologie"}],"_links":{"self":[{"href":"https:\/\/www.moskito.cz\/fr\/wp-json\/wp\/v2\/product\/314164","targetHints":{"allow":["GET"]}}],"collection":[{"href":"https:\/\/www.moskito.cz\/fr\/wp-json\/wp\/v2\/product"}],"about":[{"href":"https:\/\/www.moskito.cz\/fr\/wp-json\/wp\/v2\/types\/product"}],"replies":[{"embeddable":true,"href":"https:\/\/www.moskito.cz\/fr\/wp-json\/wp\/v2\/comments?post=314164"}],"wp:featuredmedia":[{"embeddable":true,"href":"https:\/\/www.moskito.cz\/fr\/wp-json\/wp\/v2\/media\/314179"}],"wp:attachment":[{"href":"https:\/\/www.moskito.cz\/fr\/wp-json\/wp\/v2\/media?parent=314164"}],"wp:term":[{"taxonomy":"pwb-brand","embeddable":true,"href":"https:\/\/www.moskito.cz\/fr\/wp-json\/wp\/v2\/pwb-brand?post=314164"},{"taxonomy":"product_brand","embeddable":true,"href":"https:\/\/www.moskito.cz\/fr\/wp-json\/wp\/v2\/product_brand?post=314164"},{"taxonomy":"product_cat","embeddable":true,"href":"https:\/\/www.moskito.cz\/fr\/wp-json\/wp\/v2\/product_cat?post=314164"},{"taxonomy":"product_tag","embeddable":true,"href":"https:\/\/www.moskito.cz\/fr\/wp-json\/wp\/v2\/product_tag?post=314164"}],"curies":[{"name":"wp","href":"https:\/\/api.w.org\/{rel}","templated":true}]}}