{"id":314199,"date":"2023-11-17T13:54:49","date_gmt":"2024-02-29T15:31:18","guid":{"rendered":"https:\/\/www.moskito.cz\/produkt\/couteau-de-tir-microtech-makora-weathered-signature-series-206-1biwrds\/"},"modified":"2025-05-07T11:03:00","modified_gmt":"2025-05-07T10:03:00","slug":"couteau-de-tir-microtech-makora-weathered-signature-series-206-1biwrds","status":"publish","type":"product","link":"https:\/\/www.moskito.cz\/fr\/produkt\/couteau-de-tir-microtech-makora-weathered-signature-series-206-1biwrds\/","title":{"rendered":"Couteau de tir Microtech Makora Weathered Signature Series 206-1BIWRDS"},"content":{"rendered":"<p>Couteau de tir <strong>Microtech<\/strong> Makora Weathered Signature Series 206-1BIWRDS<\/p>\n<p><strong>Makora<\/strong> Refresh est une conception qui a \u00e9volu\u00e9 \u00e0 l&rsquo;origine \u00e0 partir de la conception Ultratech. Il pr\u00e9sente une forme globale <strong>Ultratech<\/strong> avec l&rsquo;ajout d&rsquo;une visi\u00e8re sur le dessus du manche et l&rsquo;avantage d&rsquo;un insert grip. D&rsquo;autres am\u00e9liorations apport\u00e9es \u00e0 la nouvelle gamme Makora incluent des rainures \u00e0 la base de la lame, des ports au bas du ch\u00e2ssis et des composants internes rev\u00eatus de nickel-bore. Ces am\u00e9liorations rendent l&rsquo;action incroyablement fluide et fiable, et facilitent \u00e9galement la maintenance.<\/p>\n<p>Ce mod\u00e8le de production distinctif est dot\u00e9 d&rsquo;une poign\u00e9e en aluminium noir avec un insert \u00e0 bulles rouge patin\u00e9. Lame en acier inoxydable M390 rouge patin\u00e9 \u00e0 double tranchant. Quincaillerie rouge patin\u00e9e, curseur de pouce et brise-verre. Clip de poche aux extr\u00e9mit\u00e9s noires avec logo de la s\u00e9rie signature. Le clip de poche est \u00e9galement grav\u00e9 avec les informations sur le mod\u00e8le, le num\u00e9ro de s\u00e9rie, le logo de la fourmi Makora et la date de fabrication.<\/p>\n<p>Longueur totale : 21,59 cm<br \/>\nAcier : M390<br \/>\nLongueur de la lame : 8,25 cm<br \/>\nFinition de la lame&nbsp;:&nbsp;Rouge patin\u00e9<br \/>\nStyle de bordure&nbsp;:&nbsp;Unie<br \/>\nMat\u00e9riau de la poign\u00e9e&nbsp;: poign\u00e9e noire &#8211; incrustation de brute rouge patin\u00e9e<br \/>\nClip de poche&nbsp;: rabattable<br \/>\nPoids&nbsp;: 3,4 onces (96,39 g)<br \/>\nFabricant R\u00e9f. #&nbsp;:&nbsp;206-1BIWRDS<br \/>\nPays d&rsquo;origine : \u00c9tats-Unis<\/p>\n<p><iframe title=\"Microtech Combat Troodon Torture Test\" width=\"800\" height=\"450\" src=\"https:\/\/www.youtube.com\/embed\/xE9TeOFYEjg?feature=oembed\" frameborder=\"0\" allow=\"accelerometer; autoplay; clipboard-write; encrypted-media; gyroscope; picture-in-picture; web-share\" allowfullscreen><\/iframe><\/p>\n<p>&nbsp;<\/p>\n<p>&nbsp;<\/p>\n","protected":false},"excerpt":{"rendered":"<p><strong>Au fil des ann\u00e9es, Microtech\u00ae Knives a rempli les couteaux avec passion et comp\u00e9tence pour cr\u00e9er presque des \u0153uvres d&rsquo;art qui sont le summum de la fonctionnalit\u00e9. Toutes les pi\u00e8ces sont fabriqu\u00e9es aux \u00c9tats-Unis.<\/strong><br \/>\n<strong>Tous les couteaux Microtech sont garantis \u00e0 vie (min. 80 000 cycles, ouverture et fermeture)<\/strong><\/p>\n<p><strong>Transports gratuits.<\/strong><\/p>\n","protected":false},"featured_media":314208,"comment_status":"open","ping_status":"closed","template":"","meta":[],"pwb-brand":[3751],"product_brand":[],"product_cat":[3699,3696],"product_tag":[3754],"class_list":{"0":"post-314199","1":"product","2":"type-product","3":"status-publish","4":"has-post-thumbnail","6":"pwb-brand-microtechnologie","7":"product_cat-couteaux-de-tir","8":"product_cat-des-couteaux","9":"product_tag-b2b-fr","11":"first","12":"outofstock","13":"taxable","14":"shipping-taxable","15":"purchasable","16":"product-type-simple"},"brands":[{"id":3751,"name":"Microtechnologie","slug":"microtechnologie"}],"_links":{"self":[{"href":"https:\/\/www.moskito.cz\/fr\/wp-json\/wp\/v2\/product\/314199","targetHints":{"allow":["GET"]}}],"collection":[{"href":"https:\/\/www.moskito.cz\/fr\/wp-json\/wp\/v2\/product"}],"about":[{"href":"https:\/\/www.moskito.cz\/fr\/wp-json\/wp\/v2\/types\/product"}],"replies":[{"embeddable":true,"href":"https:\/\/www.moskito.cz\/fr\/wp-json\/wp\/v2\/comments?post=314199"}],"wp:featuredmedia":[{"embeddable":true,"href":"https:\/\/www.moskito.cz\/fr\/wp-json\/wp\/v2\/media\/314208"}],"wp:attachment":[{"href":"https:\/\/www.moskito.cz\/fr\/wp-json\/wp\/v2\/media?parent=314199"}],"wp:term":[{"taxonomy":"pwb-brand","embeddable":true,"href":"https:\/\/www.moskito.cz\/fr\/wp-json\/wp\/v2\/pwb-brand?post=314199"},{"taxonomy":"product_brand","embeddable":true,"href":"https:\/\/www.moskito.cz\/fr\/wp-json\/wp\/v2\/product_brand?post=314199"},{"taxonomy":"product_cat","embeddable":true,"href":"https:\/\/www.moskito.cz\/fr\/wp-json\/wp\/v2\/product_cat?post=314199"},{"taxonomy":"product_tag","embeddable":true,"href":"https:\/\/www.moskito.cz\/fr\/wp-json\/wp\/v2\/product_tag?post=314199"}],"curies":[{"name":"wp","href":"https:\/\/api.w.org\/{rel}","templated":true}]}}