{"id":314419,"date":"2024-03-03T00:34:33","date_gmt":"2024-03-02T23:35:44","guid":{"rendered":"https:\/\/www.moskito.cz\/produkt\/couteau-de-fixation-ctkt-damas-hirin-5042b\/"},"modified":"2025-05-07T11:03:03","modified_gmt":"2025-05-07T10:03:03","slug":"couteau-de-fixation-ctkt-damas-hirin-5042b","status":"publish","type":"product","link":"https:\/\/www.moskito.cz\/fr\/produkt\/couteau-de-fixation-ctkt-damas-hirin-5042b\/","title":{"rendered":"Couteau de fixation CTKT Damas Hirin 5042B"},"content":{"rendered":"<p>Couteau de fixation <strong>CTKT<\/strong> Damas Hirin 5042B.<\/p>\n<p>Un coup d&rsquo;\u0153il \u00e0 Hirin\u2122 suffit pour savoir que c&rsquo;est quelque chose de sp\u00e9cial. Motif d\u00e9taill\u00e9 de la lame Super Dense Twist\u2122 Damasteel\u00ae grav\u00e9e \u00e0 l&rsquo;acide. Manche en titane anodis\u00e9 et vis en acier inoxydable. Construction squelette saisissante, \u00e0 la fois organique et surnaturelle. M\u00eame le clip de poche personnalis\u00e9, \u00e9galement Damasteel\u00ae, compl\u00e8te parfaitement la forme \u00e9l\u00e9gante et sym\u00e9trique du couteau.<br \/>\nBien construit : Fabriqu\u00e9 en Italie<br \/>\nMat\u00e9riaux haut de gamme&nbsp;: L&rsquo;acier \u00e0 lame Damasteel\u00ae Super Dense Twist\u2122 offre des performances de coupe sup\u00e9rieures<br \/>\nSolide et l\u00e9ger : le manche en titane allie r\u00e9sistance et poids minimal<br \/>\nMat\u00e9riaux haut de gamme&nbsp;: Clip de poche Super Dense Twist\u2122 Damasteel\u00ae pour une solidit\u00e9 et une r\u00e9sistance in\u00e9gal\u00e9es.<\/p>\n<p>Longueur de la lame : 9 cm<\/p>\n<p>Longueur totale : 22 cm<\/p>\n<p>Poids : 168g<\/p>\n<p>Mat\u00e9riau du manche : Titane<\/p>\n<p>Lame : Damas<\/p>\n<p><iframe title=\"CRKT Hirin\u2122 I Dew Hara Design\" width=\"800\" height=\"450\" src=\"https:\/\/www.youtube.com\/embed\/s9SQ3aUdCBs?feature=oembed\" frameborder=\"0\" allow=\"accelerometer; autoplay; clipboard-write; encrypted-media; gyroscope; picture-in-picture; web-share\" allowfullscreen><\/iframe><\/p>\n<p>&nbsp;<\/p>\n<p>&nbsp;<\/p>\n","protected":false},"excerpt":{"rendered":"<p><strong>Dew Hara est un produit de son environnement\u2026 litt\u00e9ralement. Les fabricants de sa ville natale de Seki, au Japon, sont connus pour concevoir et produire des ustensiles de cuisine de la meilleure qualit\u00e9 au monde. Il porte \u00e9galement le nom mondialement connu de Hara ; son p\u00e8re, Koji Hara, est l&rsquo;un des designers les plus respect\u00e9s au monde. Cependant, le travail de Dew est fort en soi : sa capacit\u00e9 \u00e0 infuser des \u00e9l\u00e9ments du monde naturel est sans pr\u00e9c\u00e9dent et il n&rsquo;a fait qu&rsquo;effleurer la surface de ce qui sera certainement une carri\u00e8re longue et productive.<\/strong><\/p>\n","protected":false},"featured_media":314363,"comment_status":"open","ping_status":"closed","template":"","meta":[],"pwb-brand":[3762],"product_brand":[],"product_cat":[3760,3696],"product_tag":[],"class_list":{"0":"post-314419","1":"product","2":"type-product","3":"status-publish","4":"has-post-thumbnail","6":"pwb-brand-crkt-fr","7":"product_cat-couteaux-damasquines","8":"product_cat-des-couteaux","10":"first","11":"outofstock","12":"taxable","13":"shipping-taxable","14":"purchasable","15":"product-type-simple"},"brands":[{"id":3762,"name":"CRKT","slug":"crkt-fr"}],"_links":{"self":[{"href":"https:\/\/www.moskito.cz\/fr\/wp-json\/wp\/v2\/product\/314419","targetHints":{"allow":["GET"]}}],"collection":[{"href":"https:\/\/www.moskito.cz\/fr\/wp-json\/wp\/v2\/product"}],"about":[{"href":"https:\/\/www.moskito.cz\/fr\/wp-json\/wp\/v2\/types\/product"}],"replies":[{"embeddable":true,"href":"https:\/\/www.moskito.cz\/fr\/wp-json\/wp\/v2\/comments?post=314419"}],"wp:featuredmedia":[{"embeddable":true,"href":"https:\/\/www.moskito.cz\/fr\/wp-json\/wp\/v2\/media\/314363"}],"wp:attachment":[{"href":"https:\/\/www.moskito.cz\/fr\/wp-json\/wp\/v2\/media?parent=314419"}],"wp:term":[{"taxonomy":"pwb-brand","embeddable":true,"href":"https:\/\/www.moskito.cz\/fr\/wp-json\/wp\/v2\/pwb-brand?post=314419"},{"taxonomy":"product_brand","embeddable":true,"href":"https:\/\/www.moskito.cz\/fr\/wp-json\/wp\/v2\/product_brand?post=314419"},{"taxonomy":"product_cat","embeddable":true,"href":"https:\/\/www.moskito.cz\/fr\/wp-json\/wp\/v2\/product_cat?post=314419"},{"taxonomy":"product_tag","embeddable":true,"href":"https:\/\/www.moskito.cz\/fr\/wp-json\/wp\/v2\/product_tag?post=314419"}],"curies":[{"name":"wp","href":"https:\/\/api.w.org\/{rel}","templated":true}]}}