{"id":314924,"date":"2024-03-08T16:04:00","date_gmt":"2024-03-08T15:06:12","guid":{"rendered":"https:\/\/www.moskito.cz\/produkt\/heretic-knives-hydra-h006-10a-hcamo-couteau-de-tir\/"},"modified":"2025-05-07T11:03:10","modified_gmt":"2025-05-07T10:03:10","slug":"heretic-knives-hydra-h006-10a-hcamo-couteau-de-tir","status":"publish","type":"product","link":"https:\/\/www.moskito.cz\/fr\/produkt\/heretic-knives-hydra-h006-10a-hcamo-couteau-de-tir\/","title":{"rendered":"Heretic Knives Hydra H006-10A-HCAMO Couteau de tir"},"content":{"rendered":"<p><strong>Heretic Knives<\/strong> Hydra H006-10A-HCAMO Couteau de tir<\/p>\n<p><strong>L&rsquo;Hydra<\/strong> est un couteau automatique \u00e0 simple action OTF (de face) et a \u00e9t\u00e9 le premier du genre \u00e0 disposer d&rsquo;un bouton de s\u00e9curit\u00e9 et d&rsquo;un double clip de poche. Cette conception de clip a depuis \u00e9t\u00e9 mise \u00e0 jour car les doubles broches ont cr\u00e9\u00e9 deux fois plus de possibilit\u00e9s d&rsquo;accrocs. Celui-ci est donc beaucoup plus convivial. Pour faire fonctionner le couteau, faites simplement glisser le bouton de s\u00e9curit\u00e9 avec votre pouce, puis appuyez sur le bouton situ\u00e9 en dessous pour tirer. Pour r\u00e9tracter la lame, appuyez sur le bouton tout en tirant simultan\u00e9ment la poign\u00e9e de chargement depuis le bas du couteau. Rel\u00e2chez le bouton et remettez la poign\u00e9e de chargement dans sa position de repos d&rsquo;origine. Cela charge le ressort \u00e0 l&rsquo;int\u00e9rieur et r\u00e9initialise le m\u00e9canisme, pr\u00eat pour une autre activation impressionnante. Il s&rsquo;agit de l&rsquo;un des rares couteaux \u00e0 action unique OTF encore disponibles et il a \u00e9t\u00e9 fi\u00e8rement fabriqu\u00e9 aux \u00c9tats-Unis.<br \/>\nCaract\u00e9ristiques<\/p>\n<p>Longueur de la lame : 9 cm<br \/>\nLongueur totale : 23 cm<br \/>\nMat\u00e9riau de la lame : acier inoxydable CPM-MagnaCut<br \/>\nStyle de lame : Tanto<br \/>\nMeulage de la lame&nbsp;: creux<br \/>\nFinition de la lame&nbsp;: Noir DLC bicolore<br \/>\nMat\u00e9riau de la poign\u00e9e&nbsp;: Aluminium camouflage h\u00e9r\u00e9tique<br \/>\nM\u00e9canisme de verrouillage : Bouton<br \/>\nClip de poche : Titane (repliable, usure droite)<br \/>\nPoids : 5,22 onces.<br \/>\nCr\u00e9ateur : Tony Marfione Jr.<br \/>\nFabriqu\u00e9 aux \u00c9tats-Unis<\/p>\n<p>&nbsp;<\/p>\n<p>&nbsp;<\/p>\n","protected":false},"excerpt":{"rendered":"<p><strong>Tous nos couteaux sont fabriqu\u00e9s aux \u00c9tats-Unis et nous le conserverons ainsi. Lorsque vous achetez l&rsquo;un de nos couteaux, vous pouvez avoir confiance en votre outil en sachant qu&rsquo;il est soutenu par une entreprise am\u00e9ricaine. Nos couteaux sont fabriqu\u00e9s en petits lots pour garantir que vous obtenez un couteau de qualit\u00e9 qui n&rsquo;attire pas l&rsquo;attention des autres couteaux produits en s\u00e9rie.<\/strong><\/p>\n<p><strong>Transports gratuits.<\/strong><\/p>\n","protected":false},"featured_media":314883,"comment_status":"open","ping_status":"closed","template":"","meta":[],"pwb-brand":[3758],"product_brand":[],"product_cat":[3699,3696],"product_tag":[],"class_list":{"0":"post-314924","1":"product","2":"type-product","3":"status-publish","4":"has-post-thumbnail","6":"pwb-brand-couteaux-heretiques","7":"product_cat-couteaux-de-tir","8":"product_cat-des-couteaux","10":"first","11":"instock","12":"taxable","13":"shipping-taxable","14":"purchasable","15":"product-type-simple"},"brands":[{"id":3758,"name":"Couteaux h\u00e9r\u00e9tiques","slug":"couteaux-heretiques"}],"_links":{"self":[{"href":"https:\/\/www.moskito.cz\/fr\/wp-json\/wp\/v2\/product\/314924","targetHints":{"allow":["GET"]}}],"collection":[{"href":"https:\/\/www.moskito.cz\/fr\/wp-json\/wp\/v2\/product"}],"about":[{"href":"https:\/\/www.moskito.cz\/fr\/wp-json\/wp\/v2\/types\/product"}],"replies":[{"embeddable":true,"href":"https:\/\/www.moskito.cz\/fr\/wp-json\/wp\/v2\/comments?post=314924"}],"wp:featuredmedia":[{"embeddable":true,"href":"https:\/\/www.moskito.cz\/fr\/wp-json\/wp\/v2\/media\/314883"}],"wp:attachment":[{"href":"https:\/\/www.moskito.cz\/fr\/wp-json\/wp\/v2\/media?parent=314924"}],"wp:term":[{"taxonomy":"pwb-brand","embeddable":true,"href":"https:\/\/www.moskito.cz\/fr\/wp-json\/wp\/v2\/pwb-brand?post=314924"},{"taxonomy":"product_brand","embeddable":true,"href":"https:\/\/www.moskito.cz\/fr\/wp-json\/wp\/v2\/product_brand?post=314924"},{"taxonomy":"product_cat","embeddable":true,"href":"https:\/\/www.moskito.cz\/fr\/wp-json\/wp\/v2\/product_cat?post=314924"},{"taxonomy":"product_tag","embeddable":true,"href":"https:\/\/www.moskito.cz\/fr\/wp-json\/wp\/v2\/product_tag?post=314924"}],"curies":[{"name":"wp","href":"https:\/\/api.w.org\/{rel}","templated":true}]}}