{"id":315009,"date":"2024-03-08T19:15:44","date_gmt":"2024-03-08T18:22:00","guid":{"rendered":"https:\/\/www.moskito.cz\/produkt\/couteau-de-tir-kershaw-livewire-stonewashed-9000blu\/"},"modified":"2025-05-07T11:03:13","modified_gmt":"2025-05-07T10:03:13","slug":"couteau-de-tir-kershaw-livewire-stonewashed-9000blu","status":"publish","type":"product","link":"https:\/\/www.moskito.cz\/fr\/produkt\/couteau-de-tir-kershaw-livewire-stonewashed-9000blu\/","title":{"rendered":"Couteau de tir Kershaw Livewire Stonewashed 9000BLU"},"content":{"rendered":"<p>Couteau de tir <strong>Kershaw<\/strong> Livewire Stonewashed 9000BLU<\/p>\n<p>Peu de couteaux suscitent autant d\u2019enthousiasme qu\u2019un couteau automatique. Apr\u00e8s des recherches approfondies, un d\u00e9veloppement minutieux et des tests rigoureux, les concepteurs internes et le fabricant de couteaux personnalis\u00e9s Matt Diskin ont livr\u00e9 la premi\u00e8re machine OTF automatique de Kershaw : la Livewire. La lame CPM-MagnaCut haut de gamme s&rsquo;ouvre et se r\u00e9tracte avec autorit\u00e9. La poign\u00e9e en aluminium anodis\u00e9 bleu est textur\u00e9e pour une prise s\u00fbre. Et son bouton incurv\u00e9 en forme d&rsquo;escalier est confortable sur le pouce pour un d\u00e9ploiement fiable. De plus, ce couteau est un plaisir \u00e0 transporter gr\u00e2ce \u00e0 son poids l\u00e9ger et \u00e0 son clip double face pour un transport en profondeur. Les fans l&rsquo;ont demand\u00e9 et Livewire vaut la peine d&rsquo;attendre.<\/p>\n<p>Fonction<br \/>\nAvant automatique fabriqu\u00e9 aux USA&nbsp;; Conception originale de Kershaw et Matt Diskin<br \/>\nL&rsquo;acier CPM-MagnaCut offre une excellente duret\u00e9 de lame, une r\u00e9sistance \u00e0 la corrosion, une t\u00e9nacit\u00e9, une r\u00e9sistance \u00e0 l&rsquo;usure et une r\u00e9tention sup\u00e9rieure des bords.<br \/>\nLa finition d\u00e9lav\u00e9e aide \u00e0 masquer les rayures dues \u00e0 l&rsquo;utilisation<br \/>\nManche en aluminium anodis\u00e9 bleu, faible r\u00e9sistance ; la texture am\u00e9liore l&rsquo;adh\u00e9rence<br \/>\nLe clip de poche profond est facilement r\u00e9versible pour un port gauche\/droite<\/p>\n<p>Caract\u00e9ristiques:<br \/>\nLongueur de la lame : 8,4 cm<br \/>\nLongueur ferm\u00e9 : 12,2 cm<br \/>\nLongueur totale : 20,6 cm<br \/>\nMat\u00e9riau de la lame : acier inoxydable CPM-MagnaCut<br \/>\n\u00c9paisseur de la lame : 0,32 cm<br \/>\nStyle de lame&nbsp;: pointe de lance<br \/>\nTraitement de surface de la lame : Stonewash<br \/>\nMat\u00e9riau du manche : Aluminium anodis\u00e9 bleu 6061-T6<br \/>\n\u00c9paisseur du manche : 1,22 cm<br \/>\nM\u00e9canisme de verrouillage : coulissant<br \/>\nClip de poche&nbsp;: transport profond (inclinaison, transport droite\/gauche)<br \/>\nPoids : 3,00 onces. (85g)<br \/>\nConcepteur : Matt Diskin<br \/>\nFabriqu\u00e9 aux \u00c9tats-Unis<\/p>\n","protected":false},"excerpt":{"rendered":"<p><strong>Peu de couteaux g\u00e9n\u00e8rent autant d\u2019enthousiasme qu\u2019un couteau de tir.<\/strong><\/p>\n<p><strong>Transports gratuits.<\/strong><\/p>\n","protected":false},"featured_media":314962,"comment_status":"open","ping_status":"closed","template":"","meta":[],"pwb-brand":[3775],"product_brand":[],"product_cat":[3699,3696],"product_tag":[],"class_list":{"0":"post-315009","1":"product","2":"type-product","3":"status-publish","4":"has-post-thumbnail","6":"pwb-brand-kershaw-fr","7":"product_cat-couteaux-de-tir","8":"product_cat-des-couteaux","10":"first","11":"outofstock","12":"taxable","13":"shipping-taxable","14":"purchasable","15":"product-type-simple"},"brands":[{"id":3775,"name":"Kershaw","slug":"kershaw-fr"}],"_links":{"self":[{"href":"https:\/\/www.moskito.cz\/fr\/wp-json\/wp\/v2\/product\/315009","targetHints":{"allow":["GET"]}}],"collection":[{"href":"https:\/\/www.moskito.cz\/fr\/wp-json\/wp\/v2\/product"}],"about":[{"href":"https:\/\/www.moskito.cz\/fr\/wp-json\/wp\/v2\/types\/product"}],"replies":[{"embeddable":true,"href":"https:\/\/www.moskito.cz\/fr\/wp-json\/wp\/v2\/comments?post=315009"}],"wp:featuredmedia":[{"embeddable":true,"href":"https:\/\/www.moskito.cz\/fr\/wp-json\/wp\/v2\/media\/314962"}],"wp:attachment":[{"href":"https:\/\/www.moskito.cz\/fr\/wp-json\/wp\/v2\/media?parent=315009"}],"wp:term":[{"taxonomy":"pwb-brand","embeddable":true,"href":"https:\/\/www.moskito.cz\/fr\/wp-json\/wp\/v2\/pwb-brand?post=315009"},{"taxonomy":"product_brand","embeddable":true,"href":"https:\/\/www.moskito.cz\/fr\/wp-json\/wp\/v2\/product_brand?post=315009"},{"taxonomy":"product_cat","embeddable":true,"href":"https:\/\/www.moskito.cz\/fr\/wp-json\/wp\/v2\/product_cat?post=315009"},{"taxonomy":"product_tag","embeddable":true,"href":"https:\/\/www.moskito.cz\/fr\/wp-json\/wp\/v2\/product_tag?post=315009"}],"curies":[{"name":"wp","href":"https:\/\/api.w.org\/{rel}","templated":true}]}}