{"id":315013,"date":"2024-03-08T18:38:55","date_gmt":"2024-03-08T18:22:08","guid":{"rendered":"https:\/\/www.moskito.cz\/produkt\/spyderco-triangle-sharpmaker-tige-en-ceramique-de-remplacement-grain-moyen-204m1\/"},"modified":"2025-05-07T11:03:15","modified_gmt":"2025-05-07T10:03:15","slug":"spyderco-triangle-sharpmaker-tige-en-ceramique-de-remplacement-grain-moyen-204m1","status":"publish","type":"product","link":"https:\/\/www.moskito.cz\/fr\/produkt\/spyderco-triangle-sharpmaker-tige-en-ceramique-de-remplacement-grain-moyen-204m1\/","title":{"rendered":"Spyderco Triangle Sharpmaker Tige en c\u00e9ramique de remplacement Grain moyen 204M1"},"content":{"rendered":"<p><strong>Spyderco<\/strong> Triangle Sharpmaker Tige en c\u00e9ramique de remplacement Grain moyen 204M1<\/p>\n<p>Cette pierre en c\u00e9ramique \u00e0 grain moyen est un article de remplacement pour celles incluses dans le syst\u00e8me d&rsquo;aff\u00fbtage Tri-Angle Sharpmaker 204MF.<\/p>\n<p>La pierre 204F est vendue \u00e0 l&rsquo;unit\u00e9 et s&rsquo;adapte au syst\u00e8me d&rsquo;aff\u00fbtage 204 Tri-Angle Sharpmaker. Pour nettoyer&nbsp;: frotter avec une \u00e9ponge m\u00e9tallique et un nettoyant abrasif motoris\u00e9, s\u00e9cher \u00e0 l&rsquo;air<\/p>\n","protected":false},"excerpt":{"rendered":"<p><strong>Tige de rechange en c\u00e9ramique \u00e0 grain moyen 204M1.<\/strong><\/p>\n","protected":false},"featured_media":314953,"comment_status":"open","ping_status":"closed","template":"","meta":[],"pwb-brand":[3778],"product_brand":[],"product_cat":[3688],"product_tag":[3754],"class_list":{"0":"post-315013","1":"product","2":"type-product","3":"status-publish","4":"has-post-thumbnail","6":"pwb-brand-spyderco-fr","7":"product_cat-meules-et-aciers","8":"product_tag-b2b-fr","10":"first","11":"outofstock","12":"taxable","13":"shipping-taxable","14":"purchasable","15":"product-type-simple"},"brands":[{"id":3778,"name":"Spyderco","slug":"spyderco-fr"}],"_links":{"self":[{"href":"https:\/\/www.moskito.cz\/fr\/wp-json\/wp\/v2\/product\/315013","targetHints":{"allow":["GET"]}}],"collection":[{"href":"https:\/\/www.moskito.cz\/fr\/wp-json\/wp\/v2\/product"}],"about":[{"href":"https:\/\/www.moskito.cz\/fr\/wp-json\/wp\/v2\/types\/product"}],"replies":[{"embeddable":true,"href":"https:\/\/www.moskito.cz\/fr\/wp-json\/wp\/v2\/comments?post=315013"}],"wp:featuredmedia":[{"embeddable":true,"href":"https:\/\/www.moskito.cz\/fr\/wp-json\/wp\/v2\/media\/314953"}],"wp:attachment":[{"href":"https:\/\/www.moskito.cz\/fr\/wp-json\/wp\/v2\/media?parent=315013"}],"wp:term":[{"taxonomy":"pwb-brand","embeddable":true,"href":"https:\/\/www.moskito.cz\/fr\/wp-json\/wp\/v2\/pwb-brand?post=315013"},{"taxonomy":"product_brand","embeddable":true,"href":"https:\/\/www.moskito.cz\/fr\/wp-json\/wp\/v2\/product_brand?post=315013"},{"taxonomy":"product_cat","embeddable":true,"href":"https:\/\/www.moskito.cz\/fr\/wp-json\/wp\/v2\/product_cat?post=315013"},{"taxonomy":"product_tag","embeddable":true,"href":"https:\/\/www.moskito.cz\/fr\/wp-json\/wp\/v2\/product_tag?post=315013"}],"curies":[{"name":"wp","href":"https:\/\/api.w.org\/{rel}","templated":true}]}}