{"id":315060,"date":"2024-03-08T21:38:25","date_gmt":"2024-03-08T20:42:12","guid":{"rendered":"https:\/\/www.moskito.cz\/produkt\/couteau-pliant-kershaw-ken-onion-leek-stonewashed-ks1660gblu\/"},"modified":"2025-05-07T11:03:16","modified_gmt":"2025-05-07T10:03:16","slug":"couteau-pliant-kershaw-ken-onion-leek-stonewashed-ks1660gblu","status":"publish","type":"product","link":"https:\/\/www.moskito.cz\/fr\/produkt\/couteau-pliant-kershaw-ken-onion-leek-stonewashed-ks1660gblu\/","title":{"rendered":"Couteau pliant Kershaw Ken Onion Leek Stonewashed KS1660GBLU"},"content":{"rendered":"<p>Couteau pliant <strong>Kershaw<\/strong> Ken Onion Poireaux Stonewashed KS1660GBLU.<\/p>\n<p>Vous cherchez un couteau qui ne se perdra pas dans l&rsquo;herbe ?<\/p>\n<p>Le bleu brillant de la poign\u00e9e en aluminium anodis\u00e9 est une couleur r\u00e9sistante \u00e0 la d\u00e9coloration et aux rayures qui est li\u00e9e de mani\u00e8re permanente \u00e0 l&rsquo;aluminium \u2013 elle a donc fi\u00e8re allure maintenant et restera belle pendant longtemps. CPM-MagnaCut &#8211; Cet acier haute performance permet au couteau de garder la lame tr\u00e8s tranchante pendant une p\u00e9riode plus longue.<\/p>\n<p>Que vous soyez gaucher ou droitier, ouvrez facilement le couteau d\u00e9grad\u00e9 bleu gr\u00e2ce \u00e0 l&rsquo;ouverture assist\u00e9e SpeedSafe. Tirez simplement sur la languette de la lame double face ou poussez sur le repose-pouce et la lame Leek est pr\u00eate \u00e0 l&#8217;emploi. Pour plus de s\u00e9curit\u00e9, l&rsquo;insert de verrouillage maintient la lame verrouill\u00e9e ouverte pendant l&rsquo;utilisation, et le curseur Tip-Lock la verrouille lorsque le couteau est ferm\u00e9. Le clip de poche est r\u00e9versible pour \u00eatre repli\u00e9 ou repli\u00e9, et la poign\u00e9e est perc\u00e9e pour la fixation d&rsquo;un cordon.<\/p>\n<p>Le Leek Blue Gradient est un couteau fin, facile \u00e0 transporter et esth\u00e9tique.<\/p>\n<p>Fonction:<br \/>\nFin &#8211; Peut \u00eatre utilis\u00e9 sur des couteaux \u00e0 ouverture manuelle ou assist\u00e9e. Le \u00ab&nbsp;Flipper&nbsp;\u00bb est une saillie \u00e0 l&rsquo;arri\u00e8re de la lame que l&rsquo;utilisateur peut retirer ou retourner pour faire glisser facilement la lame hors du manche.<br \/>\nSpeedSafe\u00ae &#8211; Vous aide \u00e0 ouvrir rapidement et facilement n&rsquo;importe quel couteau SpeedSafe\u00ae en appuyant manuellement sur le pouce ou en tirant sur le flipper&nbsp;; int\u00e9gr\u00e9 dans de nombreux best-sellers de Kershaw.<br \/>\nInsert Lock &#8211; Verrouille la lame \u00e0 l&rsquo;\u00e9tat ouvert pendant l&rsquo;utilisation&nbsp;; un c\u00f4t\u00e9 de \u00ab l&rsquo;insert \u00bb en acier, la plaque d&rsquo;acier \u00e0 laquelle les poids du manche sont fix\u00e9s, se met en position derri\u00e8re la lame pour s\u00e9curiser l&rsquo;ouverture.<br \/>\nR\u00e9versible &#8211; Des trous pr\u00e9-perc\u00e9s dans le manche permettent \u00e0 l&rsquo;utilisateur de changer la position de la pointe ou le c\u00f4t\u00e9 sur lequel le couteau est port\u00e9.<br \/>\nFabriqu\u00e9 aux \u00c9tats-Unis \u2013 Lorsque vous voyez cela sur l&rsquo;un des couteaux, cela signifie qu&rsquo;il a \u00e9t\u00e9 fabriqu\u00e9 dans leur usine de fabrication de Tualatin, en Oregon, par les couteliers experts de Kershaw.<\/p>\n<p>Caract\u00e9ristiques<br \/>\nLongueur de la lame : 7,5 cm<br \/>\nLongueur totale : 17,5 cm<br \/>\nMat\u00e9riau de la lame&nbsp;: CPM-MagnaCut<br \/>\nStyle de lame&nbsp;: Wharncliffe<br \/>\nMeulage de la lame&nbsp;: creux<br \/>\nTraitement de surface de la lame : Stonewash<br \/>\nMat\u00e9riau de la poign\u00e9e : aluminium bleu\/noir avec transition<br \/>\nM\u00e9canisme de verrouillage : Liner Lock<br \/>\nClip de poche&nbsp;: (inclinaison vers le haut\/bas, transport droite\/gauche)<br \/>\nPoids : 3,00 onces.<br \/>\nConcepteur&nbsp;: Ken Onion<br \/>\nFabriqu\u00e9 aux \u00c9tats-Unis<\/p>\n","protected":false},"excerpt":{"rendered":"<p><strong>Vous cherchez un couteau qui ne se perdra pas dans l\u2019herbe ?  <\/strong><\/p>\n<p><strong>Transports gratuits.<\/strong><\/p>\n","protected":false},"featured_media":315018,"comment_status":"open","ping_status":"closed","template":"","meta":[],"pwb-brand":[3775],"product_brand":[],"product_cat":[3700,3696],"product_tag":[],"class_list":{"0":"post-315060","1":"product","2":"type-product","3":"status-publish","4":"has-post-thumbnail","6":"pwb-brand-kershaw-fr","7":"product_cat-couteaux-de-fermeture","8":"product_cat-des-couteaux","10":"first","11":"instock","12":"taxable","13":"shipping-taxable","14":"purchasable","15":"product-type-simple"},"brands":[{"id":3775,"name":"Kershaw","slug":"kershaw-fr"}],"_links":{"self":[{"href":"https:\/\/www.moskito.cz\/fr\/wp-json\/wp\/v2\/product\/315060","targetHints":{"allow":["GET"]}}],"collection":[{"href":"https:\/\/www.moskito.cz\/fr\/wp-json\/wp\/v2\/product"}],"about":[{"href":"https:\/\/www.moskito.cz\/fr\/wp-json\/wp\/v2\/types\/product"}],"replies":[{"embeddable":true,"href":"https:\/\/www.moskito.cz\/fr\/wp-json\/wp\/v2\/comments?post=315060"}],"wp:featuredmedia":[{"embeddable":true,"href":"https:\/\/www.moskito.cz\/fr\/wp-json\/wp\/v2\/media\/315018"}],"wp:attachment":[{"href":"https:\/\/www.moskito.cz\/fr\/wp-json\/wp\/v2\/media?parent=315060"}],"wp:term":[{"taxonomy":"pwb-brand","embeddable":true,"href":"https:\/\/www.moskito.cz\/fr\/wp-json\/wp\/v2\/pwb-brand?post=315060"},{"taxonomy":"product_brand","embeddable":true,"href":"https:\/\/www.moskito.cz\/fr\/wp-json\/wp\/v2\/product_brand?post=315060"},{"taxonomy":"product_cat","embeddable":true,"href":"https:\/\/www.moskito.cz\/fr\/wp-json\/wp\/v2\/product_cat?post=315060"},{"taxonomy":"product_tag","embeddable":true,"href":"https:\/\/www.moskito.cz\/fr\/wp-json\/wp\/v2\/product_tag?post=315060"}],"curies":[{"name":"wp","href":"https:\/\/api.w.org\/{rel}","templated":true}]}}