{"id":315252,"date":"2024-03-09T15:43:00","date_gmt":"2024-03-09T14:44:13","guid":{"rendered":"https:\/\/www.moskito.cz\/produkt\/couteau-de-tir-microtech-utx-85-hellhound-stonewash-719-10vis\/"},"modified":"2025-07-21T00:00:02","modified_gmt":"2025-07-20T23:00:02","slug":"couteau-de-tir-microtech-utx-85-hellhound-stonewash-719-10vis","status":"publish","type":"product","link":"https:\/\/www.moskito.cz\/fr\/produkt\/couteau-de-tir-microtech-utx-85-hellhound-stonewash-719-10vis\/","title":{"rendered":"Couteau de tir Microtech UTX-85 Hellhound Stonewash 719-10VIS"},"content":{"rendered":"<p>Couteau de tir <strong>Microtech<\/strong> UTX-85 Hellhound Stonewash 719-10VIS<\/p>\n<p>Avec 85 % de taille Ultratech\u00ae, l&rsquo;UTX-85\u2122 a \u00e9t\u00e9 con\u00e7u pour s&rsquo;adapter parfaitement \u00e0 la main, ce qui en fait un excellent choix pour un usage quotidien. Le m\u00e9canisme de d\u00e9clenchement est plus facile \u00e0 utiliser qu&rsquo;un Ultratech\u00ae pleine grandeur, ce qui le rend id\u00e9al pour les mains petites ou sensibles. L&rsquo;UTX-85\u2122 dispose toujours d&rsquo;un brise-verre enti\u00e8rement fonctionnel ainsi que de toutes les fonctionnalit\u00e9s Ultratech\u00ae pleine grandeur.<\/p>\n<p>Longueur de la lame : 8 cm<\/p>\n<p>Acier de la lame : M390<\/p>\n<p>Longueur totale : 19 cm<\/p>\n<p>Mat\u00e9riau de la poign\u00e9e : aluminium a\u00e9ronautique 6061 T6 de qualit\u00e9 sup\u00e9rieure.<\/p>\n<p>Poids : 3,1 onces<\/p>\n<p>Couleur de la poign\u00e9e: violet<\/p>\n","protected":false},"excerpt":{"rendered":"<p><strong>Au fil des ann\u00e9es, Microtech\u00ae Knives a rempli les couteaux avec passion et comp\u00e9tence pour cr\u00e9er presque des \u0153uvres d&rsquo;art qui sont le summum de la fonctionnalit\u00e9. Toutes les pi\u00e8ces sont fabriqu\u00e9es aux \u00c9tats-Unis.<\/strong><br \/>\n<strong>Tous les couteaux Microtech sont garantis \u00e0 vie (min. 80 000 cycles, ouverture et fermeture)<\/strong><\/p>\n<p><strong>Transports gratuits.<\/strong><\/p>\n","protected":false},"featured_media":315237,"comment_status":"open","ping_status":"closed","template":"","meta":[],"pwb-brand":[3751],"product_brand":[],"product_cat":[3699,3696],"product_tag":[3754],"class_list":{"0":"post-315252","1":"product","2":"type-product","3":"status-publish","4":"has-post-thumbnail","6":"pwb-brand-microtechnologie","7":"product_cat-couteaux-de-tir","8":"product_cat-des-couteaux","9":"product_tag-b2b-fr","11":"first","12":"instock","13":"taxable","14":"shipping-taxable","15":"purchasable","16":"product-type-simple"},"brands":[{"id":3751,"name":"Microtechnologie","slug":"microtechnologie"}],"_links":{"self":[{"href":"https:\/\/www.moskito.cz\/fr\/wp-json\/wp\/v2\/product\/315252","targetHints":{"allow":["GET"]}}],"collection":[{"href":"https:\/\/www.moskito.cz\/fr\/wp-json\/wp\/v2\/product"}],"about":[{"href":"https:\/\/www.moskito.cz\/fr\/wp-json\/wp\/v2\/types\/product"}],"replies":[{"embeddable":true,"href":"https:\/\/www.moskito.cz\/fr\/wp-json\/wp\/v2\/comments?post=315252"}],"wp:featuredmedia":[{"embeddable":true,"href":"https:\/\/www.moskito.cz\/fr\/wp-json\/wp\/v2\/media\/315237"}],"wp:attachment":[{"href":"https:\/\/www.moskito.cz\/fr\/wp-json\/wp\/v2\/media?parent=315252"}],"wp:term":[{"taxonomy":"pwb-brand","embeddable":true,"href":"https:\/\/www.moskito.cz\/fr\/wp-json\/wp\/v2\/pwb-brand?post=315252"},{"taxonomy":"product_brand","embeddable":true,"href":"https:\/\/www.moskito.cz\/fr\/wp-json\/wp\/v2\/product_brand?post=315252"},{"taxonomy":"product_cat","embeddable":true,"href":"https:\/\/www.moskito.cz\/fr\/wp-json\/wp\/v2\/product_cat?post=315252"},{"taxonomy":"product_tag","embeddable":true,"href":"https:\/\/www.moskito.cz\/fr\/wp-json\/wp\/v2\/product_tag?post=315252"}],"curies":[{"name":"wp","href":"https:\/\/api.w.org\/{rel}","templated":true}]}}