{"id":315257,"date":"2024-03-09T15:22:42","date_gmt":"2024-03-09T14:22:42","guid":{"rendered":"https:\/\/www.moskito.cz\/produkt\/outil-multifonction-extrema-ratio-tk-tool-2-0-stonewashed\/"},"modified":"2025-09-11T14:37:47","modified_gmt":"2025-09-11T13:37:47","slug":"outil-multifonction-extrema-ratio-tk-tool-2-0-stonewashed","status":"publish","type":"product","link":"https:\/\/www.moskito.cz\/fr\/produkt\/outil-multifonction-extrema-ratio-tk-tool-2-0-stonewashed\/","title":{"rendered":"Outil multifonction Extrema Ratio TK Tool 2.0 Stonewashed"},"content":{"rendered":"<p>Outil multifonction <strong>Extrema Ratio<\/strong> TK Tool 2.0 Stonewashed<\/p>\n<p><strong><span>TK Tool 2.0 Stone Washed,<\/span><\/strong> <span>un outil multifonctionnel<\/span> <span>d&rsquo;<\/span> <strong><span>Extrema Ratio,<\/span><\/strong> <span>d\u00e9velopp\u00e9 en collaboration avec<\/span> <span>l&rsquo;arm\u00e9e<\/span> <span>  professionnels. Solide  <\/span><span>outil multifonctionnel<\/span><span>  \u00e9quip\u00e9 des fonctions et outils de base n\u00e9cessaires sur le champ de bataille. Sa petite taille le rend facile \u00e0 transporter et \u00e0 utiliser pour les t\u00e2ches quotidiennes.<\/span><\/p>\n<p><span>Fabriqu\u00e9 en acier inoxydable<\/span> <strong><span>N690<\/span><\/strong> durable \u00e0 haute teneur en cobalt <span>et d&rsquo;une duret\u00e9 de<\/span> <strong><span>58 HRC<\/span><\/strong> <span>, fabriqu\u00e9 dans l&rsquo;<\/span> <strong><span>aci\u00e9rie autrichienne B\u00f6hler-Uddeholm.<\/span><\/strong> <span>La surface de l&rsquo;outil multifonction est \u00e9quip\u00e9e d&rsquo;une couche antireflet Stonewashed, qui masque les petites rayures<\/span> <strong><span>.<\/span><\/strong><\/p>\n<p><strong><span>Fonctionnalit\u00e9s et outils&nbsp;:<\/span><\/strong><br \/>\n<span>1. Astuce sp\u00e9ciale pour ajuster et calibrer les viseurs d\u2019armes \u00e0 feu.<\/span><br \/>\n<span>2. Grand tournevis plat pour<\/span> <strong><span>vis de 8\/10 mm<\/span><\/strong> <span>et pour faire levier ou faire levier.<\/span><br \/>\n<span>3.<\/span> <strong><span>Cl\u00e9 marine\/manille \u00e0<\/span><\/strong> trou ovale central <span>pour<\/span> <strong><span>desserrer\/serrer les manilles.<\/span><\/strong><br \/>\n4. <span>Cl\u00e9 hexagonale<\/span> <strong><span>de 8 mm<\/span><\/strong> . <span><strong>5. 10mm<\/strong><\/span><br \/>\n<span>cl\u00e9 hexagonale . 6. deux trous pour attacher la paracorde.<\/span><\/p>\n<p><strong><span>Caract\u00e9ristiques:<\/span><\/strong><br \/>\n<span>Num\u00e9ro de produit : 04.4000.0050\/SW<\/span><br \/>\n<span>Nom : TK Tool 2.0 Stone Washed<\/span><br \/>\n<span>Type d&rsquo;acier : B\u00f6hler N690<\/span><br \/>\n<span>Duret\u00e9 : 58 HRC<\/span><br \/>\n<span>\u00c9paisseur&nbsp;: 4,0 mm \/ 0,16&Prime;<\/span><br \/>\n<span>Longueur totale&nbsp;: 100,0 mm \/ 3,9&Prime;<\/span><br \/>\n<span>Poids&nbsp;: 56,0 g \/ 2,0 oz<\/span><br \/>\n<span>Fabricant : Extreme Ratio, Italie<\/span><\/p>\n<p>&nbsp;<\/p>\n","protected":false},"excerpt":{"rendered":"<p>Bas\u00e9e \u00e0 Prato, en Italie, Extrema Ratio con\u00e7oit et fabrique des couteaux de combat, militaires, de cuisine, de chasse et tactiques de haute performance depuis 1997 et jouit d&rsquo;une r\u00e9putation de qualit\u00e9 sup\u00e9rieure sans \u00e9gal dans l&rsquo;industrie des couteaux militaires et tactiques.<\/p>\n","protected":false},"featured_media":315212,"comment_status":"open","ping_status":"closed","template":"","meta":[],"pwb-brand":[3767],"product_brand":[],"product_cat":[3695],"product_tag":[3754],"class_list":{"0":"post-315257","1":"product","2":"type-product","3":"status-publish","4":"has-post-thumbnail","6":"pwb-brand-rapport-extreme","7":"product_cat-outil-multi-fonction","8":"product_tag-b2b-fr","10":"first","11":"outofstock","12":"taxable","13":"shipping-taxable","14":"purchasable","15":"product-type-simple"},"brands":[{"id":3767,"name":"Rapport extr\u00eame","slug":"rapport-extreme"}],"_links":{"self":[{"href":"https:\/\/www.moskito.cz\/fr\/wp-json\/wp\/v2\/product\/315257","targetHints":{"allow":["GET"]}}],"collection":[{"href":"https:\/\/www.moskito.cz\/fr\/wp-json\/wp\/v2\/product"}],"about":[{"href":"https:\/\/www.moskito.cz\/fr\/wp-json\/wp\/v2\/types\/product"}],"replies":[{"embeddable":true,"href":"https:\/\/www.moskito.cz\/fr\/wp-json\/wp\/v2\/comments?post=315257"}],"wp:featuredmedia":[{"embeddable":true,"href":"https:\/\/www.moskito.cz\/fr\/wp-json\/wp\/v2\/media\/315212"}],"wp:attachment":[{"href":"https:\/\/www.moskito.cz\/fr\/wp-json\/wp\/v2\/media?parent=315257"}],"wp:term":[{"taxonomy":"pwb-brand","embeddable":true,"href":"https:\/\/www.moskito.cz\/fr\/wp-json\/wp\/v2\/pwb-brand?post=315257"},{"taxonomy":"product_brand","embeddable":true,"href":"https:\/\/www.moskito.cz\/fr\/wp-json\/wp\/v2\/product_brand?post=315257"},{"taxonomy":"product_cat","embeddable":true,"href":"https:\/\/www.moskito.cz\/fr\/wp-json\/wp\/v2\/product_cat?post=315257"},{"taxonomy":"product_tag","embeddable":true,"href":"https:\/\/www.moskito.cz\/fr\/wp-json\/wp\/v2\/product_tag?post=315257"}],"curies":[{"name":"wp","href":"https:\/\/api.w.org\/{rel}","templated":true}]}}