{"id":315347,"date":"2024-03-09T16:05:47","date_gmt":"2024-03-09T15:06:58","guid":{"rendered":"https:\/\/www.moskito.cz\/produkt\/couteau-fixe-extrema-ratio-ermes-operativo-04-1000-0443-blk-op\/"},"modified":"2025-05-07T11:03:23","modified_gmt":"2025-05-07T10:03:23","slug":"couteau-fixe-extrema-ratio-ermes-operativo-04-1000-0443-blk-op","status":"publish","type":"product","link":"https:\/\/www.moskito.cz\/fr\/produkt\/couteau-fixe-extrema-ratio-ermes-operativo-04-1000-0443-blk-op\/","title":{"rendered":"Couteau Fixe EXTREMA RATIO ERMES OPERATIVO 04.1000.0443\/BLK-OP"},"content":{"rendered":"<p>Couteau Fixe <strong>EXTREMA RATIO<\/strong> ERMES OPERATIVO 04.1000.0443\/BLK-OP<\/p>\n<p><strong>ERMES<\/strong> est un couteau comm\u00e9moratif d\u00e9velopp\u00e9 en collaboration avec le R\u00e9giment d&rsquo;h\u00e9licopt\u00e8res pour les op\u00e9rations sp\u00e9ciales (REOS), qui fait partie du Commandement a\u00e9rien de l&rsquo;arm\u00e9e italienne. REOS est une unit\u00e9 d&rsquo;h\u00e9licopt\u00e8res de soutien op\u00e9rationnel des forces sp\u00e9ciales compos\u00e9e de personnel sp\u00e9cialement form\u00e9 et \u00e9quip\u00e9 pour soutenir les activit\u00e9s militaires dans tout contexte op\u00e9rationnel. Les prot\u00e8ge-lames stylis\u00e9s repr\u00e9sentent les ailes pr\u00e9sentes dans les armoiries h\u00e9raldiques du d\u00e9partement. Il est disponible en deux versions : \u00ab\u00a0ERMES ORDINANZA\u00a0\u00bb avec lame satin\u00e9e et \u00ab\u00a0ERMES OPERATIVE\u00a0\u00bb bo\u00eetier ABS avec lame polie. L&rsquo;acier utilis\u00e9 est du B\u00f6lher N690Co fiable trait\u00e9 thermiquement \u00e0 58 HRC. Le polym\u00e8re polyamide FRN renforc\u00e9 de fibre de verre (Fiber Reinforced Nylon) a \u00e9t\u00e9 choisi pour le manche. L&rsquo;\u00e9tui hybride kydex et tissu est \u00e9quip\u00e9 d&rsquo;une sangle ou d&rsquo;une fixation en sangle avec le syst\u00e8me d&rsquo;interface MOLLE.<\/p>\n<p>Mat\u00e9riau de la lame : N690<br \/>\nMat\u00e9riau du manche : FRN, nylon<br \/>\nMat\u00e9riau du bo\u00eetier : nylon, Kydex<br \/>\nLongueur de la lame : 14 cm<br \/>\nLongueur totale : 25,6 cm<br \/>\n\u00c9paisseur de la lame : 0,63 cm<br \/>\nPoids : 229 g<br \/>\nType de lame : Dague<br \/>\nUtilisation&nbsp;:&nbsp;Tactique<\/p>\n<p>&nbsp;<\/p>\n","protected":false},"excerpt":{"rendered":"<p><strong>Bas\u00e9e \u00e0 Prato, en Italie, Extrema Ratio con\u00e7oit et fabrique des couteaux de combat, militaires, de cuisine, de chasse et tactiques de haute performance depuis 1997 et jouit d&rsquo;une r\u00e9putation de qualit\u00e9 sup\u00e9rieure sans \u00e9gal dans l&rsquo;industrie des couteaux militaires et tactiques. Transports gratuits.<\/strong><\/p>\n","protected":false},"featured_media":315268,"comment_status":"open","ping_status":"closed","template":"","meta":[],"pwb-brand":[3767],"product_brand":[],"product_cat":[3697,3696],"product_tag":[3754],"class_list":{"0":"post-315347","1":"product","2":"type-product","3":"status-publish","4":"has-post-thumbnail","6":"pwb-brand-rapport-extreme","7":"product_cat-couteaux-solides","8":"product_cat-des-couteaux","9":"product_tag-b2b-fr","11":"first","12":"instock","13":"taxable","14":"shipping-taxable","15":"purchasable","16":"product-type-simple"},"brands":[{"id":3767,"name":"Rapport extr\u00eame","slug":"rapport-extreme"}],"_links":{"self":[{"href":"https:\/\/www.moskito.cz\/fr\/wp-json\/wp\/v2\/product\/315347","targetHints":{"allow":["GET"]}}],"collection":[{"href":"https:\/\/www.moskito.cz\/fr\/wp-json\/wp\/v2\/product"}],"about":[{"href":"https:\/\/www.moskito.cz\/fr\/wp-json\/wp\/v2\/types\/product"}],"replies":[{"embeddable":true,"href":"https:\/\/www.moskito.cz\/fr\/wp-json\/wp\/v2\/comments?post=315347"}],"wp:featuredmedia":[{"embeddable":true,"href":"https:\/\/www.moskito.cz\/fr\/wp-json\/wp\/v2\/media\/315268"}],"wp:attachment":[{"href":"https:\/\/www.moskito.cz\/fr\/wp-json\/wp\/v2\/media?parent=315347"}],"wp:term":[{"taxonomy":"pwb-brand","embeddable":true,"href":"https:\/\/www.moskito.cz\/fr\/wp-json\/wp\/v2\/pwb-brand?post=315347"},{"taxonomy":"product_brand","embeddable":true,"href":"https:\/\/www.moskito.cz\/fr\/wp-json\/wp\/v2\/product_brand?post=315347"},{"taxonomy":"product_cat","embeddable":true,"href":"https:\/\/www.moskito.cz\/fr\/wp-json\/wp\/v2\/product_cat?post=315347"},{"taxonomy":"product_tag","embeddable":true,"href":"https:\/\/www.moskito.cz\/fr\/wp-json\/wp\/v2\/product_tag?post=315347"}],"curies":[{"name":"wp","href":"https:\/\/api.w.org\/{rel}","templated":true}]}}