{"id":315604,"date":"2024-03-10T15:38:30","date_gmt":"2024-03-10T14:40:35","guid":{"rendered":"https:\/\/www.moskito.cz\/produkt\/couteau-kershaw-launch-15-7950\/"},"modified":"2025-05-07T11:03:30","modified_gmt":"2025-05-07T10:03:30","slug":"couteau-kershaw-launch-15-7950","status":"publish","type":"product","link":"https:\/\/www.moskito.cz\/fr\/produkt\/couteau-kershaw-launch-15-7950\/","title":{"rendered":"Couteau Kershaw Launch 15 7950"},"content":{"rendered":"<p>Couteau <strong>Kershaw<\/strong> Launch 15 7950<\/p>\n<p>D\u00e9couvrez un certain nombre d&rsquo;innovations dans <strong>Launch 15<\/strong> . Le distributeur automatique grandeur nature s&rsquo;ouvre sur simple pression d&rsquo;un bouton. Non seulement la lame se brise lors de la coupe, mais elle profite \u00e9galement du CPM MagnaCut. Cet acier \u00e0 lame de qualit\u00e9 sup\u00e9rieure obtient des notes \u00e9lev\u00e9es en termes de r\u00e9tention des bords, de t\u00e9nacit\u00e9, de r\u00e9sistance \u00e0 l&rsquo;usure et de r\u00e9sistance \u00e0 la corrosion. Mieux encore, le Launch 15 comprend un insert en toile micarta des deux c\u00f4t\u00e9s de la poign\u00e9e en aluminium. Il y a m\u00eame un mince espaceur arri\u00e8re en micarta pour un look complet. Vous transportez chaque fonction dans votre poche gr\u00e2ce \u00e0 un clip de transport profond r\u00e9versible. Entre son esth\u00e9tique \u00e9poustouflante et sa lame haut de gamme, le Launch 15 vise les \u00e9toiles.<\/p>\n<p>Fonction<br \/>\nFabriqu\u00e9 aux Etats-Unis; lame avec une pointe de lance de type ba\u00efonnette<br \/>\nNettoyez la poign\u00e9e en aluminium&nbsp;; Insert en toile Micarta des deux c\u00f4t\u00e9s de la poign\u00e9e et du dos<br \/>\nL&rsquo;acier de m\u00e9tallurgie des poudres de qualit\u00e9 sup\u00e9rieure CPM-MagnaCut excelle en termes de r\u00e9tention des bords, de r\u00e9sistance \u00e0 la corrosion, de r\u00e9sistance \u00e0 l&rsquo;usure et de t\u00e9nacit\u00e9<br \/>\nLa finition BlackWash aide \u00e0 masquer les rayures dues \u00e0 l&rsquo;utilisation<br \/>\nUn bouton discret rend difficile le d\u00e9ploiement accidentel de la lame<br \/>\nLe clip de poche profond est facilement r\u00e9versible pour un port gauche\/droite<\/p>\n<p>Caract\u00e9ristiques:<br \/>\nLongueur de la lame : 8,9 cm<br \/>\nLongueur totale : 21,3 cm<br \/>\nMat\u00e9riau de la lame : acier inoxydable CPM-MagnaCut<br \/>\n\u00c9paisseur de la lame : 0,3 cm<br \/>\nStyle de lame&nbsp;: pointe de lance<br \/>\nFinition de la surface de la lame : BlackWash<br \/>\nMat\u00e9riau du manche : Aluminium anodis\u00e9 noir 6061-T6 avec inserts Canvas Micarta<br \/>\n\u00c9paisseur du manche : 1,27 cm<br \/>\nM\u00e9canisme de verrouillage : Bouton<br \/>\nClip de poche&nbsp;: transport profond double face<br \/>\nPoids : 3,10 onces. (88g)<br \/>\nFabriqu\u00e9 aux \u00c9tats-Unis<\/p>\n<p><iframe title=\"Kershaw Launch 15 - Model 7950\" width=\"800\" height=\"450\" src=\"https:\/\/www.youtube.com\/embed\/aV9HKeIZK7s?feature=oembed\" frameborder=\"0\" allow=\"accelerometer; autoplay; clipboard-write; encrypted-media; gyroscope; picture-in-picture; web-share\" allowfullscreen><\/iframe><\/p>\n<p>&nbsp;<\/p>\n","protected":false},"excerpt":{"rendered":"<p><strong>D\u00e9couvrez une multitude d&rsquo;innovations dans Launch 15, la machine \u00e0 sous grandeur nature.<\/strong><\/p>\n<p>Transports gratuits.<\/p>\n","protected":false},"featured_media":315554,"comment_status":"open","ping_status":"closed","template":"","meta":[],"pwb-brand":[3775],"product_brand":[],"product_cat":[3699,3696],"product_tag":[],"class_list":{"0":"post-315604","1":"product","2":"type-product","3":"status-publish","4":"has-post-thumbnail","6":"pwb-brand-kershaw-fr","7":"product_cat-couteaux-de-tir","8":"product_cat-des-couteaux","10":"first","11":"outofstock","12":"taxable","13":"shipping-taxable","14":"purchasable","15":"product-type-simple"},"brands":[{"id":3775,"name":"Kershaw","slug":"kershaw-fr"}],"_links":{"self":[{"href":"https:\/\/www.moskito.cz\/fr\/wp-json\/wp\/v2\/product\/315604","targetHints":{"allow":["GET"]}}],"collection":[{"href":"https:\/\/www.moskito.cz\/fr\/wp-json\/wp\/v2\/product"}],"about":[{"href":"https:\/\/www.moskito.cz\/fr\/wp-json\/wp\/v2\/types\/product"}],"replies":[{"embeddable":true,"href":"https:\/\/www.moskito.cz\/fr\/wp-json\/wp\/v2\/comments?post=315604"}],"wp:featuredmedia":[{"embeddable":true,"href":"https:\/\/www.moskito.cz\/fr\/wp-json\/wp\/v2\/media\/315554"}],"wp:attachment":[{"href":"https:\/\/www.moskito.cz\/fr\/wp-json\/wp\/v2\/media?parent=315604"}],"wp:term":[{"taxonomy":"pwb-brand","embeddable":true,"href":"https:\/\/www.moskito.cz\/fr\/wp-json\/wp\/v2\/pwb-brand?post=315604"},{"taxonomy":"product_brand","embeddable":true,"href":"https:\/\/www.moskito.cz\/fr\/wp-json\/wp\/v2\/product_brand?post=315604"},{"taxonomy":"product_cat","embeddable":true,"href":"https:\/\/www.moskito.cz\/fr\/wp-json\/wp\/v2\/product_cat?post=315604"},{"taxonomy":"product_tag","embeddable":true,"href":"https:\/\/www.moskito.cz\/fr\/wp-json\/wp\/v2\/product_tag?post=315604"}],"curies":[{"name":"wp","href":"https:\/\/api.w.org\/{rel}","templated":true}]}}