{"id":315894,"date":"2024-03-11T17:07:15","date_gmt":"2024-03-11T16:07:59","guid":{"rendered":"https:\/\/www.moskito.cz\/produkt\/couteau-de-tir-microtech-ultratech-signature-series-steamboat-willie-antique-white-121-1sb\/"},"modified":"2025-05-07T11:03:37","modified_gmt":"2025-05-07T10:03:37","slug":"couteau-de-tir-microtech-ultratech-signature-series-steamboat-willie-antique-white-121-1sb","status":"publish","type":"product","link":"https:\/\/www.moskito.cz\/fr\/produkt\/couteau-de-tir-microtech-ultratech-signature-series-steamboat-willie-antique-white-121-1sb\/","title":{"rendered":"Couteau de tir Microtech Ultratech Signature Series Steamboat Willie Antique White 121-1SB"},"content":{"rendered":"<p>Couteau de tir <strong>Microtech<\/strong> Ultratech Signature Series Steamboat Willie Antique White 121-1SB<\/p>\n<p>Ultratech \u00e9tablira \u00e0 jamais la norme pour tous les couteaux avant. L&rsquo;Ultratech est le couteau avant double action original de Microtech et constitue la base de toute leur gamme OTF. Il a subi plusieurs modifications au fil des ann\u00e9es, devenant \u00e0 chaque fois plus efficace et plus fiable. Cette version pr\u00e9sente une texture tri-grip am\u00e9lior\u00e9e sur la glissi\u00e8re du pouce pour un achat plus positif, une lame et des accents blancs antiques, ainsi qu&rsquo;un manche noir avec une gravure de Mickey Mouse qui surnomme ce mod\u00e8le Steamboat Willie. Le ressort Ultratech reste en position \u00ab\u00a0repos\u00a0\u00bb \u00e0 tout moment, sauf lorsqu&rsquo;il est \u00e9tir\u00e9. Cela garantit que le ressort comprim\u00e9 ne se fatigue pas, garantissant aux utilisateurs que lorsque le couteau est tir\u00e9, il fonctionnera efficacement. L&rsquo;ouverture et la fermeture l\u00e9g\u00e8res d&rsquo;une seule main, la forme mince et la lame tranchante \u00e0 pointe de scalpel en font un couteau unique disponible uniquement chez Microtech. Ce couteau a prouv\u00e9 \u00e0 maintes reprises qu\u2019il pouvait r\u00e9sister \u00e0 n\u2019importe quel obstacle et ce g\u00e2teau a du punch.<br \/>\nCaract\u00e9ristiques<\/p>\n<p>Ouverture\/fermeture automatique &#8211; ouverture frontale<br \/>\nAction : Double action \u2013 Tir\/r\u00e9traction automatique<br \/>\nLongueur de la lame : 9 cm<br \/>\nStyle de lame&nbsp;:&nbsp;pointe de chute<br \/>\nFinition de la lame&nbsp;: Blanc antique<br \/>\nMat\u00e9riau de la poign\u00e9e&nbsp;: aluminium 6061-T6 avec anodisation dure noire Mil-Spec et gravure laser Mickey Mouse<br \/>\nLongueur ouvert : 21 cm<br \/>\nMat\u00e9riau du clip de poche&nbsp;:&nbsp;301 inoxydable<br \/>\nTige standard&nbsp;: alliage 6061-T6 AL<br \/>\nG\u00e2chette&nbsp;:&nbsp;303 inoxydable<br \/>\nPoids : 3,2 onces.<br \/>\nBrise-vitre<br \/>\nAccents de blanc antique<br \/>\nFabriqu\u00e9 aux \u00c9tats-Unis<\/p>\n<p><iframe title=\"Microtech Combat Troodon Torture Test\" width=\"800\" height=\"450\" src=\"https:\/\/www.youtube.com\/embed\/xE9TeOFYEjg?feature=oembed\" frameborder=\"0\" allow=\"accelerometer; autoplay; clipboard-write; encrypted-media; gyroscope; picture-in-picture; web-share\" allowfullscreen><\/iframe><\/p>\n<p>&nbsp;<\/p>\n<p>&nbsp;<\/p>\n","protected":false},"excerpt":{"rendered":"<div class=\"elementor-element elementor-element-bbb542b elementor-widget elementor-widget-woocommerce-product-short-description\" data-id=\"bbb542b\" data-element_type=\"widget\" data-widget_type=\"woocommerce-product-short-description.default\">\n<div class=\"elementor-widget-container\">\n<div class=\"woocommerce-product-details__short-description\">\n<p><strong>Au fil des ann\u00e9es, Microtech\u00ae Knives a rempli les couteaux avec passion et comp\u00e9tence pour cr\u00e9er presque des \u0153uvres d&rsquo;art qui sont le summum de la fonctionnalit\u00e9. Toutes les pi\u00e8ces sont fabriqu\u00e9es aux \u00c9tats-Unis.<\/strong><br \/>\n<strong>Tous les couteaux Microtech sont garantis \u00e0 vie.<\/strong><\/p>\n<p><strong>Transports gratuits.<\/strong><\/p>\n<\/div>\n<\/div>\n<\/div>\n","protected":false},"featured_media":315833,"comment_status":"open","ping_status":"closed","template":"","meta":[],"pwb-brand":[3751],"product_brand":[],"product_cat":[3699,3696],"product_tag":[3754],"class_list":{"0":"post-315894","1":"product","2":"type-product","3":"status-publish","4":"has-post-thumbnail","6":"pwb-brand-microtechnologie","7":"product_cat-couteaux-de-tir","8":"product_cat-des-couteaux","9":"product_tag-b2b-fr","11":"first","12":"instock","13":"taxable","14":"shipping-taxable","15":"purchasable","16":"product-type-simple"},"brands":[{"id":3751,"name":"Microtechnologie","slug":"microtechnologie"}],"_links":{"self":[{"href":"https:\/\/www.moskito.cz\/fr\/wp-json\/wp\/v2\/product\/315894","targetHints":{"allow":["GET"]}}],"collection":[{"href":"https:\/\/www.moskito.cz\/fr\/wp-json\/wp\/v2\/product"}],"about":[{"href":"https:\/\/www.moskito.cz\/fr\/wp-json\/wp\/v2\/types\/product"}],"replies":[{"embeddable":true,"href":"https:\/\/www.moskito.cz\/fr\/wp-json\/wp\/v2\/comments?post=315894"}],"wp:featuredmedia":[{"embeddable":true,"href":"https:\/\/www.moskito.cz\/fr\/wp-json\/wp\/v2\/media\/315833"}],"wp:attachment":[{"href":"https:\/\/www.moskito.cz\/fr\/wp-json\/wp\/v2\/media?parent=315894"}],"wp:term":[{"taxonomy":"pwb-brand","embeddable":true,"href":"https:\/\/www.moskito.cz\/fr\/wp-json\/wp\/v2\/pwb-brand?post=315894"},{"taxonomy":"product_brand","embeddable":true,"href":"https:\/\/www.moskito.cz\/fr\/wp-json\/wp\/v2\/product_brand?post=315894"},{"taxonomy":"product_cat","embeddable":true,"href":"https:\/\/www.moskito.cz\/fr\/wp-json\/wp\/v2\/product_cat?post=315894"},{"taxonomy":"product_tag","embeddable":true,"href":"https:\/\/www.moskito.cz\/fr\/wp-json\/wp\/v2\/product_tag?post=315894"}],"curies":[{"name":"wp","href":"https:\/\/api.w.org\/{rel}","templated":true}]}}