{"id":316008,"date":"2024-03-11T21:14:38","date_gmt":"2024-03-11T20:16:20","guid":{"rendered":"https:\/\/www.moskito.cz\/produkt\/couteau-de-tir-microtech-makora-signature-series-206-3ts\/"},"modified":"2025-05-07T11:03:41","modified_gmt":"2025-05-07T10:03:41","slug":"couteau-de-tir-microtech-makora-signature-series-206-3ts","status":"publish","type":"product","link":"https:\/\/www.moskito.cz\/fr\/produkt\/couteau-de-tir-microtech-makora-signature-series-206-3ts\/","title":{"rendered":"Couteau de tir Microtech Makora Signature Series 206-3TS"},"content":{"rendered":"<p>Couteau de tir <strong>Microtech<\/strong> Makora Signature Series 206-3TS<\/p>\n<p><strong>Microtech Makora<\/strong> D\/E Poign\u00e9e tactique noire avec inserts noirs Poign\u00e9e tactique noire enti\u00e8rement molet\u00e9e int\u00e9rieure en nickel bore Signature Series 206-3TS<\/p>\n<p><strong>Makora<\/strong> Refresh est une conception qui a \u00e9volu\u00e9 \u00e0 l&rsquo;origine \u00e0 partir de la conception Ultratech. Il pr\u00e9sente une forme globale <strong>Ultratech<\/strong> avec l&rsquo;ajout d&rsquo;une visi\u00e8re sur le dessus du manche et l&rsquo;avantage d&rsquo;un insert grip. D&rsquo;autres am\u00e9liorations apport\u00e9es \u00e0 la nouvelle gamme Makora incluent des rainures \u00e0 la base de la lame, des ports au bas du ch\u00e2ssis et des composants internes rev\u00eatus de nickel-bore. Ces am\u00e9liorations rendent l&rsquo;action incroyablement fluide et fiable, et facilitent \u00e9galement la maintenance.<\/p>\n<p>Ce mod\u00e8le de production distinctif est dot\u00e9 d&rsquo;une poign\u00e9e tactique en aluminium anodis\u00e9 noir avec insert de pr\u00e9hension. Lame de poignard tactique \u00e0 double tranchant en acier inoxydable noir M390. Design noir et clip de poche noir avec s\u00e9rie signature et logos Makora. Le clip de poche contient \u00e9galement des informations sur le mod\u00e8le, le num\u00e9ro de s\u00e9rie et la date de fabrication. Nickel-bore int\u00e9rieur. Le mod\u00e8le de la s\u00e9rie signature ne vous d\u00e9cevra pas&nbsp;!<\/p>\n<p>Mat\u00e9riau de la lame : M390<br \/>\nMat\u00e9riau du manche : Aluminium<br \/>\nS\u00e9curit\u00e9&nbsp;: Verrouillage coulissant<br \/>\nLongueur de la lame : 8,4 cm<br \/>\nLongueur totale : 21,5 cm<br \/>\nLongueur du couteau pli\u00e9 : 13 cm<br \/>\n\u00c9paisseur de la lame : 0,3 cm<br \/>\nPoids : 94g<br \/>\nType de lame : Dague \u00e0 double tranchant<br \/>\nUtilisation&nbsp;:&nbsp;Tactique, EDC&nbsp;&#8211;&nbsp;\u00e0 porter au quotidien<br \/>\nOuverture d&rsquo;une seule main : oui<br \/>\nType de couteau : Pop-up, OTF<br \/>\nType d&rsquo;ouverture : Glissi\u00e8re pour le pouce<br \/>\nBoucle : oui<br \/>\nType de meulage : Plat<br \/>\nFabricant : Microtech<br \/>\nPays d&rsquo;origine : \u00c9tats-Unis<\/p>\n<p>&nbsp;<\/p>\n<p><iframe title=\"Microtech Combat Troodon Torture Test\" width=\"800\" height=\"450\" src=\"https:\/\/www.youtube.com\/embed\/xE9TeOFYEjg?feature=oembed\" frameborder=\"0\" allow=\"accelerometer; autoplay; clipboard-write; encrypted-media; gyroscope; picture-in-picture; web-share\" allowfullscreen><\/iframe><\/p>\n<p>&nbsp;<\/p>\n","protected":false},"excerpt":{"rendered":"<p><strong>Au fil des ann\u00e9es, Microtech\u00ae Knives a rempli les couteaux de passion et de savoir-faire pour cr\u00e9er presque des \u0153uvres d&rsquo;art qui sont le summum de la fonctionnalit\u00e9. Toutes les pi\u00e8ces sont fabriqu\u00e9es aux \u00c9tats-Unis.<\/strong><br \/>\n<strong>Tous les couteaux Microtech sont garantis \u00e0 vie.<\/strong><\/p>\n<p><strong>Livraison gratuite.<\/strong><\/p>\n","protected":false},"featured_media":315960,"comment_status":"open","ping_status":"closed","template":"","meta":[],"pwb-brand":[3751],"product_brand":[],"product_cat":[3699,3696],"product_tag":[3754],"class_list":{"0":"post-316008","1":"product","2":"type-product","3":"status-publish","4":"has-post-thumbnail","6":"pwb-brand-microtechnologie","7":"product_cat-couteaux-de-tir","8":"product_cat-des-couteaux","9":"product_tag-b2b-fr","11":"first","12":"outofstock","13":"taxable","14":"shipping-taxable","15":"purchasable","16":"product-type-simple"},"brands":[{"id":3751,"name":"Microtechnologie","slug":"microtechnologie"}],"_links":{"self":[{"href":"https:\/\/www.moskito.cz\/fr\/wp-json\/wp\/v2\/product\/316008","targetHints":{"allow":["GET"]}}],"collection":[{"href":"https:\/\/www.moskito.cz\/fr\/wp-json\/wp\/v2\/product"}],"about":[{"href":"https:\/\/www.moskito.cz\/fr\/wp-json\/wp\/v2\/types\/product"}],"replies":[{"embeddable":true,"href":"https:\/\/www.moskito.cz\/fr\/wp-json\/wp\/v2\/comments?post=316008"}],"wp:featuredmedia":[{"embeddable":true,"href":"https:\/\/www.moskito.cz\/fr\/wp-json\/wp\/v2\/media\/315960"}],"wp:attachment":[{"href":"https:\/\/www.moskito.cz\/fr\/wp-json\/wp\/v2\/media?parent=316008"}],"wp:term":[{"taxonomy":"pwb-brand","embeddable":true,"href":"https:\/\/www.moskito.cz\/fr\/wp-json\/wp\/v2\/pwb-brand?post=316008"},{"taxonomy":"product_brand","embeddable":true,"href":"https:\/\/www.moskito.cz\/fr\/wp-json\/wp\/v2\/product_brand?post=316008"},{"taxonomy":"product_cat","embeddable":true,"href":"https:\/\/www.moskito.cz\/fr\/wp-json\/wp\/v2\/product_cat?post=316008"},{"taxonomy":"product_tag","embeddable":true,"href":"https:\/\/www.moskito.cz\/fr\/wp-json\/wp\/v2\/product_tag?post=316008"}],"curies":[{"name":"wp","href":"https:\/\/api.w.org\/{rel}","templated":true}]}}