{"id":316076,"date":"2024-03-12T15:28:09","date_gmt":"2024-03-12T14:30:27","guid":{"rendered":"https:\/\/www.moskito.cz\/produkt\/couteau-de-tir-a-baionnette-beltrame-swinguard-cocobolo\/"},"modified":"2025-05-07T11:03:44","modified_gmt":"2025-05-07T10:03:44","slug":"couteau-de-tir-a-baionnette-beltrame-swinguard-cocobolo","status":"publish","type":"product","link":"https:\/\/www.moskito.cz\/fr\/produkt\/couteau-de-tir-a-baionnette-beltrame-swinguard-cocobolo\/","title":{"rendered":"Couteau de tir \u00e0 ba\u00efonnette Beltrame Swinguard Cocobolo"},"content":{"rendered":"<p>Couteau de tir \u00e0 ba\u00efonnette <strong>Beltrame<\/strong> Swinguard Cocobolo<\/p>\n<p>Un stylet traditionnel unique inspir\u00e9 du mod\u00e8le original des switchblades Frank Beltrame Italy. Ici, le fabricant a \u00e9limin\u00e9 et am\u00e9lior\u00e9 certains d\u00e9fauts de fabrication, ce qui en a fait un couteau fiable et pr\u00e9cis en termes de d\u00e9clenchement et de robustesse de la lame en position ouverte. Le fourreau est fix\u00e9 \u00e0 la lame \u00e0 l&rsquo;aide d&rsquo;un petit rivet, les inserts sont en laiton et la lame est en acier inoxydable AISI 420 MA5M d&rsquo;une duret\u00e9 de 56 HRC.<br \/>\nL&rsquo;ouverture se fait via un bouton central situ\u00e9 \u00e0 l&rsquo;avant du couteau, tandis que le d\u00e9verrouillage de la lame est situ\u00e9 \u00e0 l&rsquo;arri\u00e8re du manche.<br \/>\nCe produit original est assembl\u00e9 et assembl\u00e9 \u00e0 la main par la soci\u00e9t\u00e9 italienne Frank Beltrame, jamais \u00e0 la machine.<\/p>\n<p>Longueur du couteau : 28 cm<br \/>\nLongueur de la lame : 12 cm<br \/>\nAcier&nbsp;: Acier inoxydable AISI 420 MA5M HRC 56<br \/>\nSite Internet : Cocobolo<br \/>\nType de lame : Ba\u00efonnette<br \/>\nS\u00e9curit\u00e9 contre l&rsquo;ouverture accidentelle<\/p>\n","protected":false},"excerpt":{"rendered":"<p><strong>Les couteaux Beltrame sont fabriqu\u00e9s en Italie depuis 1953. L&rsquo;entreprise a \u00e9t\u00e9 fond\u00e9e par Frank Beltram. Le secret de fabrication de ces couteaux Stiletto fait partie de l&rsquo;histoire de Maniago, transmise de p\u00e8re en fils.<\/strong><br \/>\n<strong>Fabriqu\u00e9 en Italie.<\/strong><\/p>\n<p><strong>Transports gratuits.<\/strong><\/p>\n","protected":false},"featured_media":316067,"comment_status":"open","ping_status":"closed","template":"","meta":[],"pwb-brand":[3779],"product_brand":[],"product_cat":[3699,3696],"product_tag":[3754],"class_list":{"0":"post-316076","1":"product","2":"type-product","3":"status-publish","4":"has-post-thumbnail","6":"pwb-brand-ceinture","7":"product_cat-couteaux-de-tir","8":"product_cat-des-couteaux","9":"product_tag-b2b-fr","11":"first","12":"instock","13":"taxable","14":"shipping-taxable","15":"purchasable","16":"product-type-simple"},"brands":[{"id":3779,"name":"Ceinture","slug":"ceinture"}],"_links":{"self":[{"href":"https:\/\/www.moskito.cz\/fr\/wp-json\/wp\/v2\/product\/316076","targetHints":{"allow":["GET"]}}],"collection":[{"href":"https:\/\/www.moskito.cz\/fr\/wp-json\/wp\/v2\/product"}],"about":[{"href":"https:\/\/www.moskito.cz\/fr\/wp-json\/wp\/v2\/types\/product"}],"replies":[{"embeddable":true,"href":"https:\/\/www.moskito.cz\/fr\/wp-json\/wp\/v2\/comments?post=316076"}],"wp:featuredmedia":[{"embeddable":true,"href":"https:\/\/www.moskito.cz\/fr\/wp-json\/wp\/v2\/media\/316067"}],"wp:attachment":[{"href":"https:\/\/www.moskito.cz\/fr\/wp-json\/wp\/v2\/media?parent=316076"}],"wp:term":[{"taxonomy":"pwb-brand","embeddable":true,"href":"https:\/\/www.moskito.cz\/fr\/wp-json\/wp\/v2\/pwb-brand?post=316076"},{"taxonomy":"product_brand","embeddable":true,"href":"https:\/\/www.moskito.cz\/fr\/wp-json\/wp\/v2\/product_brand?post=316076"},{"taxonomy":"product_cat","embeddable":true,"href":"https:\/\/www.moskito.cz\/fr\/wp-json\/wp\/v2\/product_cat?post=316076"},{"taxonomy":"product_tag","embeddable":true,"href":"https:\/\/www.moskito.cz\/fr\/wp-json\/wp\/v2\/product_tag?post=316076"}],"curies":[{"name":"wp","href":"https:\/\/api.w.org\/{rel}","templated":true}]}}