{"id":316349,"date":"2024-03-12T23:46:09","date_gmt":"2024-03-12T22:46:09","guid":{"rendered":"https:\/\/www.moskito.cz\/produkt\/couteau-pliant-emerson-sheepdog-bowie\/"},"modified":"2025-05-07T11:03:49","modified_gmt":"2025-05-07T10:03:49","slug":"couteau-pliant-emerson-sheepdog-bowie","status":"publish","type":"product","link":"https:\/\/www.moskito.cz\/fr\/produkt\/couteau-pliant-emerson-sheepdog-bowie\/","title":{"rendered":"Couteau pliant Emerson Sheepdog Bowie"},"content":{"rendered":"<p>Couteau pliant <strong>Emerson<\/strong> Sheepdog Bowie<\/p>\n<p>Le couteau Emerson <strong>Sheepdog<\/strong> est dot\u00e9 d&rsquo;un manche noir en G-10 et de deux types de lames : Spear Point et Bowie. Il est \u00e9quip\u00e9 d&rsquo;un syst\u00e8me de pivot avec roulements \u00e0 billes, qui permet un d\u00e9ploiement fluide et rapide. Cette caract\u00e9ristique des roulements \u00e0 billes n&rsquo;est visible que sur nos couteaux Flipper. Le Sheepdog est rapidement devenu l&rsquo;un des couteaux <strong>Emerson<\/strong> les plus appr\u00e9ci\u00e9s et les plus recherch\u00e9s.<\/p>\n<p>Un couteau <strong>Sheepdog<\/strong> de taille moyenne avec des caract\u00e9ristiques importantes qui sont compl\u00e8tement nouvelles pour <strong>Emerson Knives<\/strong> . Sachant que ce couteau est sp\u00e9cialement con\u00e7u pour un usage policier et militaire, ces deux styles de lame sont les plus logiques pour un couteau utilitaire\/de d\u00e9fense. Nous sommes extr\u00eamement satisfaits des r\u00e9sultats et je sais que vous le serez aussi.<\/p>\n<p>Ce Sheepdog est le premier couteau Emerson \u00e0 disposer \u00e9galement d&rsquo;un nouveau syst\u00e8me de roulement. Le lieutenant-colonel David Grossman est une ic\u00f4ne dans le monde militaire et tactique. Ancien Ranger de l&rsquo;Air Force et instructeur de West Point, il est la principale autorit\u00e9 mondiale en mati\u00e8re d&rsquo;effets du stress et du combat et de la mani\u00e8re dont ils affectent les individus confront\u00e9s \u00e0 des d\u00e9cisions de vie ou de mort. Il est l&rsquo;auteur de deux livres r\u00e9volutionnaires, \u00ab\u00a0On Killing\u00a0\u00bb et \u00ab\u00a0On Combat\u00a0\u00bb, qui sont d\u00e9sormais consid\u00e9r\u00e9s comme des lectures incontournables pour quiconque doit se mettre en danger.<\/p>\n<p>Inutile de dire que j&rsquo;ai \u00e9t\u00e9 \u00e0 la fois touch\u00e9 et honor\u00e9 lorsque le colonel Grossman m&rsquo;a contact\u00e9 pour fabriquer le \u00ab couteau et pistolet de chien de berger \u00bb officiel pour lui et sa compagnie.<\/p>\n<p>\u00ab Il est important que l&rsquo;utilisateur soit capable d&rsquo;ouvrir le couteau sous beaucoup de pression, j&rsquo;ai donc besoin qu&rsquo;il ait une aileron. Avec votre vague, votre bouton de pouce et votre flipper, ce sera le couteau le plus polyvalent jamais fabriqu\u00e9, m\u00eame dans les environnements de motricit\u00e9 globale. Je vous laisse le reste de la conception \u00bb, m&rsquo;a-t-il dit.<\/p>\n<p>Poign\u00e9es&nbsp;: \u00c9poxy G-10 noir \/ Fibre de verre<br \/>\nSerrure&nbsp;: Titane<br \/>\nLame : 154 cm<br \/>\nFinition&nbsp;: d\u00e9lav\u00e9<br \/>\nLongueur totale : 21 cm<br \/>\nLongueur de la lame : 9 cm<br \/>\nDuret\u00e9 57-59 RC<\/p>\n","protected":false},"excerpt":{"rendered":"<p><strong>LES COUTEAUX EMERSON SONT RECHERCH\u00c9S PAR LES MILITAIRES D&rsquo;\u00c9LITE ET LES APPLICATIONS DE LA LOI<\/strong><br \/>\n<strong>PAR LES TROUPES DU MONDE ENTIER ET \u00c9TABLISSEMENT LA NORME PAR LAQUELLE TOUS LES AUTRES COUTEAUX TACTIQUES SONT JUG\u00c9S.<\/strong><\/p>\n<p>Transports gratuits.<\/p>\n","protected":false},"featured_media":316317,"comment_status":"open","ping_status":"closed","template":"","meta":[],"pwb-brand":[3784],"product_brand":[],"product_cat":[3700,3696],"product_tag":[3754],"class_list":{"0":"post-316349","1":"product","2":"type-product","3":"status-publish","4":"has-post-thumbnail","6":"pwb-brand-emerson-fr","7":"product_cat-couteaux-de-fermeture","8":"product_cat-des-couteaux","9":"product_tag-b2b-fr","11":"first","12":"outofstock","13":"taxable","14":"shipping-taxable","15":"purchasable","16":"product-type-simple"},"brands":[{"id":3784,"name":"\u00c9merson","slug":"emerson-fr"}],"_links":{"self":[{"href":"https:\/\/www.moskito.cz\/fr\/wp-json\/wp\/v2\/product\/316349","targetHints":{"allow":["GET"]}}],"collection":[{"href":"https:\/\/www.moskito.cz\/fr\/wp-json\/wp\/v2\/product"}],"about":[{"href":"https:\/\/www.moskito.cz\/fr\/wp-json\/wp\/v2\/types\/product"}],"replies":[{"embeddable":true,"href":"https:\/\/www.moskito.cz\/fr\/wp-json\/wp\/v2\/comments?post=316349"}],"wp:featuredmedia":[{"embeddable":true,"href":"https:\/\/www.moskito.cz\/fr\/wp-json\/wp\/v2\/media\/316317"}],"wp:attachment":[{"href":"https:\/\/www.moskito.cz\/fr\/wp-json\/wp\/v2\/media?parent=316349"}],"wp:term":[{"taxonomy":"pwb-brand","embeddable":true,"href":"https:\/\/www.moskito.cz\/fr\/wp-json\/wp\/v2\/pwb-brand?post=316349"},{"taxonomy":"product_brand","embeddable":true,"href":"https:\/\/www.moskito.cz\/fr\/wp-json\/wp\/v2\/product_brand?post=316349"},{"taxonomy":"product_cat","embeddable":true,"href":"https:\/\/www.moskito.cz\/fr\/wp-json\/wp\/v2\/product_cat?post=316349"},{"taxonomy":"product_tag","embeddable":true,"href":"https:\/\/www.moskito.cz\/fr\/wp-json\/wp\/v2\/product_tag?post=316349"}],"curies":[{"name":"wp","href":"https:\/\/api.w.org\/{rel}","templated":true}]}}