{"id":316392,"date":"2024-03-13T00:04:07","date_gmt":"2024-03-12T23:04:07","guid":{"rendered":"https:\/\/www.moskito.cz\/produkt\/couteau-de-fermeture-emerson-cqc-8\/"},"modified":"2025-05-07T11:03:53","modified_gmt":"2025-05-07T10:03:53","slug":"couteau-de-fermeture-emerson-cqc-8","status":"publish","type":"product","link":"https:\/\/www.moskito.cz\/fr\/produkt\/couteau-de-fermeture-emerson-cqc-8\/","title":{"rendered":"Couteau de fermeture Emerson CQC-8"},"content":{"rendered":"<p>Couteau de fermeture <strong>Emerson<\/strong> CQC-8<\/p>\n<p>Qui n&rsquo;aime pas les courbes ? Le CQC-8 pr\u00e9sente toutes les courbes du d\u00e9but \u00e0 la fin et se sent bien en main. Ce couteau est de nature tactique mais fonctionnel. Adapt\u00e9 au camping, \u00e0 la randonn\u00e9e, \u00e0 la chasse ou aux patrouilles, le CQC-8 est un couteau qui travaille dur, \u00e0 tout moment et en tout lieu.<\/p>\n<p>Apr\u00e8s tant de demandes pour ajouter une modification des ailerons au CQC-8, nous avons finalement termin\u00e9 le premier couteau.<br \/>\nLorsque la lame est en position ouverte, la languette de l&rsquo;aileron est compl\u00e8tement cach\u00e9e. Retournez, agitez ou poussez le pouce et ouvrez ce design embl\u00e9matique d&rsquo;Emerson.<\/p>\n<p><strong>Le couteau pliant tactique Emerson<\/strong> CQC-8 a longtemps \u00e9t\u00e9 consid\u00e9r\u00e9 comme l&rsquo;un des meilleurs mod\u00e8les de combat que nous ayons jamais produits. L&rsquo;ergonomie et le design des lames se sont r\u00e9unis pour cr\u00e9er une union parfaite. Il est parfaitement \u00e9quilibr\u00e9 en engagement avant et arri\u00e8re. Il est dot\u00e9 d&rsquo;une lame de course ascendante simple mais efficace associ\u00e9e \u00e0 notre fonction brevet\u00e9e Emerson Wave et maintenant d&rsquo;une ailette \u00e0 roulement. Il a l&rsquo;honneur de figurer dans notre Top 3 des couteaux les plus populaires avec le Combat Karambit et le CQC-7.<\/p>\n<p>\u00ab L&rsquo;Emerson CQC-8 est depuis des ann\u00e9es l&rsquo;un des favoris de certains cercles du c\u00e9l\u00e8bre r\u00e9giment SAS britannique et est en action depuis le conflit bosniaque. C&rsquo;est un v\u00e9ritable v\u00e9t\u00e9ran aguerri qui, depuis les ann\u00e9es 1980, des ann\u00e9es ont vu l\u2019action dans tous les th\u00e9\u00e2tres. \u2013 30 ans et toujours aussi fort !<\/p>\n<p>Acier : 154 CM<br \/>\nLongueur de la lame : 10,7 cm<br \/>\nLongueur du couteau entier : 25,8 cm<br \/>\nPoign\u00e9e : G-10<br \/>\nPince noire<br \/>\nFabriqu\u00e9 aux \u00c9tats-Unis<\/p>\n<p>&nbsp;<\/p>\n<p><iframe title=\"CQC-8 | Know Your Emerson\" width=\"800\" height=\"450\" src=\"https:\/\/www.youtube.com\/embed\/XdEsU0Txlqw?feature=oembed\" frameborder=\"0\" allow=\"accelerometer; autoplay; clipboard-write; encrypted-media; gyroscope; picture-in-picture; web-share\" allowfullscreen><\/iframe><\/p>\n<p>&nbsp;<\/p>\n<p>&nbsp;<\/p>\n<p>&nbsp;<\/p>\n","protected":false},"excerpt":{"rendered":"<p><strong>LES COUTEAUX EMERSON SONT RECHERCH\u00c9S PAR LES MILITAIRES D&rsquo;\u00c9LITE ET LES APPLICATIONS DE LA LOI<\/strong><br \/>\n<strong>PAR LES TROUPES DU MONDE ENTIER ET \u00c9TABLISSEMENT LA NORME PAR LAQUELLE TOUS LES AUTRES COUTEAUX TACTIQUES SONT JUG\u00c9S.<\/strong><\/p>\n<p>Transports gratuits.<\/p>\n","protected":false},"featured_media":316357,"comment_status":"open","ping_status":"closed","template":"","meta":[],"pwb-brand":[3784],"product_brand":[],"product_cat":[3700,3696],"product_tag":[3754],"class_list":{"0":"post-316392","1":"product","2":"type-product","3":"status-publish","4":"has-post-thumbnail","6":"pwb-brand-emerson-fr","7":"product_cat-couteaux-de-fermeture","8":"product_cat-des-couteaux","9":"product_tag-b2b-fr","11":"first","12":"outofstock","13":"taxable","14":"shipping-taxable","15":"purchasable","16":"product-type-simple"},"brands":[{"id":3784,"name":"\u00c9merson","slug":"emerson-fr"}],"_links":{"self":[{"href":"https:\/\/www.moskito.cz\/fr\/wp-json\/wp\/v2\/product\/316392","targetHints":{"allow":["GET"]}}],"collection":[{"href":"https:\/\/www.moskito.cz\/fr\/wp-json\/wp\/v2\/product"}],"about":[{"href":"https:\/\/www.moskito.cz\/fr\/wp-json\/wp\/v2\/types\/product"}],"replies":[{"embeddable":true,"href":"https:\/\/www.moskito.cz\/fr\/wp-json\/wp\/v2\/comments?post=316392"}],"wp:featuredmedia":[{"embeddable":true,"href":"https:\/\/www.moskito.cz\/fr\/wp-json\/wp\/v2\/media\/316357"}],"wp:attachment":[{"href":"https:\/\/www.moskito.cz\/fr\/wp-json\/wp\/v2\/media?parent=316392"}],"wp:term":[{"taxonomy":"pwb-brand","embeddable":true,"href":"https:\/\/www.moskito.cz\/fr\/wp-json\/wp\/v2\/pwb-brand?post=316392"},{"taxonomy":"product_brand","embeddable":true,"href":"https:\/\/www.moskito.cz\/fr\/wp-json\/wp\/v2\/product_brand?post=316392"},{"taxonomy":"product_cat","embeddable":true,"href":"https:\/\/www.moskito.cz\/fr\/wp-json\/wp\/v2\/product_cat?post=316392"},{"taxonomy":"product_tag","embeddable":true,"href":"https:\/\/www.moskito.cz\/fr\/wp-json\/wp\/v2\/product_tag?post=316392"}],"curies":[{"name":"wp","href":"https:\/\/api.w.org\/{rel}","templated":true}]}}