{"id":316397,"date":"2023-03-28T20:02:17","date_gmt":"2023-03-28T19:02:17","guid":{"rendered":"https:\/\/www.moskito.cz\/produkt\/couteau-de-fermeture-cold-steel-mini-recon-1-clip-pt-in-10a-stone-wash\/"},"modified":"2024-03-13T09:02:10","modified_gmt":"2024-03-13T08:02:10","slug":"couteau-de-fermeture-cold-steel-mini-recon-1-clip-pt-in-10a-stone-wash","status":"publish","type":"product","link":"https:\/\/www.moskito.cz\/fr\/produkt\/couteau-de-fermeture-cold-steel-mini-recon-1-clip-pt-in-10a-stone-wash\/","title":{"rendered":"Couteau de fermeture Cold Steel MINI RECON 1 CLIP PT IN 10A STONE WASH"},"content":{"rendered":"<p>Couteau de fermeture <strong>Cold Steel<\/strong> MINI RECON 1 CLIP PT IN 10A STONE WASH<\/p>\n<p><strong>Mini Recon<\/strong> &#8211; disponible en 3 formes de lame, clip, tanto et pointe de lance, il y a un couteau pour tout le monde et cette ann\u00e9e, ils sont beaucoup plus abordables gr\u00e2ce \u00e0 leurs toutes nouvelles poign\u00e9es moul\u00e9es par injection qui r\u00e9duisent les co\u00fbts mais ont tr\u00e8s peu impact sur leur r\u00e9putation l\u00e9gendaire de force et de robustesse. \u00bb &#8211; Lynn Thompson<\/p>\n<p>Le Recon 1 est l&rsquo;un des couteaux pliants tactiques les plus populaires de Cold Steel.<\/p>\n<p>Description:<\/p>\n<p>Mat\u00e9riau de la lame : AUS-10A<br \/>\nMat\u00e9riau du manche : GRN<br \/>\nS\u00e9curit\u00e9&nbsp;:&nbsp;verrouillage Tri-Ad<br \/>\nLongueur de la lame : 7,6 cm<br \/>\nLongueur totale : 17,8 cm<br \/>\nLongueur du couteau pli\u00e9 : 10,2 cm<br \/>\n\u00c9paisseur de la lame : 3 mm<br \/>\nPoids : 100g<br \/>\nType de lame&nbsp;: pointe \u00e0 pince<\/p>\n<p>&nbsp;<\/p>\n","protected":false},"excerpt":{"rendered":"<p><strong>Le couteau de fermeture \u00e0 tranchant lisse Mini Recon 1 Clip Point est un petit couteau de fermeture tr\u00e8s l\u00e9ger qui tient parfaitement dans la main.<\/strong><\/p>\n","protected":false},"featured_media":316404,"comment_status":"open","ping_status":"closed","template":"","meta":[],"pwb-brand":[3789],"product_brand":[],"product_cat":[3700,3696],"product_tag":[3754],"class_list":{"0":"post-316397","1":"product","2":"type-product","3":"status-publish","4":"has-post-thumbnail","6":"pwb-brand-acier-froid","7":"product_cat-couteaux-de-fermeture","8":"product_cat-des-couteaux","9":"product_tag-b2b-fr","11":"first","12":"instock","13":"taxable","14":"shipping-taxable","15":"purchasable","16":"product-type-simple"},"brands":[{"id":3789,"name":"Acier froid","slug":"acier-froid"}],"_links":{"self":[{"href":"https:\/\/www.moskito.cz\/fr\/wp-json\/wp\/v2\/product\/316397","targetHints":{"allow":["GET"]}}],"collection":[{"href":"https:\/\/www.moskito.cz\/fr\/wp-json\/wp\/v2\/product"}],"about":[{"href":"https:\/\/www.moskito.cz\/fr\/wp-json\/wp\/v2\/types\/product"}],"replies":[{"embeddable":true,"href":"https:\/\/www.moskito.cz\/fr\/wp-json\/wp\/v2\/comments?post=316397"}],"wp:featuredmedia":[{"embeddable":true,"href":"https:\/\/www.moskito.cz\/fr\/wp-json\/wp\/v2\/media\/316404"}],"wp:attachment":[{"href":"https:\/\/www.moskito.cz\/fr\/wp-json\/wp\/v2\/media?parent=316397"}],"wp:term":[{"taxonomy":"pwb-brand","embeddable":true,"href":"https:\/\/www.moskito.cz\/fr\/wp-json\/wp\/v2\/pwb-brand?post=316397"},{"taxonomy":"product_brand","embeddable":true,"href":"https:\/\/www.moskito.cz\/fr\/wp-json\/wp\/v2\/product_brand?post=316397"},{"taxonomy":"product_cat","embeddable":true,"href":"https:\/\/www.moskito.cz\/fr\/wp-json\/wp\/v2\/product_cat?post=316397"},{"taxonomy":"product_tag","embeddable":true,"href":"https:\/\/www.moskito.cz\/fr\/wp-json\/wp\/v2\/product_tag?post=316397"}],"curies":[{"name":"wp","href":"https:\/\/api.w.org\/{rel}","templated":true}]}}