{"id":316434,"date":"2024-03-13T21:25:06","date_gmt":"2024-03-13T20:25:41","guid":{"rendered":"https:\/\/www.moskito.cz\/produkt\/couteau-de-fermeture-emerson-tko-sf\/"},"modified":"2025-05-07T11:03:54","modified_gmt":"2025-05-07T10:03:54","slug":"couteau-de-fermeture-emerson-tko-sf","status":"publish","type":"product","link":"https:\/\/www.moskito.cz\/fr\/produkt\/couteau-de-fermeture-emerson-tko-sf\/","title":{"rendered":"Couteau de fermeture Emerson TKO SF"},"content":{"rendered":"<p>Couteau de fermeture <strong>Emerson<\/strong> TKO SF<\/p>\n<p>Ernest <strong>Emerson<\/strong> a commenc\u00e9 \u00e0 fabriquer des couteaux sur mesure dans son garage en 1979. Il s&rsquo;est rapidement impos\u00e9 comme coutelier, en raison \u00e0 parts \u00e9gales de son expertise d&rsquo;artisan (fabricant d&rsquo;outils et de matrices), de son int\u00e9r\u00eat artistique pour le design et de son exp\u00e9rience pratique en tant qu&rsquo;un des artisans les plus recherch\u00e9s et respect\u00e9s au monde. -instructeurs de combat au corps \u00e0 corps. Le travail d&rsquo;Emerson a \u00e9t\u00e9 pr\u00e9sent\u00e9 et expos\u00e9 au Metropolitan Museum of Art et au Smithsonian Museum. Seule une poign\u00e9e d\u2019artistes vivants peuvent pr\u00e9tendre \u00e0 cela. En tant qu&rsquo;instructeur de combat au corps \u00e0 corps et d&rsquo;armes blanches, M. Emerson a enseign\u00e9 aux guerriers les plus \u00e9lites du monde, des Navy SEALs des \u00c9tats-Unis aux gardes parlementaires \u00e0 Londres et partout ailleurs. Il est l&rsquo;auteur de nombreux articles, livres et vid\u00e9os sur la tactique, l&rsquo;entra\u00eenement et le combat. En tant que l&rsquo;un des instructeurs les plus recherch\u00e9s au monde, il est tr\u00e8s demand\u00e9 pour des s\u00e9minaires et des conf\u00e9rences destin\u00e9s aux organismes civils, militaires et charg\u00e9s de l&rsquo;application de la loi. Il est membre du Temple de la renomm\u00e9e des arts martiaux aux c\u00f4t\u00e9s de noms v\u00e9n\u00e9rables tels que Bruce Lee et Chuck Norris. En fait, le seul fabricant de couteaux connu qui poss\u00e8de et exploite \u00e9galement son propre centre de formation est le \u00ab Black Shamrock Combat Academy Gym \u00bb de classe mondiale \u00e0 Los Angeles, en Californie.<\/p>\n<p>Tim Kennedy me l\u2019a dit tr\u00e8s clairement. \u00ab\u00a0La conception de ce couteau devait r\u00e9pondre \u00e0 deux exigences fondamentales. Il doit fonctionner \u00e0 la fois comme un outil et une arme dans un environnement de combat, et deuxi\u00e8mement, il doit \u00eatre un couteau que toute personne peut porter confortablement en toutes circonstances.<\/p>\n<p>Cela m&rsquo;a donn\u00e9 assez de travail.<\/p>\n<p>Afin de commencer \u00e0 satisfaire ces exigences, je savais que la lame devait \u00eatre une combinaison d\u2019utilit\u00e9, de force et d\u2019arme. Le r\u00e9sultat est une lame de 3,80 pouces de long pour un tranchant tranchant comme un rasoir et beaucoup de pouvoir de p\u00e9n\u00e9tration. Il mesure 1&nbsp;100 pouces de hauteur \u00e0 son point le plus large (du bord \u00e0 l\u2019arri\u00e8re) et 1,25 pouces d\u2019\u00e9paisseur. La conception de la lame comprend une bordure confortable mais fonctionnelle sur le dessus de la lame et un ouvre-pouce pour une ouverture facile d&rsquo;une seule main, m\u00eame lorsque vous portez des gants. Il pr\u00e9sente un design \u00e0 bout sur\u00e9lev\u00e9 avec une courbe douce commen\u00e7ant au niveau du bouton du pouce qui se jette dans une ligne sup\u00e9rieure longue, gracieuse et raccourcie cr\u00e9ant une forte section transversale \u00e0 l&rsquo;intersection au niveau de l&rsquo;orteil et une pointe tr\u00e8s pointue (\u00ab poignard\u00e9e \u00bb comme l&rsquo;appelle Tim. ) conception g\u00e9n\u00e9rale. La pointe est positionn\u00e9e directement sur la ligne centrale de la lame pour obtenir l&rsquo;utilisation ou le transfert de force le plus efficace lorsqu&rsquo;elle est pouss\u00e9e vers l&rsquo;avant. L&rsquo;acier est un acier de 1,54 cm \u00e9prouv\u00e9 au combat, trait\u00e9 thermiquement pour r\u00e9sister \u00e9galement \u00e0 une duret\u00e9 Rockwell \u00e9prouv\u00e9e de 57 \u00e0 59, vous donnant un couteau qui a juste assez de flexibilit\u00e9, de duret\u00e9 pour tenir la lame et de facilit\u00e9 d&rsquo;aff\u00fbtage dans les environnements les plus extr\u00eames ou les plus handicap\u00e9s et intol\u00e9rants. . .<\/p>\n<p>Poign\u00e9e.<\/p>\n<p>Tim a \u00e9galement exig\u00e9 que le couteau soit aussi confortable et s\u00fbr que possible. La poign\u00e9e que j&rsquo;ai con\u00e7ue pr\u00e9sente le design signature Emerson Deep Choil pour emp\u00eacher la main de glisser vers l&rsquo;avant lors d&rsquo;une utilisation extr\u00eame, et deux courbes de placement des doigts confortables qui se terminent au bas de l&rsquo;arri\u00e8re de la poign\u00e9e. Il s&rsquo;agit d&rsquo;un exemple parfait de l&rsquo;ergonomie <strong>d&rsquo;Emerson<\/strong> , pour laquelle tous les mod\u00e8les <strong>d&rsquo;Emerson<\/strong> sont connus. La serrure est en titane 6Al4V de qualit\u00e9 a\u00e9ronautique et les poign\u00e9es sont en G10 durable avec une finition \u00e0 carreaux moyens imperm\u00e9able \u00e0 l&rsquo;eau, \u00e0 l&rsquo;huile, au carburant et \u00e0 d&rsquo;autres fluides et liquides.<\/p>\n<p>Tim a \u00e9t\u00e9 tr\u00e8s pr\u00e9cis sur la taille globale du couteau car elle se rapportait \u00e0 un couteau dur\/de combat. Nous \u00e9tions tous les deux d&rsquo;accord sur le fait qu&rsquo;un couteau, par opposition \u00e0 une lame fixe, doit \u00eatre d&rsquo;une taille qu&rsquo;un soldat, un policier ou un civil puisse transporter confortablement \u00e0 tout moment, \u00e0 tout moment et en tout lieu. Si un couteau est trop gros, trop encombrant ou trop lourd, il est plus susceptible de se trouver dans une bo\u00eete \u00e0 gants ou sur une \u00e9tag\u00e8re alors qu&rsquo;il devrait \u00eatre dans votre poche lorsque vous en avez besoin, rapidement, vite et press\u00e9. Apr\u00e8s tout, rappelez-vous toujours que lorsque des situations de violence ou d\u2019urgence surviennent, vous ne pouvez pas choisir, ils vous choisiront. Mesurant 9,0 pouces au total et 5,530 pouces une fois ferm\u00e9, le couteau est dot\u00e9 d&rsquo;un clip de poche pratique, il doit donc toujours \u00eatre pr\u00eat \u00e0 \u00eatre d\u00e9ploy\u00e9 comme votre compagnon de poche constant.<\/p>\n<p>Ainsi, la conception du couteau pliant TKF vient de deux gars qui connaissent un peu le couteau robuste et ce qu&rsquo;un couteau est cens\u00e9 faire lorsque vous en avez besoin.<\/p>\n<p>Je pense que nous l&rsquo;avons fait. \u00c0 la fois pratique et tactique, cette conception r\u00e9pondra aux besoins de tout soldat, marin, aviateur ou marine tout en r\u00e9pondant aux besoins de tout op\u00e9rateur charg\u00e9 de l&rsquo;application de la loi ainsi qu&rsquo;\u00e0 tous les besoins de transport quotidiens, civils et robustes.<\/p>\n<p>Croyez-moi sur parole. Ce couteau restera comme un autre mod\u00e8le de combat\/tactique embl\u00e9matique <strong>d&rsquo;Emerson<\/strong> car, comme je l&rsquo;ai dit \u00e0 plusieurs reprises auparavant, \u00ab\u00a0vous ne pouvez pas battre l&rsquo;exp\u00e9rience\u00a0\u00bb. Et dans ce cas, Ernest Emerson et Tim Kennedy ont apport\u00e9 beaucoup de bateaux \u00e0 ce projet. Je mettrais ma r\u00e9putation \u2013 et ma vie \u2013 sur ce couteau.<\/p>\n<p>Oh oui, c&rsquo;est 100 % fabriqu\u00e9 en Am\u00e9rique\u2026 jusqu&rsquo;\u00e0 la derni\u00e8re vis.<\/p>\n<p>Utilisez-le, abusez-en, mais ne le perdez pas.<\/p>\n<p>Cordialement,<\/p>\n<p>Ernest Emerson.<\/p>\n<p>Longueur de la lame : 9,37 cm<\/p>\n<p>Longueur totale : 22,5 cm<\/p>\n<p>Acier : 154 cm<\/p>\n<p>Poids (oz) 5,36<\/p>\n<p>&nbsp;<\/p>\n<p>&nbsp;<\/p>\n","protected":false},"excerpt":{"rendered":"<p><strong>LES COUTEAUX EMERSON SONT RECHERCH\u00c9S PAR LES MILITAIRES D&rsquo;\u00c9LITE ET LES APPLICATIONS DE LA LOI<\/strong><br \/>\n<strong>PAR LES TROUPES DU MONDE ENTIER ET \u00c9TABLISSEMENT LA NORME PAR LAQUELLE TOUS LES AUTRES COUTEAUX TACTIQUES SONT JUG\u00c9S.<\/strong><\/p>\n<p>Transports gratuits.<\/p>\n","protected":false},"featured_media":316417,"comment_status":"open","ping_status":"closed","template":"","meta":[],"pwb-brand":[3784],"product_brand":[],"product_cat":[3700,3696],"product_tag":[3754],"class_list":{"0":"post-316434","1":"product","2":"type-product","3":"status-publish","4":"has-post-thumbnail","6":"pwb-brand-emerson-fr","7":"product_cat-couteaux-de-fermeture","8":"product_cat-des-couteaux","9":"product_tag-b2b-fr","11":"first","12":"outofstock","13":"taxable","14":"shipping-taxable","15":"purchasable","16":"product-type-simple"},"brands":[{"id":3784,"name":"\u00c9merson","slug":"emerson-fr"}],"_links":{"self":[{"href":"https:\/\/www.moskito.cz\/fr\/wp-json\/wp\/v2\/product\/316434","targetHints":{"allow":["GET"]}}],"collection":[{"href":"https:\/\/www.moskito.cz\/fr\/wp-json\/wp\/v2\/product"}],"about":[{"href":"https:\/\/www.moskito.cz\/fr\/wp-json\/wp\/v2\/types\/product"}],"replies":[{"embeddable":true,"href":"https:\/\/www.moskito.cz\/fr\/wp-json\/wp\/v2\/comments?post=316434"}],"wp:featuredmedia":[{"embeddable":true,"href":"https:\/\/www.moskito.cz\/fr\/wp-json\/wp\/v2\/media\/316417"}],"wp:attachment":[{"href":"https:\/\/www.moskito.cz\/fr\/wp-json\/wp\/v2\/media?parent=316434"}],"wp:term":[{"taxonomy":"pwb-brand","embeddable":true,"href":"https:\/\/www.moskito.cz\/fr\/wp-json\/wp\/v2\/pwb-brand?post=316434"},{"taxonomy":"product_brand","embeddable":true,"href":"https:\/\/www.moskito.cz\/fr\/wp-json\/wp\/v2\/product_brand?post=316434"},{"taxonomy":"product_cat","embeddable":true,"href":"https:\/\/www.moskito.cz\/fr\/wp-json\/wp\/v2\/product_cat?post=316434"},{"taxonomy":"product_tag","embeddable":true,"href":"https:\/\/www.moskito.cz\/fr\/wp-json\/wp\/v2\/product_tag?post=316434"}],"curies":[{"name":"wp","href":"https:\/\/api.w.org\/{rel}","templated":true}]}}