{"id":316526,"date":"2024-03-13T22:19:54","date_gmt":"2024-03-13T21:22:38","guid":{"rendered":"https:\/\/www.moskito.cz\/produkt\/couteau-pliant-emerson-super-karambit-stonewash-sf\/"},"modified":"2025-05-07T11:03:57","modified_gmt":"2025-05-07T10:03:57","slug":"couteau-pliant-emerson-super-karambit-stonewash-sf","status":"publish","type":"product","link":"https:\/\/www.moskito.cz\/fr\/produkt\/couteau-pliant-emerson-super-karambit-stonewash-sf\/","title":{"rendered":"Couteau pliant Emerson Super Karambit Stonewash SF"},"content":{"rendered":"<p>Couteau pliant <strong>Emerson<\/strong> Super Karambit Stonewash SF<\/p>\n<p>L&rsquo;Emerson Super Karambit est \u00e9quip\u00e9 d&rsquo;une fonction d&rsquo;ouverture brevet\u00e9e en forme de vague ou Remote Pocket Opener. En cas d&rsquo;urgence ou d&rsquo;accident, le couteau peut \u00eatre ouvert d&rsquo;une seule main en le sortant de la poche. Le couteau a une excellente construction de pointe renforc\u00e9e qui \u00ab sur\u00e9l\u00e8ve \u00bb la pointe et \u00e9vite d&rsquo;endommager la pointe tr\u00e8s fine comme dans les mod\u00e8les pr\u00e9c\u00e9dents. Deuxi\u00e8mement, Emerson a opt\u00e9 pour l&rsquo;utilisation d&rsquo;entretoises filet\u00e9es au lieu d&rsquo;une entretoise solide comme les mod\u00e8les de la g\u00e9n\u00e9ration pr\u00e9c\u00e9dente. Cela a ajout\u00e9 de la rigidit\u00e9 \u00e0 la poign\u00e9e, en particulier au niveau de l&rsquo;anneau. Ces deux changements ont grandement am\u00e9lior\u00e9 la conception globale et la fonction du couteau.<\/p>\n<p>Mat\u00e9riaux:<br \/>\nPoign\u00e9es&nbsp;: \u00c9poxy G10 noir \/ Fibre de verre<br \/>\nSerrure&nbsp;: Titane de qualit\u00e9 a\u00e9ronautique<br \/>\nLame : 154CM en acier inoxydable<br \/>\nFinition de surface&nbsp;: Stonewash<br \/>\nMouture&nbsp;: Mouture au burin<\/p>\n<p>Caract\u00e9ristiques:<br \/>\nLongueur totale : 21 cm<br \/>\nLongueur de la lame : 8,5 cm<br \/>\nDuret\u00e9&nbsp;: 57-59 RC<br \/>\nTrou pour les doigts : 0,94 pouces<br \/>\nPoids : 5,5 onces.<br \/>\nFabriqu\u00e9 aux \u00c9tats-Unis<\/p>\n<p>&nbsp;<\/p>\n","protected":false},"excerpt":{"rendered":"<p><strong>LES COUTEAUX EMERSON SONT RECHERCH\u00c9S PAR LES MILITAIRES D&rsquo;\u00c9LITE ET LES APPLICATIONS DE LA LOI<\/strong><br \/>\n<strong>PAR LES TROUPES DU MONDE ENTIER ET \u00c9TABLISSEMENT LA NORME PAR LAQUELLE TOUS LES AUTRES COUTEAUX TACTIQUES SONT JUG\u00c9S.<\/strong><\/p>\n<p>Transports gratuits.<\/p>\n","protected":false},"featured_media":316483,"comment_status":"open","ping_status":"closed","template":"","meta":[],"pwb-brand":[3784],"product_brand":[],"product_cat":[3794,3696],"product_tag":[3754],"class_list":{"0":"post-316526","1":"product","2":"type-product","3":"status-publish","4":"has-post-thumbnail","6":"pwb-brand-emerson-fr","7":"product_cat-karambits-fr","8":"product_cat-des-couteaux","9":"product_tag-b2b-fr","11":"first","12":"instock","13":"taxable","14":"shipping-taxable","15":"purchasable","16":"product-type-simple"},"brands":[{"id":3784,"name":"\u00c9merson","slug":"emerson-fr"}],"_links":{"self":[{"href":"https:\/\/www.moskito.cz\/fr\/wp-json\/wp\/v2\/product\/316526","targetHints":{"allow":["GET"]}}],"collection":[{"href":"https:\/\/www.moskito.cz\/fr\/wp-json\/wp\/v2\/product"}],"about":[{"href":"https:\/\/www.moskito.cz\/fr\/wp-json\/wp\/v2\/types\/product"}],"replies":[{"embeddable":true,"href":"https:\/\/www.moskito.cz\/fr\/wp-json\/wp\/v2\/comments?post=316526"}],"wp:featuredmedia":[{"embeddable":true,"href":"https:\/\/www.moskito.cz\/fr\/wp-json\/wp\/v2\/media\/316483"}],"wp:attachment":[{"href":"https:\/\/www.moskito.cz\/fr\/wp-json\/wp\/v2\/media?parent=316526"}],"wp:term":[{"taxonomy":"pwb-brand","embeddable":true,"href":"https:\/\/www.moskito.cz\/fr\/wp-json\/wp\/v2\/pwb-brand?post=316526"},{"taxonomy":"product_brand","embeddable":true,"href":"https:\/\/www.moskito.cz\/fr\/wp-json\/wp\/v2\/product_brand?post=316526"},{"taxonomy":"product_cat","embeddable":true,"href":"https:\/\/www.moskito.cz\/fr\/wp-json\/wp\/v2\/product_cat?post=316526"},{"taxonomy":"product_tag","embeddable":true,"href":"https:\/\/www.moskito.cz\/fr\/wp-json\/wp\/v2\/product_tag?post=316526"}],"curies":[{"name":"wp","href":"https:\/\/api.w.org\/{rel}","templated":true}]}}