{"id":316685,"date":"2024-03-14T20:02:32","date_gmt":"2024-03-14T19:05:43","guid":{"rendered":"https:\/\/www.moskito.cz\/produkt\/couteau-de-tir-makora-tactical-206-2ts-microtech-signature-series\/"},"modified":"2025-09-27T08:11:33","modified_gmt":"2025-09-27T07:11:33","slug":"couteau-de-tir-makora-tactical-206-2ts-microtech-signature-series","status":"publish","type":"product","link":"https:\/\/www.moskito.cz\/fr\/produkt\/couteau-de-tir-makora-tactical-206-2ts-microtech-signature-series\/","title":{"rendered":"Couteau de tir Makora Tactical 206-2TS Microtech Signature Series"},"content":{"rendered":"<h3 data-pm-slice=\"1 1 []\"><strong>Couteau de tir Makora Tactical 206-2TS Microtech Signature Series<\/strong><\/h3>\n<p><strong>Le Microtech Signature Series Makora Tactical 206-2TS<\/strong> est <strong>un couteau pliant OTF (Out The Front) haut de gamme<\/strong> qui offre <strong>la combinaison parfaite de savoir-faire de pr\u00e9cision, de mat\u00e9riaux durables et de conception tactique<\/strong> . Ce mod\u00e8le exclusif <strong>n&rsquo;est pas couramment disponible<\/strong> , ce qui en fait <strong>un article recherch\u00e9 par les collectionneurs et les utilisateurs professionnels<\/strong> . <\/p>\n<p>\ud83d\udfe2 <strong>S\u00e9rie Signature en \u00e9dition limit\u00e9e \u2013 la disponibilit\u00e9 est tr\u00e8s limit\u00e9e !<\/strong><br \/>\n \ud83d\udfe2 <strong>Production am\u00e9ricaine compl\u00e8te &#8211; qualit\u00e9 sup\u00e9rieure garantie !<\/strong><\/p>\n<div>\n<hr>\n<\/div>\n<p>\ud83d\udccf <strong>Longueur totale :<\/strong> 250 mm<br \/>\n\ud83d\udde1\ufe0f  <strong>Longueur de la lame :<\/strong> 101 mm<br \/>\n\ud83d\udccf  <strong>\u00c9paisseur de la lame :<\/strong> 3,8 mm<br \/>\n\u2696\ufe0f  <strong>Poids :<\/strong> 130 g<br \/>\n\ud83d\udee0\ufe0f <strong>Mat\u00e9riau de la lame :<\/strong> <strong>M390 \u2013 acier de qualit\u00e9 sup\u00e9rieure avec rev\u00eatement en poudre et durabilit\u00e9 extr\u00eame<\/strong><br \/>\n \ud83c\udfa8 <strong>Finition de la lame :<\/strong> <strong>Tactical Two-Tone \u2013 une combinaison de DLC noir et de finition satin\u00e9e<\/strong><br \/>\n \ud83d\udd29 <strong>:<\/strong> <strong>Aluminium anodis\u00e9 noir avec texture antid\u00e9rapante<\/strong><br \/>\n \ud83c\udfaf <strong>M\u00e9canisme :<\/strong> <strong>OTF Double Action \u2013 extension et r\u00e9traction ultra-rapides avec un seul bouton<\/strong><br \/>\n \ud83d\udd12 <strong>Fusible :<\/strong> <strong>Verrouillage de s\u00e9curit\u00e9 du m\u00e9canisme OTF<\/strong><br \/>\n \ud83d\udccc       <strong>Clip :<\/strong> <strong>Clip de poche profond double face pour un transport discret<\/strong><br \/>\n \ud83c\udf0d  <strong>Fabriqu\u00e9 aux \u00c9tats-Unis<\/strong><\/p>\n<div>\n<hr>\n<\/div>\n<h3><strong>Propri\u00e9t\u00e9s cl\u00e9s&nbsp;:<\/strong><\/h3>\n<p>\u2714\ufe0f <strong>Conception unique de la s\u00e9rie Signature<\/strong> \u2013 disponibilit\u00e9 limit\u00e9e et valeur de collection.<br \/>\n\u2714\ufe0f <strong>Acier M390<\/strong> \u2013 r\u00e9sistance extr\u00eame \u00e0 l\u2019usure et haute r\u00e9tention des bords.<br \/>\n\u2714\ufe0f <strong>Finition bicolore tactique<\/strong> &#8211; une combinaison \u00e9l\u00e9gante et durable de DLC et de finition satin\u00e9e.<br \/>\n\u2714\ufe0f <strong>Conception de poign\u00e9e l\u00e9g\u00e8re mais robuste<\/strong> &#8211; excellente ergonomie et prise ferme.<br \/>\n\u2714\ufe0f <strong>M\u00e9canisme OTF Double Action<\/strong> \u2013 r\u00e9ponse instantan\u00e9e \u00e0 la pression du bouton.<br \/>\n\u2714\ufe0f <strong>Fabriqu\u00e9 aux \u00c9tats-Unis<\/strong> &#8211; pr\u00e9cision et qualit\u00e9 maximales.<\/p>\n<div>\n<hr>\n<\/div>\n<h3><strong>Utiliser<\/strong><\/h3>\n<p>\ud83d\udd39 <strong>Utilisation tactique<\/strong> &#8211; Outil professionnel pour les forces militaires et de s\u00e9curit\u00e9.<br \/>\n\ud83d\udd39 <strong>Everyday Carry (EDC)<\/strong> \u2013 L\u00e9ger, pratique et facile \u00e0 transporter.<br \/>\n\ud83d\udd39 <strong>Objet de collection<\/strong> \u2013   <strong>S\u00e9rie Signature exclusive avec disponibilit\u00e9 limit\u00e9e.<\/strong><\/p>\n<div>\n<hr>\n<\/div>\n<h3><strong>Entretien et meulage<\/strong><\/h3>\n<p>\ud83d\udee1  <strong>Entretien:<\/strong><\/p>\n<ul data-spread=\"false\">\n<li>Apr\u00e8s chaque utilisation, essuyez la lame avec un chiffon sec et appliquez de l&rsquo;huile sur les pi\u00e8ces mobiles.<\/li>\n<li>Nettoyez r\u00e9guli\u00e8rement le m\u00e9canisme OTF pour un fonctionnement fluide.<\/li>\n<li>Conserver dans un endroit sec et \u00e0 l&rsquo;abri de l&rsquo;humidit\u00e9.<\/li>\n<\/ul>\n<p>\ud83d\udd2a <strong>Broyage :<\/strong><\/p>\n<ul data-spread=\"false\">\n<li>Utilisez <strong>des taille-crayons en diamant ou en c\u00e9ramique<\/strong> .<\/li>\n<li>Angle de meulage recommand\u00e9 : <strong>20\u00b0\u201325\u00b0<\/strong> .<\/li>\n<\/ul>\n<div>\n<hr>\n<\/div>\n<h3><strong>Avantages et inconv\u00e9nients<\/strong><\/h3>\n<p>\u2705  <strong>Lame M390 haut de gamme avec finition tactique.<\/strong><br \/>\n\u2705  <strong>Conception de poign\u00e9e l\u00e9g\u00e8re et robuste avec une excellente adh\u00e9rence.<\/strong><br \/>\n\u2705  <strong>M\u00e9canisme OTF Double Action \u2013 extension\/r\u00e9traction instantan\u00e9e avec un seul bouton.<\/strong><br \/>\n\u2705  <strong>\u00c9dition exclusive Signature Series \u2013 disponibilit\u00e9 tr\u00e8s limit\u00e9e.<\/strong><br \/>\n\u2705  <strong>Fabriqu\u00e9 aux \u00c9tats-Unis &#8211; mat\u00e9riaux de qualit\u00e9 sup\u00e9rieure et fabrication pr\u00e9cise.<\/strong><\/p>\n<p>\u274c <strong>Prix plus \u00e9lev\u00e9 \u2013 correspond \u00e0 l\u2019exclusivit\u00e9 et aux mat\u00e9riaux haut de gamme.<\/strong><br \/>\n \u274c <strong>Un entretien r\u00e9gulier du m\u00e9canisme est n\u00e9cessaire pour une performance optimale.<\/strong><\/p>\n<div>\n<hr>\n<\/div>\n<h3><strong>Conclusion<\/strong><\/h3>\n<p><strong>Le Microtech Signature Series Makora Tactical 206-2TS<\/strong> est <strong>le couteau OTF ultime<\/strong> qui combine <strong>une technologie de pointe, des mat\u00e9riaux luxueux et une fonctionnalit\u00e9 in\u00e9gal\u00e9e<\/strong> . Ce <strong>mod\u00e8le exclusif<\/strong> , <strong>peu courant<\/strong> , est le choix id\u00e9al pour <strong>les collectionneurs, les professionnels et les utilisateurs exigeants<\/strong> qui recherchent <strong>le meilleur du march\u00e9<\/strong> . <\/p>\n<p>\ud83d\udfe2 <strong>Garantie \u00e0 vie<\/strong> \u2013 Garantit une longue dur\u00e9e de vie et un fonctionnement sans probl\u00e8me.<br \/>\n \ud83d\udfe2 <strong>Livraison gratuite<\/strong> \u2013 <strong>Commandez maintenant et obtenez la livraison gratuite ! \ud83d\ude9a<\/strong><\/p>\n<p>\ud83d\udce6 <strong>La disponibilit\u00e9 est limit\u00e9e &#8211; obtenez le v\u00f4tre d\u00e8s que possible !<\/strong><\/p>\n<p>&nbsp;<\/p>\n<p><iframe title=\"Microtech Combat Troodon Torture Test\" width=\"800\" height=\"450\" src=\"https:\/\/www.youtube.com\/embed\/xE9TeOFYEjg?feature=oembed\" frameborder=\"0\" allow=\"accelerometer; autoplay; clipboard-write; encrypted-media; gyroscope; picture-in-picture; web-share\" allowfullscreen><\/iframe><\/p>\n<p>&nbsp;<\/p>\n<p>&nbsp;<\/p>\n","protected":false},"excerpt":{"rendered":"<p><strong>Le couteau tactique Makora 206-2TS de la s\u00e9rie Signature de Microtech est le couteau OTF ultime qui combine une technologie de pointe, des mat\u00e9riaux luxueux et une fonctionnalit\u00e9 in\u00e9gal\u00e9e. Ce mod\u00e8le exclusif, peu courant, est le choix id\u00e9al pour les collectionneurs, les professionnels et les utilisateurs exigeants \u00e0 la recherche du meilleur du march\u00e9. <\/strong><\/p>\n<p><strong>\ud83d\udce6 Commandez maintenant et obtenez la livraison gratuite \ud83d\ude9a<\/strong><\/p>\n","protected":false},"featured_media":316645,"comment_status":"open","ping_status":"closed","template":"","meta":[],"pwb-brand":[3751],"product_brand":[],"product_cat":[3699,3696],"product_tag":[3754],"class_list":{"0":"post-316685","1":"product","2":"type-product","3":"status-publish","4":"has-post-thumbnail","6":"pwb-brand-microtechnologie","7":"product_cat-couteaux-de-tir","8":"product_cat-des-couteaux","9":"product_tag-b2b-fr","11":"first","12":"outofstock","13":"taxable","14":"shipping-taxable","15":"purchasable","16":"product-type-simple"},"brands":[{"id":3751,"name":"Microtechnologie","slug":"microtechnologie"}],"_links":{"self":[{"href":"https:\/\/www.moskito.cz\/fr\/wp-json\/wp\/v2\/product\/316685","targetHints":{"allow":["GET"]}}],"collection":[{"href":"https:\/\/www.moskito.cz\/fr\/wp-json\/wp\/v2\/product"}],"about":[{"href":"https:\/\/www.moskito.cz\/fr\/wp-json\/wp\/v2\/types\/product"}],"replies":[{"embeddable":true,"href":"https:\/\/www.moskito.cz\/fr\/wp-json\/wp\/v2\/comments?post=316685"}],"wp:featuredmedia":[{"embeddable":true,"href":"https:\/\/www.moskito.cz\/fr\/wp-json\/wp\/v2\/media\/316645"}],"wp:attachment":[{"href":"https:\/\/www.moskito.cz\/fr\/wp-json\/wp\/v2\/media?parent=316685"}],"wp:term":[{"taxonomy":"pwb-brand","embeddable":true,"href":"https:\/\/www.moskito.cz\/fr\/wp-json\/wp\/v2\/pwb-brand?post=316685"},{"taxonomy":"product_brand","embeddable":true,"href":"https:\/\/www.moskito.cz\/fr\/wp-json\/wp\/v2\/product_brand?post=316685"},{"taxonomy":"product_cat","embeddable":true,"href":"https:\/\/www.moskito.cz\/fr\/wp-json\/wp\/v2\/product_cat?post=316685"},{"taxonomy":"product_tag","embeddable":true,"href":"https:\/\/www.moskito.cz\/fr\/wp-json\/wp\/v2\/product_tag?post=316685"}],"curies":[{"name":"wp","href":"https:\/\/api.w.org\/{rel}","templated":true}]}}