{"id":316755,"date":"2019-11-02T13:34:23","date_gmt":"2024-03-14T19:51:42","guid":{"rendered":"https:\/\/www.moskito.cz\/produkt\/couteau-de-tir-microtech-ultrarech-121-4\/"},"modified":"2025-07-11T07:50:10","modified_gmt":"2025-07-11T06:50:10","slug":"couteau-de-tir-microtech-ultrarech-121-4","status":"publish","type":"product","link":"https:\/\/www.moskito.cz\/fr\/produkt\/couteau-de-tir-microtech-ultrarech-121-4\/","title":{"rendered":"Couteau de tir Microtech Ultrarech 121-4"},"content":{"rendered":"<p>Couteau de tir <strong>Microtech Ultrarech<\/strong> 121-4.<br \/>\nUn couteau qui tire de face.<\/p>\n<p><strong>Le couteau de tir Microtech Ultrarech<\/strong> 121-4 est \u00e9quip\u00e9 d&rsquo;une lame simple avec un tranchant simple. Le couteau est dot\u00e9 d&rsquo;un manche moul\u00e9 en aluminium anodis\u00e9 6061-T6 et d&rsquo;un renfort en acier inoxydable.<\/p>\n<p>Microtech a \u00e9quip\u00e9 cette version du tr\u00e8s populaire couteau Ultratech D\/A OTF d&rsquo;un manche profil\u00e9 et lisse qui augmente le confort d&rsquo;utilisation. Ce mod\u00e8le mis \u00e0 jour offre les m\u00eames dimensions, mais tient plus facilement dans votre main et votre poche.<\/p>\n<p>Pour ceux qui ne connaissent pas Ultratech, il s\u2019agit d\u2019un couteau enti\u00e8rement automatique dot\u00e9 d\u2019un double m\u00e9canisme sur le devant, ce qui signifie que la lame se plie et se r\u00e9tracte avec le pouce. Le couteau Ultratech de Microtech place la barre pour tous les couteaux OTF.<\/p>\n<p>Longueur totale : 22 cm<br \/>\nLongueur de la lame : 8,6 cm<br \/>\n\u00c9paisseur de la lame : 0,33 cm<br \/>\nMat\u00e9riau de la lame : 204P<br \/>\nStyle de lame&nbsp;:&nbsp;pointe de chute<br \/>\nInsertions&nbsp;: plates<br \/>\nType de bordure&nbsp;:&nbsp;Unie<br \/>\nMat\u00e9riau du manche : aluminium<br \/>\nPoids : 3,60 onces.<br \/>\nUtilisateur&nbsp;:&nbsp;Main droite<br \/>\nClip de poche&nbsp;: rabattable<br \/>\nType de couteau&nbsp;: OTF automatique \u00e0 double action<br \/>\nOuvreur&nbsp;:&nbsp;glissi\u00e8re du pouce<br \/>\nMarque : Microtech<br \/>\nMod\u00e8le : Ultratech<br \/>\nNum\u00e9ro de mod\u00e8le : 121-4<br \/>\nPays d&rsquo;origine : \u00c9tats-Unis<br \/>\nMeilleure utilisation&nbsp;: tous les jours<\/p>\n<p><iframe title=\"Microtech Combat Troodon Torture Test\" width=\"800\" height=\"450\" src=\"https:\/\/www.youtube.com\/embed\/xE9TeOFYEjg?feature=oembed\" frameborder=\"0\" allow=\"accelerometer; autoplay; clipboard-write; encrypted-media; gyroscope; picture-in-picture; web-share\" allowfullscreen><\/iframe><\/p>\n","protected":false},"excerpt":{"rendered":"<p>Au fil des ann\u00e9es , Microtech\u00ae Knives a rempli les couteaux avec passion et comp\u00e9tence pour cr\u00e9er presque des \u0153uvres d&rsquo;art qui sont le summum de la fonctionnalit\u00e9. Toutes les pi\u00e8ces sont fabriqu\u00e9es aux \u00c9tats-Unis.<br \/>\n<strong>Tous les couteaux Microtech sont garantis \u00e0 vie (min. 80 000 cycles, ouverture et fermeture)<\/strong><\/p>\n","protected":false},"featured_media":178025,"comment_status":"open","ping_status":"closed","template":"","meta":[],"pwb-brand":[3751],"product_brand":[],"product_cat":[3699,3696],"product_tag":[3754],"class_list":{"0":"post-316755","1":"product","2":"type-product","3":"status-publish","4":"has-post-thumbnail","6":"pwb-brand-microtechnologie","7":"product_cat-couteaux-de-tir","8":"product_cat-des-couteaux","9":"product_tag-b2b-fr","11":"first","12":"instock","13":"taxable","14":"shipping-taxable","15":"purchasable","16":"product-type-simple"},"brands":[{"id":3751,"name":"Microtechnologie","slug":"microtechnologie"}],"_links":{"self":[{"href":"https:\/\/www.moskito.cz\/fr\/wp-json\/wp\/v2\/product\/316755","targetHints":{"allow":["GET"]}}],"collection":[{"href":"https:\/\/www.moskito.cz\/fr\/wp-json\/wp\/v2\/product"}],"about":[{"href":"https:\/\/www.moskito.cz\/fr\/wp-json\/wp\/v2\/types\/product"}],"replies":[{"embeddable":true,"href":"https:\/\/www.moskito.cz\/fr\/wp-json\/wp\/v2\/comments?post=316755"}],"wp:featuredmedia":[{"embeddable":true,"href":"https:\/\/www.moskito.cz\/fr\/wp-json\/wp\/v2\/media\/178025"}],"wp:attachment":[{"href":"https:\/\/www.moskito.cz\/fr\/wp-json\/wp\/v2\/media?parent=316755"}],"wp:term":[{"taxonomy":"pwb-brand","embeddable":true,"href":"https:\/\/www.moskito.cz\/fr\/wp-json\/wp\/v2\/pwb-brand?post=316755"},{"taxonomy":"product_brand","embeddable":true,"href":"https:\/\/www.moskito.cz\/fr\/wp-json\/wp\/v2\/product_brand?post=316755"},{"taxonomy":"product_cat","embeddable":true,"href":"https:\/\/www.moskito.cz\/fr\/wp-json\/wp\/v2\/product_cat?post=316755"},{"taxonomy":"product_tag","embeddable":true,"href":"https:\/\/www.moskito.cz\/fr\/wp-json\/wp\/v2\/product_tag?post=316755"}],"curies":[{"name":"wp","href":"https:\/\/api.w.org\/{rel}","templated":true}]}}