{"id":316909,"date":"2024-03-14T21:58:02","date_gmt":"2024-03-14T21:03:12","guid":{"rendered":"https:\/\/www.moskito.cz\/produkt\/couteau-de-tir-microtech-makora-carbon-signature-series-206-3tcfis\/"},"modified":"2025-05-07T11:04:07","modified_gmt":"2025-05-07T10:04:07","slug":"couteau-de-tir-microtech-makora-carbon-signature-series-206-3tcfis","status":"publish","type":"product","link":"https:\/\/www.moskito.cz\/fr\/produkt\/couteau-de-tir-microtech-makora-carbon-signature-series-206-3tcfis\/","title":{"rendered":"Couteau de tir Microtech Makora Carbon Signature Series 206-3TCFIS"},"content":{"rendered":"<p>Couteau de tir <strong>Microtech<\/strong> Makora Carbon Signature Series 206-3TCFIS<\/p>\n<p><strong>Makora<\/strong> Refresh est une conception qui a \u00e9volu\u00e9 \u00e0 l&rsquo;origine \u00e0 partir de la conception Ultratech. Il pr\u00e9sente une forme globale Ultratech avec l&rsquo;ajout d&rsquo;une visi\u00e8re sur le dessus du manche et l&rsquo;avantage d&rsquo;un insert grip. D&rsquo;autres am\u00e9liorations apport\u00e9es \u00e0 la nouvelle gamme Makora incluent des rainures \u00e0 la base de la lame, des ports au bas du ch\u00e2ssis et des composants internes rev\u00eatus de nickel-bore. Ces am\u00e9liorations rendent l&rsquo;action incroyablement fluide et fiable, et facilitent \u00e9galement la maintenance.<\/p>\n<p>Ce mod\u00e8le de production embl\u00e9matique est dot\u00e9 d&rsquo;une poign\u00e9e tactique en aluminium anodis\u00e9 noir avec un insert en fibre de carbone. Lame de poignard tactique \u00e0 double tranchant en acier inoxydable noir M390. Design noir et clip de poche noir avec s\u00e9rie signature et logos Makora. Le clip de poche contient \u00e9galement des informations sur le mod\u00e8le, le num\u00e9ro de s\u00e9rie et la date de fabrication. Int\u00e9rieur nickel-bore. Le mod\u00e8le de la s\u00e9rie signature ne vous d\u00e9cevra pas&nbsp;!<\/p>\n<p>Pays d&rsquo;origine : \u00c9tats-Unis<br \/>\nMat\u00e9riau du manche : Aluminium<br \/>\nMat\u00e9riau de la lame : M390<br \/>\nStyle de lame&nbsp;:&nbsp;Dague \u00e0 double tranchant<br \/>\nFinition de la lame : Noir<br \/>\nType de bord&nbsp;: Enti\u00e8rement dentel\u00e9<br \/>\nMod\u00e8le\/Motif&nbsp;: Makora<br \/>\nType de couteau : OTF automatique double action<br \/>\nLongueur de la lame : 8,25 cm<br \/>\nTranchant : 7,81 cm<br \/>\nLongueur ferm\u00e9 : 12,81 cm<br \/>\nLongueur totale : 21,3 cm<\/p>\n<p><iframe title=\"Microtech Combat Troodon Torture Test\" width=\"800\" height=\"450\" src=\"https:\/\/www.youtube.com\/embed\/xE9TeOFYEjg?feature=oembed\" frameborder=\"0\" allow=\"accelerometer; autoplay; clipboard-write; encrypted-media; gyroscope; picture-in-picture; web-share\" allowfullscreen><\/iframe><\/p>\n<p>&nbsp;<\/p>\n<p>&nbsp;<\/p>\n","protected":false},"excerpt":{"rendered":"<p><strong>Au fil des ann\u00e9es, Microtech\u00ae Knives a rempli les couteaux avec passion et comp\u00e9tence pour cr\u00e9er presque des \u0153uvres d&rsquo;art qui sont le summum de la fonctionnalit\u00e9. Toutes les pi\u00e8ces sont fabriqu\u00e9es aux \u00c9tats-Unis.<\/strong><br \/>\n<strong>Tous les couteaux Microtech sont garantis \u00e0 vie (min. 80 000 cycles, ouverture et fermeture)<\/strong><\/p>\n<p><strong>Transports gratuits.<\/strong><\/p>\n","protected":false},"featured_media":316891,"comment_status":"open","ping_status":"closed","template":"","meta":[],"pwb-brand":[3751],"product_brand":[],"product_cat":[3699,3696],"product_tag":[3754],"class_list":{"0":"post-316909","1":"product","2":"type-product","3":"status-publish","4":"has-post-thumbnail","6":"pwb-brand-microtechnologie","7":"product_cat-couteaux-de-tir","8":"product_cat-des-couteaux","9":"product_tag-b2b-fr","11":"first","12":"instock","13":"taxable","14":"shipping-taxable","15":"purchasable","16":"product-type-simple"},"brands":[{"id":3751,"name":"Microtechnologie","slug":"microtechnologie"}],"_links":{"self":[{"href":"https:\/\/www.moskito.cz\/fr\/wp-json\/wp\/v2\/product\/316909","targetHints":{"allow":["GET"]}}],"collection":[{"href":"https:\/\/www.moskito.cz\/fr\/wp-json\/wp\/v2\/product"}],"about":[{"href":"https:\/\/www.moskito.cz\/fr\/wp-json\/wp\/v2\/types\/product"}],"replies":[{"embeddable":true,"href":"https:\/\/www.moskito.cz\/fr\/wp-json\/wp\/v2\/comments?post=316909"}],"wp:featuredmedia":[{"embeddable":true,"href":"https:\/\/www.moskito.cz\/fr\/wp-json\/wp\/v2\/media\/316891"}],"wp:attachment":[{"href":"https:\/\/www.moskito.cz\/fr\/wp-json\/wp\/v2\/media?parent=316909"}],"wp:term":[{"taxonomy":"pwb-brand","embeddable":true,"href":"https:\/\/www.moskito.cz\/fr\/wp-json\/wp\/v2\/pwb-brand?post=316909"},{"taxonomy":"product_brand","embeddable":true,"href":"https:\/\/www.moskito.cz\/fr\/wp-json\/wp\/v2\/product_brand?post=316909"},{"taxonomy":"product_cat","embeddable":true,"href":"https:\/\/www.moskito.cz\/fr\/wp-json\/wp\/v2\/product_cat?post=316909"},{"taxonomy":"product_tag","embeddable":true,"href":"https:\/\/www.moskito.cz\/fr\/wp-json\/wp\/v2\/product_tag?post=316909"}],"curies":[{"name":"wp","href":"https:\/\/api.w.org\/{rel}","templated":true}]}}