{"id":317148,"date":"2023-06-08T15:24:45","date_gmt":"2024-03-14T22:00:41","guid":{"rendered":"https:\/\/www.moskito.cz\/produkt\/couteau-de-tir-microtech-ultratech-stonewashed-merlot-122-11mr\/"},"modified":"2025-05-07T11:04:16","modified_gmt":"2025-05-07T10:04:16","slug":"couteau-de-tir-microtech-ultratech-stonewashed-merlot-122-11mr","status":"publish","type":"product","link":"https:\/\/www.moskito.cz\/fr\/produkt\/couteau-de-tir-microtech-ultratech-stonewashed-merlot-122-11mr\/","title":{"rendered":"Couteau de tir Microtech Ultratech Stonewashed Merlot 122-11MR"},"content":{"rendered":"<p>Couteau de tir <strong>Microtech<\/strong> Ultratech Stonewashed Merlot 122-11MR<\/p>\n<p>Ultratech \u00e9tablira \u00e0 jamais la norme pour tous les couteaux avant. L&rsquo;Ultratech est le couteau avant \u00e0 double action original de Microtech et constitue la base de toute notre gamme OTF. Il a subi plusieurs modifications au fil des ann\u00e9es, devenant \u00e0 chaque fois plus efficace et plus fiable. Le ressort Ultratech reste en position \u00ab\u00a0repos\u00a0\u00bb \u00e0 tout moment, sauf lorsqu&rsquo;il est \u00e9tir\u00e9. Cela garantit que le ressort comprim\u00e9 ne se fatigue pas, garantissant aux utilisateurs que lorsque le couteau est tir\u00e9, il fonctionnera efficacement. L&rsquo;Ultratech peut prendre de nombreuses formes diff\u00e9rentes&nbsp;; peut \u00eatre fini avec une poign\u00e9e standard en aluminium usin\u00e9 ou en fibre de carbone. Le couteau Ultratech l\u00e9ger pr\u00e9sente une ouverture et une fermeture \u00e0 une main, une forme mince et une lame tranchante comme un scalpel, ce qui en fait un couteau unique disponible uniquement chez Microtech. Ce couteau a prouv\u00e9 \u00e0 maintes reprises qu&rsquo;il pouvait r\u00e9sister \u00e0 n&rsquo;importe quel obstacle. Seul le temps nous dira quelle sera la prochaine \u00e9tape pour la gamme Ultratech.<br \/>\nCaract\u00e9ristiques<\/p>\n<p>Ouverture\/fermeture automatique &#8211; ouverture frontale<br \/>\nAction : Double action \u2013 Tir\/r\u00e9traction automatique<br \/>\nVeuillez noter que l&rsquo;acier de la lame ne peut pas \u00eatre sp\u00e9cifi\u00e9 car il peut varier en fonction de la disponibilit\u00e9 (informations de Microtech)<br \/>\nLongueur de la lame : 8,65 cm<br \/>\nStyle de lame&nbsp;:&nbsp;Dague \u00e0 double tranchant, partiellement dentel\u00e9e<br \/>\n\u00c9paisseur du manche : 1,6 cm<br \/>\nMat\u00e9riau de la poign\u00e9e&nbsp;: aluminium 6061-T6 avec rev\u00eatement dur anodis\u00e9 Merlot Mil-Spec<\/p>\n<p>Longueur ferm\u00e9 : 12,1 cm<br \/>\nLongueur ouvert : 21 cm<\/p>\n<p>Acier : M390<\/p>\n<p>Tige standard&nbsp;: alliage 6061-T6 AL<br \/>\nG\u00e2chette&nbsp;:&nbsp;303 inoxydable<br \/>\nBrise-vitre<br \/>\nFabriqu\u00e9 aux \u00c9tats-Unis<\/p>\n<p><iframe title=\"Microtech Combat Troodon Torture Test\" width=\"800\" height=\"450\" src=\"https:\/\/www.youtube.com\/embed\/xE9TeOFYEjg?feature=oembed\" frameborder=\"0\" allow=\"accelerometer; autoplay; clipboard-write; encrypted-media; gyroscope; picture-in-picture; web-share\" allowfullscreen><\/iframe><\/p>\n","protected":false},"excerpt":{"rendered":"<p>Au fil des ann\u00e9es, Microtech\u00ae Knives a rempli les couteaux de passion et de savoir-faire pour cr\u00e9er presque des \u0153uvres d&rsquo;art qui sont le summum de la fonctionnalit\u00e9. Toutes les pi\u00e8ces sont fabriqu\u00e9es aux \u00c9tats-Unis.<br \/>\n<strong>Tous les couteaux Microtech sont garantis \u00e0 vie.<\/strong><\/p>\n<p><strong>Transports gratuits.<\/strong><\/p>\n","protected":false},"featured_media":317167,"comment_status":"open","ping_status":"closed","template":"","meta":[],"pwb-brand":[3751],"product_brand":[],"product_cat":[3699,3696],"product_tag":[3754],"class_list":{"0":"post-317148","1":"product","2":"type-product","3":"status-publish","4":"has-post-thumbnail","6":"pwb-brand-microtechnologie","7":"product_cat-couteaux-de-tir","8":"product_cat-des-couteaux","9":"product_tag-b2b-fr","11":"first","12":"instock","13":"taxable","14":"shipping-taxable","15":"purchasable","16":"product-type-simple"},"brands":[{"id":3751,"name":"Microtechnologie","slug":"microtechnologie"}],"_links":{"self":[{"href":"https:\/\/www.moskito.cz\/fr\/wp-json\/wp\/v2\/product\/317148","targetHints":{"allow":["GET"]}}],"collection":[{"href":"https:\/\/www.moskito.cz\/fr\/wp-json\/wp\/v2\/product"}],"about":[{"href":"https:\/\/www.moskito.cz\/fr\/wp-json\/wp\/v2\/types\/product"}],"replies":[{"embeddable":true,"href":"https:\/\/www.moskito.cz\/fr\/wp-json\/wp\/v2\/comments?post=317148"}],"wp:featuredmedia":[{"embeddable":true,"href":"https:\/\/www.moskito.cz\/fr\/wp-json\/wp\/v2\/media\/317167"}],"wp:attachment":[{"href":"https:\/\/www.moskito.cz\/fr\/wp-json\/wp\/v2\/media?parent=317148"}],"wp:term":[{"taxonomy":"pwb-brand","embeddable":true,"href":"https:\/\/www.moskito.cz\/fr\/wp-json\/wp\/v2\/pwb-brand?post=317148"},{"taxonomy":"product_brand","embeddable":true,"href":"https:\/\/www.moskito.cz\/fr\/wp-json\/wp\/v2\/product_brand?post=317148"},{"taxonomy":"product_cat","embeddable":true,"href":"https:\/\/www.moskito.cz\/fr\/wp-json\/wp\/v2\/product_cat?post=317148"},{"taxonomy":"product_tag","embeddable":true,"href":"https:\/\/www.moskito.cz\/fr\/wp-json\/wp\/v2\/product_tag?post=317148"}],"curies":[{"name":"wp","href":"https:\/\/api.w.org\/{rel}","templated":true}]}}