{"id":317279,"date":"2023-08-11T20:09:39","date_gmt":"2024-03-14T22:00:46","guid":{"rendered":"https:\/\/www.moskito.cz\/produkt\/couteau-de-tir-microtech-ultratech-green-cerakote-122-1cod\/"},"modified":"2025-05-07T11:04:18","modified_gmt":"2025-05-07T10:04:18","slug":"couteau-de-tir-microtech-ultratech-green-cerakote-122-1cod","status":"publish","type":"product","link":"https:\/\/www.moskito.cz\/fr\/produkt\/couteau-de-tir-microtech-ultratech-green-cerakote-122-1cod\/","title":{"rendered":"Couteau de tir Microtech Ultratech Green Cerakote 122-1COD"},"content":{"rendered":"<p>Couteau de tir <strong>Microtech<\/strong> Ultratech Green Cerakote 122-1COD<\/p>\n<p>L&rsquo;Ultratech de Microtech est l&rsquo;un de leurs mod\u00e8les les plus populaires, offrant certainement le meilleur rapport qualit\u00e9-prix. Il \u00e9tablira \u00e0 jamais la norme pour tous les couteaux avant. L&rsquo;Ultratech est le couteau avant double action original de Microtech et constitue la base de toute leur gamme OTF. Il a subi plusieurs modifications au fil des ann\u00e9es, devenant \u00e0 chaque fois plus efficace et plus fiable. Le ressort Ultratech reste en position \u00ab\u00a0repos\u00a0\u00bb \u00e0 tout moment, sauf lorsqu&rsquo;il est \u00e9tir\u00e9. Cela garantit que le ressort comprim\u00e9 ne se fatigue pas, garantissant aux utilisateurs que lorsque le couteau est tir\u00e9, il fonctionnera efficacement. Couteau Ultratech l\u00e9ger avec ouverture et fermeture d&rsquo;une seule main, forme fine et lame de scalpel tranchante en font un couteau unique !<\/p>\n<p>Ce mod\u00e8le est dot\u00e9 d&rsquo;un manche en aluminium 6061 avec une finition Cerakote de couleur verte avec le logo Microtech Claw sur le devant. Lame \u00e0 double tranchant en acier inoxydable OD vert M390 avec rev\u00eatement Cerakote avec bords coupants standard. Mat\u00e9riel vert OD avec finition Cerakote, clip de poche r\u00e9versible, trou pour lani\u00e8re et brise-verre. La lame contient des informations sur le mod\u00e8le. Le clip porte le logo Microtech, le num\u00e9ro de s\u00e9rie et la date de fabrication.<\/p>\n<p>Pays d&rsquo;origine : \u00c9tats-Unis<br \/>\nMat\u00e9riau du manche : Aluminium<br \/>\nMat\u00e9riau de la lame : M390<br \/>\nStyle de lame&nbsp;:&nbsp;Dague \u00e0 double tranchant<br \/>\nFinition de la lame&nbsp;: OD Green<br \/>\nType de bord&nbsp;:&nbsp;Standard<br \/>\nMod\u00e8le\/Motif&nbsp;: Ultratech<br \/>\nType de couteau : OTF automatique double action<br \/>\nType de serrure : avant<br \/>\nLongueur de la lame : 8,45 cm<br \/>\nLongueur du manche : 12,5 cm<br \/>\nPoids : 3,5 onces<\/p>\n<p><iframe title=\"Microtech Combat Troodon Torture Test\" width=\"800\" height=\"450\" src=\"https:\/\/www.youtube.com\/embed\/xE9TeOFYEjg?feature=oembed\" frameborder=\"0\" allow=\"accelerometer; autoplay; clipboard-write; encrypted-media; gyroscope; picture-in-picture; web-share\" allowfullscreen><\/iframe><\/p>\n<p>&nbsp;<\/p>\n<p>&nbsp;<\/p>\n","protected":false},"excerpt":{"rendered":"<p><strong>L&rsquo;Ultratech de Microtech est l&rsquo;un de leurs mod\u00e8les les plus populaires, offrant certainement le meilleur rapport qualit\u00e9-prix.<\/strong><\/p>\n<p><strong>Tous les couteaux Microtech sont garantis \u00e0 vie. Transports gratuits.<\/strong><\/p>\n","protected":false},"featured_media":317296,"comment_status":"open","ping_status":"closed","template":"","meta":[],"pwb-brand":[3751],"product_brand":[],"product_cat":[3699,3696],"product_tag":[3754],"class_list":{"0":"post-317279","1":"product","2":"type-product","3":"status-publish","4":"has-post-thumbnail","6":"pwb-brand-microtechnologie","7":"product_cat-couteaux-de-tir","8":"product_cat-des-couteaux","9":"product_tag-b2b-fr","11":"first","12":"instock","13":"taxable","14":"shipping-taxable","15":"purchasable","16":"product-type-simple"},"brands":[{"id":3751,"name":"Microtechnologie","slug":"microtechnologie"}],"_links":{"self":[{"href":"https:\/\/www.moskito.cz\/fr\/wp-json\/wp\/v2\/product\/317279","targetHints":{"allow":["GET"]}}],"collection":[{"href":"https:\/\/www.moskito.cz\/fr\/wp-json\/wp\/v2\/product"}],"about":[{"href":"https:\/\/www.moskito.cz\/fr\/wp-json\/wp\/v2\/types\/product"}],"replies":[{"embeddable":true,"href":"https:\/\/www.moskito.cz\/fr\/wp-json\/wp\/v2\/comments?post=317279"}],"wp:featuredmedia":[{"embeddable":true,"href":"https:\/\/www.moskito.cz\/fr\/wp-json\/wp\/v2\/media\/317296"}],"wp:attachment":[{"href":"https:\/\/www.moskito.cz\/fr\/wp-json\/wp\/v2\/media?parent=317279"}],"wp:term":[{"taxonomy":"pwb-brand","embeddable":true,"href":"https:\/\/www.moskito.cz\/fr\/wp-json\/wp\/v2\/pwb-brand?post=317279"},{"taxonomy":"product_brand","embeddable":true,"href":"https:\/\/www.moskito.cz\/fr\/wp-json\/wp\/v2\/product_brand?post=317279"},{"taxonomy":"product_cat","embeddable":true,"href":"https:\/\/www.moskito.cz\/fr\/wp-json\/wp\/v2\/product_cat?post=317279"},{"taxonomy":"product_tag","embeddable":true,"href":"https:\/\/www.moskito.cz\/fr\/wp-json\/wp\/v2\/product_tag?post=317279"}],"curies":[{"name":"wp","href":"https:\/\/api.w.org\/{rel}","templated":true}]}}