{"id":317575,"date":"2022-12-18T10:18:14","date_gmt":"2024-03-14T22:02:16","guid":{"rendered":"https:\/\/www.moskito.cz\/produkt\/couteau-de-tir-microtech-ultratech-violet-otf-stonewash-122-10vi\/"},"modified":"2025-05-07T11:04:28","modified_gmt":"2025-05-07T10:04:28","slug":"couteau-de-tir-microtech-ultratech-violet-otf-stonewash-122-10vi","status":"publish","type":"product","link":"https:\/\/www.moskito.cz\/fr\/produkt\/couteau-de-tir-microtech-ultratech-violet-otf-stonewash-122-10vi\/","title":{"rendered":"Couteau de tir Microtech Ultratech Violet OTF Stonewash 122-10VI"},"content":{"rendered":"<p>Couteau de tir <strong>Microtech<\/strong> Ultratech Violet OTF Stonewash 122-10VI.<\/p>\n<p>En tant que mod\u00e8le phare de la gamme OTF de <strong>Microtech<\/strong> , Ultratech\u00ae \u00e9tablit la norme en mati\u00e8re de technologie OTF. Une technologie brevet\u00e9e permet au ressort de d\u00e9clenchement d&rsquo;\u00eatre au repos en position ouverte et ferm\u00e9e, r\u00e9duisant ainsi consid\u00e9rablement l&rsquo;usure des m\u00e9canismes de d\u00e9clenchement internes. La poign\u00e9e du ch\u00e2ssis moul\u00e9 offre une sensation plus l\u00e9g\u00e8re et plus ergonomique et pr\u00e9sente une surface lisse et plate. <strong>Le Microtech<\/strong> Ultratech est le tout premier couteau automatique OTF (de face) fabriqu\u00e9 par <strong>Microtech<\/strong> Knives. Il comporte une lame avec une vari\u00e9t\u00e9 de finitions et de styles de lame. L&rsquo;Ultratech est dot\u00e9 d&rsquo;une poign\u00e9e lisse en aluminium anodis\u00e9 6061-T6 avec clip de poche, brise-verre et quincaillerie en acier inoxydable. Pouce coulissant double action pour un d\u00e9ploiement et une r\u00e9traction automatiques.<\/p>\n<p>Longueur totale : 20,92 cm<br \/>\nLongueur de la lame : 8,42 cm<br \/>\nTranchant : 7,8 cm<br \/>\n\u00c9paisseur de la lame : 0,32 cm<br \/>\nMat\u00e9riau de la lame : Bohler M390<br \/>\nInsertions&nbsp;: plates<br \/>\nType de bordure&nbsp;:&nbsp;Unie<br \/>\nLongueur du manche : 12,5 cm<br \/>\n\u00c9paisseur du manche : 1,17 cm<br \/>\nMat\u00e9riau du manche : aluminium<br \/>\nPoids : 3,37 onces.<br \/>\nUtilisateur&nbsp;:&nbsp;Main droite<br \/>\nClip de poche&nbsp;: rabattable<br \/>\nType de couteau&nbsp;: OTF automatique \u00e0 double action<br \/>\nOuvreur&nbsp;:&nbsp;glissi\u00e8re du pouce<br \/>\nMarque : Microtech<br \/>\nMod\u00e8le : Ultratech<br \/>\nPays d&rsquo;origine : \u00c9tats-Unis<br \/>\nMeilleure utilisation&nbsp;: tous les jours<\/p>\n<p><iframe title=\"Microtech Combat Troodon Torture Test\" width=\"800\" height=\"450\" src=\"https:\/\/www.youtube.com\/embed\/xE9TeOFYEjg?feature=oembed\" frameborder=\"0\" allow=\"accelerometer; autoplay; clipboard-write; encrypted-media; gyroscope; picture-in-picture; web-share\" allowfullscreen><\/iframe><\/p>\n<p>&nbsp;<\/p>\n<p>&nbsp;<\/p>\n","protected":false},"excerpt":{"rendered":"<p><strong>Au fil des ann\u00e9es, Microtech\u00ae Knives a rempli les couteaux avec passion et comp\u00e9tence pour cr\u00e9er presque des \u0153uvres d&rsquo;art qui sont le summum de la fonctionnalit\u00e9. Toutes les pi\u00e8ces sont fabriqu\u00e9es aux \u00c9tats-Unis.<\/strong><br \/>\n<strong>Tous les couteaux Microtech sont garantis \u00e0 vie.<\/strong><\/p>\n<p><strong>Transports gratuits.<\/strong><\/p>\n","protected":false},"featured_media":349692,"comment_status":"open","ping_status":"closed","template":"","meta":[],"pwb-brand":[3751],"product_brand":[],"product_cat":[3699,3696],"product_tag":[3754],"class_list":{"0":"post-317575","1":"product","2":"type-product","3":"status-publish","4":"has-post-thumbnail","6":"pwb-brand-microtechnologie","7":"product_cat-couteaux-de-tir","8":"product_cat-des-couteaux","9":"product_tag-b2b-fr","11":"first","12":"instock","13":"taxable","14":"shipping-taxable","15":"purchasable","16":"product-type-simple"},"brands":[{"id":3751,"name":"Microtechnologie","slug":"microtechnologie"}],"_links":{"self":[{"href":"https:\/\/www.moskito.cz\/fr\/wp-json\/wp\/v2\/product\/317575","targetHints":{"allow":["GET"]}}],"collection":[{"href":"https:\/\/www.moskito.cz\/fr\/wp-json\/wp\/v2\/product"}],"about":[{"href":"https:\/\/www.moskito.cz\/fr\/wp-json\/wp\/v2\/types\/product"}],"replies":[{"embeddable":true,"href":"https:\/\/www.moskito.cz\/fr\/wp-json\/wp\/v2\/comments?post=317575"}],"wp:featuredmedia":[{"embeddable":true,"href":"https:\/\/www.moskito.cz\/fr\/wp-json\/wp\/v2\/media\/349692"}],"wp:attachment":[{"href":"https:\/\/www.moskito.cz\/fr\/wp-json\/wp\/v2\/media?parent=317575"}],"wp:term":[{"taxonomy":"pwb-brand","embeddable":true,"href":"https:\/\/www.moskito.cz\/fr\/wp-json\/wp\/v2\/pwb-brand?post=317575"},{"taxonomy":"product_brand","embeddable":true,"href":"https:\/\/www.moskito.cz\/fr\/wp-json\/wp\/v2\/product_brand?post=317575"},{"taxonomy":"product_cat","embeddable":true,"href":"https:\/\/www.moskito.cz\/fr\/wp-json\/wp\/v2\/product_cat?post=317575"},{"taxonomy":"product_tag","embeddable":true,"href":"https:\/\/www.moskito.cz\/fr\/wp-json\/wp\/v2\/product_tag?post=317575"}],"curies":[{"name":"wp","href":"https:\/\/api.w.org\/{rel}","templated":true}]}}