{"id":317626,"date":"2022-04-03T21:05:21","date_gmt":"2024-03-14T22:02:19","guid":{"rendered":"https:\/\/www.moskito.cz\/produkt\/couteau-de-tir-microtech-ultratech-stonewashed-122-12\/"},"modified":"2025-05-07T11:04:28","modified_gmt":"2025-05-07T10:04:28","slug":"couteau-de-tir-microtech-ultratech-stonewashed-122-12","status":"publish","type":"product","link":"https:\/\/www.moskito.cz\/fr\/produkt\/couteau-de-tir-microtech-ultratech-stonewashed-122-12\/","title":{"rendered":"Couteau de tir Microtech Ultratech Stonewashed 122-12"},"content":{"rendered":"<p>Couteau de tir <strong>Microtech<\/strong> Ultratech Stonewashed 122-12.<\/p>\n<p><strong>Ultratech<\/strong> \u00e9tablira \u00e0 jamais la norme pour tous les couteaux avant. L&rsquo;Ultratech est le couteau avant double action original de Microtech et constitue la base de toute leur gamme OTF. Il a subi plusieurs modifications au fil des ann\u00e9es, devenant \u00e0 chaque fois plus efficace et plus fiable. Cette version dispose d&rsquo;une poign\u00e9e moul\u00e9e am\u00e9lior\u00e9e avec une glissi\u00e8re de pouce textur\u00e9e pour un achat plus positif. Le ressort Ultratech reste en position \u00ab\u00a0repos\u00a0\u00bb \u00e0 tout moment, sauf lorsqu&rsquo;il est \u00e9tir\u00e9. Cela garantit que le ressort comprim\u00e9 ne se fatigue pas, garantissant aux utilisateurs que lorsque le couteau est tir\u00e9, il fonctionnera efficacement. L&rsquo;Ultratech peut prendre de nombreuses formes diff\u00e9rentes&nbsp;; il peut \u00eatre fini avec une plaque d&rsquo;aluminium usin\u00e9e standard ou un morceau de fibre de carbone. Le poids l\u00e9ger de l&rsquo;Ultratech, son ouverture et sa fermeture d&rsquo;une seule main, son design mince et sa lame tranchante comme un scalpel en font un couteau unique disponible uniquement via Microtech. Ce couteau a prouv\u00e9 \u00e0 maintes reprises qu&rsquo;il pouvait r\u00e9sister \u00e0 n&rsquo;importe quel obstacle. Seul le temps nous dira quelle sera la prochaine \u00e9tape pour la gamme Ultratech.<\/p>\n<p>Caract\u00e9ristiques<br \/>\nOuverture\/fermeture automatique &#8211; ouverture frontale<br \/>\nAction : double action \u2013 tir\/r\u00e9traction automatique.<br \/>\nVeuillez noter que l&rsquo;acier de la lame ne peut pas \u00eatre sp\u00e9cifi\u00e9 car il peut varier en fonction de la disponibilit\u00e9 (informations de Microtech)<\/p>\n<p>Longueur totale : 20,92 cm<br \/>\nLongueur de la lame : 8,42 cm<br \/>\nTranchant : 7,8 cm<br \/>\n\u00c9paisseur de la lame : 0,32 cm<br \/>\nMat\u00e9riau de la lame : Bohler M390<br \/>\nInsertions&nbsp;: plates<br \/>\nType de bordure&nbsp;:&nbsp;Unie<br \/>\nLongueur du manche : 12,5 cm<br \/>\n\u00c9paisseur du manche : 1,17 cm<br \/>\nMat\u00e9riau du manche : aluminium<br \/>\nPoids : 3,37 onces.<br \/>\nUtilisateur&nbsp;:&nbsp;Main droite<br \/>\nClip de poche&nbsp;: rabattable<br \/>\nType de couteau&nbsp;: OTF automatique \u00e0 double action<br \/>\nOuvreur&nbsp;:&nbsp;glissi\u00e8re du pouce<br \/>\nMarque : Microtech<br \/>\nMod\u00e8le : Ultratech<br \/>\nPays d&rsquo;origine : \u00c9tats-Unis<br \/>\nMeilleure utilisation&nbsp;: tous les jours<\/p>\n<p><iframe title=\"Microtech Combat Troodon Torture Test\" width=\"800\" height=\"450\" src=\"https:\/\/www.youtube.com\/embed\/xE9TeOFYEjg?feature=oembed\" frameborder=\"0\" allow=\"accelerometer; autoplay; clipboard-write; encrypted-media; gyroscope; picture-in-picture; web-share\" allowfullscreen><\/iframe><\/p>\n<p>&nbsp;<\/p>\n<p>L&rsquo;Ultratech \u00e9tablira \u00e0 jamais la norme pour tous les couteaux d&rsquo;avant-garde. Ultratech est le couteau original \u00e0 double action de Microtech et a \u00e9t\u00e9 la base de toute leur gamme OTF. Au fil des ann\u00e9es, il a subi plusieurs modifications, devenant \u00e0 chaque fois plus efficace et plus fiable. Cette version est dot\u00e9e d&rsquo;une poign\u00e9e profil\u00e9e am\u00e9lior\u00e9e avec une glissi\u00e8re de pouce textur\u00e9e pour un achat plus positif. Le ressort de l&rsquo;Ultratech reste en position \u00ab&nbsp;au repos&nbsp;\u00bb \u00e0 tout moment, sauf lorsqu&rsquo;il est d\u00e9ploy\u00e9. Cela garantit que le ressort comprim\u00e9 ne se fatiguera pas, garantissant aux utilisateurs que lorsque le couteau sera tir\u00e9, il fonctionnera efficacement. L&rsquo;Ultratech peut prendre de nombreuses formes diff\u00e9rentes&nbsp;; il peut \u00eatre surmont\u00e9 d&rsquo;un dessus en aluminium usin\u00e9 standard ou d&rsquo;un morceau de fibre de carbone. Le poids l\u00e9ger de l&rsquo;Ultratech, son action d&rsquo;ouverture et de fermeture d&rsquo;une seule main, sa forme mince et sa lame tranchante de scalpel en font un couteau unique en son genre, disponible uniquement via Microtech. Ce couteau a prouv\u00e9 \u00e0 maintes reprises qu&rsquo;il pouvait r\u00e9sister \u00e0 n&rsquo;importe quel obstacle. Seul le temps nous dira quelle sera la prochaine \u00e9tape pour la s\u00e9rie Ultratech.<\/p>\n<p>Caract\u00e9ristiques<br \/>\nOuverture\/Fermeture Automatique &#8211; Ouverture Frontale<br \/>\nAction : double action \u2013 tir\/r\u00e9traction automatique.<br \/>\nAttention, l&rsquo;acier de la lame ne peut pas \u00eatre pr\u00e9cis\u00e9 car il peut changer selon la disponibilit\u00e9 (informations Microtech)<br \/>\nLongueur de la lame : 3,46&Prime;<br \/>\nStyle de lame&nbsp;: d\u00e9lav\u00e9 \u00e0 la pierre, double tranchant, uni\/dentel\u00e9, poignard<br \/>\n\u00c9paisseur du manche&nbsp;: 0,640&Prime;<br \/>\nMat\u00e9riau du manche&nbsp;: 6061-T6 avec anodisation \u00e0 couche dure noire Mil-Spec<br \/>\nLongueur ferm\u00e9&nbsp;: 4,84&nbsp;\u00a0\u00bb<br \/>\nLongueur ouverte : 8,30&Prime;<br \/>\nMat\u00e9riau du clip de poche&nbsp;:&nbsp;301 inoxydable enti\u00e8rement dur<br \/>\nDessus standard&nbsp;: alliage AL 6061-T6<br \/>\nG\u00e2chette&nbsp;:&nbsp;303 inoxydable<br \/>\nBriseur de fen\u00eatre<br \/>\nFabriqu\u00e9 aux Etats-Unis<\/p>\n","protected":false},"excerpt":{"rendered":"<p>Au fil des ann\u00e9es, Microtech\u00ae Knives a rempli les couteaux avec passion et comp\u00e9tence pour cr\u00e9er presque des \u0153uvres d&rsquo;art qui sont le summum de la fonctionnalit\u00e9. Toutes les pi\u00e8ces sont fabriqu\u00e9es aux \u00c9tats-Unis.<br \/>\n<strong>Tous les couteaux Microtech sont garantis \u00e0 vie.<\/strong><\/p>\n<p><strong>Transports gratuits.<\/strong><\/p>\n","protected":false},"featured_media":317641,"comment_status":"open","ping_status":"closed","template":"","meta":[],"pwb-brand":[3751],"product_brand":[],"product_cat":[3699,3696],"product_tag":[3754],"class_list":{"0":"post-317626","1":"product","2":"type-product","3":"status-publish","4":"has-post-thumbnail","6":"pwb-brand-microtechnologie","7":"product_cat-couteaux-de-tir","8":"product_cat-des-couteaux","9":"product_tag-b2b-fr","11":"first","12":"instock","13":"taxable","14":"shipping-taxable","15":"purchasable","16":"product-type-simple"},"brands":[{"id":3751,"name":"Microtechnologie","slug":"microtechnologie"}],"_links":{"self":[{"href":"https:\/\/www.moskito.cz\/fr\/wp-json\/wp\/v2\/product\/317626","targetHints":{"allow":["GET"]}}],"collection":[{"href":"https:\/\/www.moskito.cz\/fr\/wp-json\/wp\/v2\/product"}],"about":[{"href":"https:\/\/www.moskito.cz\/fr\/wp-json\/wp\/v2\/types\/product"}],"replies":[{"embeddable":true,"href":"https:\/\/www.moskito.cz\/fr\/wp-json\/wp\/v2\/comments?post=317626"}],"wp:featuredmedia":[{"embeddable":true,"href":"https:\/\/www.moskito.cz\/fr\/wp-json\/wp\/v2\/media\/317641"}],"wp:attachment":[{"href":"https:\/\/www.moskito.cz\/fr\/wp-json\/wp\/v2\/media?parent=317626"}],"wp:term":[{"taxonomy":"pwb-brand","embeddable":true,"href":"https:\/\/www.moskito.cz\/fr\/wp-json\/wp\/v2\/pwb-brand?post=317626"},{"taxonomy":"product_brand","embeddable":true,"href":"https:\/\/www.moskito.cz\/fr\/wp-json\/wp\/v2\/product_brand?post=317626"},{"taxonomy":"product_cat","embeddable":true,"href":"https:\/\/www.moskito.cz\/fr\/wp-json\/wp\/v2\/product_cat?post=317626"},{"taxonomy":"product_tag","embeddable":true,"href":"https:\/\/www.moskito.cz\/fr\/wp-json\/wp\/v2\/product_tag?post=317626"}],"curies":[{"name":"wp","href":"https:\/\/api.w.org\/{rel}","templated":true}]}}